{"id":102408,"date":"2017-03-22T23:13:05","date_gmt":"2017-03-22T23:13:05","guid":{"rendered":"http:\/\/keramika.holest.com\/slovenija\/product\/pravokotni-vgradni-umivalnik-tabarca-square\/"},"modified":"2026-01-02T00:01:28","modified_gmt":"2026-01-02T00:01:28","slug":"pravokotni-vgradni-umivalnik-tabarca-square","status":"publish","type":"product","link":"https:\/\/www.keramika.com\/slovenija\/pravokotni-vgradni-umivalnik-tabarca-square\/","title":{"rendered":"Pravokotni vgradni umivalnik Tabarca Square"},"content":{"rendered":"<p>Umivalnik Tabarca Square<br \/>Monta\u017ea v pult oziroma delovno povr\u0161ino.                      <br \/>Koda izdelka :  118830<br \/>Material : Porcelan, enostavno \u010di\u0161\u010denje, dolga \u017eivljenjska doba.<br \/>Dimenzije : 355x355x153<br \/>Te\u017ea:  3,5 kg <br \/>Posami\u010dno pakiranje v kartonsko embala\u017eo.<\/p>\n<p>Armatura Tube<br \/>Koda izdelka : 5310300<br \/>Material : Medenina, povr\u0161inska obdelava krom<br \/>Dimenzije : 45x165x155<br \/>Te\u017ea:  2,5 kg <br \/>Cena : Po dogovoru <br \/><a class=\"pdfcatal\" href=\"\/\/www.keramika.com\/pdf\/e-ceramica\/special_wash_basin_catalogue.pdf\">Cenik in katalog za umivalnike <\/a><\/p>\n<p><strong>Za veleprodajno ceno nas kontaktirajte na: <a href=\"mailto:keramoteka.salon@gmail.com\">keramoteka.salon@gmail.com<\/a><\/strong><\/p>\n<p>Technical description: Product ID: 118830<a class=\"pdfcatal\" href=\"\/\/www.keramika.com\/pdf\/e-ceramica\/sanitary_ware_catalogue.pdf \">Sanitary Ware Catalogue <\/a><br \/><a class=\"pdfcatal\" href=\"\/\/www.keramika.com\/pdf\/e-ceramica\/handicaps_sanitary_ware_catalogue.pdf\">Handicaps Sanitary Ware Catalogue <\/a><br \/><a class=\"pdfcatal\" href=\"\/\/www.keramika.com\/pdf\/e-ceramica\/children's_sanitary_ware_catalogue.pdf\">Children&#8217;s Sanitary Ware Catalogue <\/a><br \/><a class=\"pdfcatal\" href=\"\/\/www.keramika.com\/pdf\/e-ceramica\/special_wash_basin_catalogue.pdf\">Special Wash Basin Catalogue <\/a><br \/><a class=\"pdfcatal\" href=\"\/\/www.keramika.com\/pdf\/e-ceramica\/shower_trays_catalogue.pdf\">Shower Trays Catalogue <\/a><br \/><a class=\"pdfcatal\" href=\"\/\/www.keramika.com\/pdf\/e-ceramica\/shower_doors&#038;cabins_catalogue.pdf\">Shower Doors&#038;Cabins Catalogue <\/a><br \/><a class=\"pdfcatal\" href=\"\/\/www.keramika.com\/pdf\/e-ceramica\/mixers.pdf\">Mixers <\/a><br \/><a class=\"pdfcatal\" href=\"\/\/www.keramika.com\/pdf\/e-ceramica\/bathroom_accessories_catalogue.pdf\">Bathroom Accessories Catalogue <\/a><br \/><a class=\"pdfcatal\" href=\"\/\/www.keramika.com\/pdf\/e-ceramica\/bathtubs_catalogue.pdf\">Bathtubs Catalogue <\/a><br \/><a class=\"pdfcatal\" href=\"\/\/www.keramika.com\/pdf\/e-ceramica\/hydromassage_catalogue.pdf\">Hydromassage Catalogue <\/a><br \/><a class=\"pdfcatal\" href=\"\/\/www.keramika.com\/pdf\/e-ceramica\/bathroom_furniture_catalogue.pdf\">Bathroom Furniture Catalogue<\/a><br \/><a class=\"pdfcatal\" href=\"\/\/www.keramika.com\/pdf\/e-ceramica\/inox_sanitary_ware.pdf\">Stainless steel sanitary ware catalogue <\/a><br ><\/p>\n","protected":false},"excerpt":{"rendered":"<p>Umivalnik Tabarca SquareMonta\u017ea v pult oziroma delovno povr\u0161ino. Koda izdelka : 118830Material : Porcelan, enostavno \u010di\u0161\u010denje, dolga \u017eivljenjska doba.Dimenzije : 355x355x153Te\u017ea: 3,5 kg Posami\u010dno pakiranje v kartonsko embala\u017eo. Armatura TubeKoda izdelka : 5310300Material : Medenina, povr\u0161inska obdelava kromDimenzije : 45x165x155Te\u017ea: 2,5 kg Cena : Po dogovoru Cenik in katalog za umivalnike Za veleprodajno ceno nas [&hellip;]<\/p>\n","protected":false},"featured_media":102409,"template":"","meta":[],"product_cat":[500,999,9991580,510,514],"product_tag":[],"_links":{"self":[{"href":"https:\/\/www.keramika.com\/slovenija\/wp-json\/wp\/v2\/product\/102408"}],"collection":[{"href":"https:\/\/www.keramika.com\/slovenija\/wp-json\/wp\/v2\/product"}],"about":[{"href":"https:\/\/www.keramika.com\/slovenija\/wp-json\/wp\/v2\/types\/product"}],"wp:featuredmedia":[{"embeddable":true,"href":"https:\/\/www.keramika.com\/slovenija\/wp-json\/wp\/v2\/media\/102409"}],"wp:attachment":[{"href":"https:\/\/www.keramika.com\/slovenija\/wp-json\/wp\/v2\/media?parent=102408"}],"wp:term":[{"taxonomy":"product_cat","embeddable":true,"href":"https:\/\/www.keramika.com\/slovenija\/wp-json\/wp\/v2\/product_cat?post=102408"},{"taxonomy":"product_tag","embeddable":true,"href":"https:\/\/www.keramika.com\/slovenija\/wp-json\/wp\/v2\/product_tag?post=102408"}],"curies":[{"name":"wp","href":"https:\/\/api.w.org\/{rel}","templated":true}]}}