{"id":102402,"date":"2017-03-22T23:12:58","date_gmt":"2017-03-22T23:12:58","guid":{"rendered":"http:\/\/keramika.holest.com\/slovenija\/product\/nadgradni-umivalnik-novelda\/"},"modified":"2026-01-02T00:01:27","modified_gmt":"2026-01-02T00:01:27","slug":"nadgradni-umivalnik-novelda","status":"publish","type":"product","link":"https:\/\/www.keramika.com\/slovenija\/nadgradni-umivalnik-novelda\/","title":{"rendered":"Nadgradni umivalnik Novelda"},"content":{"rendered":"<p>Umivalnik Novelda <br \/>Monta\u017ea na plo\u0161\u010do ali pripadajo\u010d element. Z odprtino za pipo.<br \/>Dimenzije : 505x450x95<br \/>Koda izdelka : 118800<br \/>Material: Keramika, odporno na kemikalije, dolga \u017eivljenjska doba.<br \/>Te\u017ea 12,7 kg<\/p>\n<p>Armatura za umivalnik Icone<br \/>Koda izdelka : 5500300  Cena : Po dogovoru<br \/>Armatura je pakirana v kartonsko embala\u017eo, te\u017ea : 2,3 kg.<br \/><a class=\"pdfcatal\" href=\"\/\/www.keramika.com\/pdf\/e-ceramica\/special_wash_basin_catalogue.pdf\">Cenik in katalog za umivalnike <\/a><\/p>\n<p><strong>Za veleprodajno ceno nas kontaktirajte na: <a href=\"mailto:keramoteka.salon@gmail.com\">keramoteka.salon@gmail.com<\/a><\/strong><\/p>\n<p>Technical description: Product ID: 118800<a class=\"pdfcatal\" href=\"\/\/www.keramika.com\/pdf\/e-ceramica\/sanitary_ware_catalogue.pdf \">Sanitary Ware Catalogue <\/a><br \/><a class=\"pdfcatal\" href=\"\/\/www.keramika.com\/pdf\/e-ceramica\/handicaps_sanitary_ware_catalogue.pdf\">Handicaps Sanitary Ware Catalogue <\/a><br \/><a class=\"pdfcatal\" href=\"\/\/www.keramika.com\/pdf\/e-ceramica\/children's_sanitary_ware_catalogue.pdf\">Children&#8217;s Sanitary Ware Catalogue <\/a><br \/><a class=\"pdfcatal\" href=\"\/\/www.keramika.com\/pdf\/e-ceramica\/special_wash_basin_catalogue.pdf\">Special Wash Basin Catalogue <\/a><br \/><a class=\"pdfcatal\" href=\"\/\/www.keramika.com\/pdf\/e-ceramica\/shower_trays_catalogue.pdf\">Shower Trays Catalogue <\/a><br \/><a class=\"pdfcatal\" href=\"\/\/www.keramika.com\/pdf\/e-ceramica\/shower_doors&#038;cabins_catalogue.pdf\">Shower Doors&#038;Cabins Catalogue <\/a><br \/><a class=\"pdfcatal\" href=\"\/\/www.keramika.com\/pdf\/e-ceramica\/mixers.pdf\">Mixers <\/a><br \/><a class=\"pdfcatal\" href=\"\/\/www.keramika.com\/pdf\/e-ceramica\/bathroom_accessories_catalogue.pdf\">Bathroom Accessories Catalogue <\/a><br \/><a class=\"pdfcatal\" href=\"\/\/www.keramika.com\/pdf\/e-ceramica\/bathtubs_catalogue.pdf\">Bathtubs Catalogue <\/a><br \/><a class=\"pdfcatal\" href=\"\/\/www.keramika.com\/pdf\/e-ceramica\/hydromassage_catalogue.pdf\">Hydromassage Catalogue <\/a><br \/><a class=\"pdfcatal\" href=\"\/\/www.keramika.com\/pdf\/e-ceramica\/bathroom_furniture_catalogue.pdf\">Bathroom Furniture Catalogue<\/a><br \/><a class=\"pdfcatal\" href=\"\/\/www.keramika.com\/pdf\/e-ceramica\/inox_sanitary_ware.pdf\">Stainless steel sanitary ware catalogue <\/a><br ><\/p>\n","protected":false},"excerpt":{"rendered":"<p>Umivalnik Novelda Monta\u017ea na plo\u0161\u010do ali pripadajo\u010d element. Z odprtino za pipo.Dimenzije : 505x450x95Koda izdelka : 118800Material: Keramika, odporno na kemikalije, dolga \u017eivljenjska doba.Te\u017ea 12,7 kg Armatura za umivalnik IconeKoda izdelka : 5500300 Cena : Po dogovoruArmatura je pakirana v kartonsko embala\u017eo, te\u017ea : 2,3 kg.Cenik in katalog za umivalnike Za veleprodajno ceno nas kontaktirajte [&hellip;]<\/p>\n","protected":false},"featured_media":102403,"template":"","meta":[],"product_cat":[500,999,9991580,510,514],"product_tag":[],"_links":{"self":[{"href":"https:\/\/www.keramika.com\/slovenija\/wp-json\/wp\/v2\/product\/102402"}],"collection":[{"href":"https:\/\/www.keramika.com\/slovenija\/wp-json\/wp\/v2\/product"}],"about":[{"href":"https:\/\/www.keramika.com\/slovenija\/wp-json\/wp\/v2\/types\/product"}],"wp:featuredmedia":[{"embeddable":true,"href":"https:\/\/www.keramika.com\/slovenija\/wp-json\/wp\/v2\/media\/102403"}],"wp:attachment":[{"href":"https:\/\/www.keramika.com\/slovenija\/wp-json\/wp\/v2\/media?parent=102402"}],"wp:term":[{"taxonomy":"product_cat","embeddable":true,"href":"https:\/\/www.keramika.com\/slovenija\/wp-json\/wp\/v2\/product_cat?post=102402"},{"taxonomy":"product_tag","embeddable":true,"href":"https:\/\/www.keramika.com\/slovenija\/wp-json\/wp\/v2\/product_tag?post=102402"}],"curies":[{"name":"wp","href":"https:\/\/api.w.org\/{rel}","templated":true}]}}