{"id":102388,"date":"2017-03-22T23:12:40","date_gmt":"2017-03-22T23:12:40","guid":{"rendered":"http:\/\/keramika.holest.com\/slovenija\/product\/nadgradni-umivalnik-lorcha\/"},"modified":"2026-01-02T00:01:25","modified_gmt":"2026-01-02T00:01:25","slug":"nadgradni-umivalnik-lorcha","status":"publish","type":"product","link":"https:\/\/www.keramika.com\/slovenija\/nadgradni-umivalnik-lorcha\/","title":{"rendered":"Nadgradni umivalnik Lorcha"},"content":{"rendered":"<p>Umivalnik Lorcha<br \/>Vgradnja na pult ali delovno povr\u0161ino. Z odprtino za pipo.<br \/>Koda izdelka : 118720<br \/>Material : Porcelan zagotavlja enostavno \u010di\u0161\u010denje in dolgo \u017eivljenjsko dobo.<br \/>Dimenzije : \u00d8465&#215;190<br \/>Te\u017ea: 11,3 kg<br \/><a class=\"pdfcatal\" href=\"\/\/www.keramika.com\/pdf\/e-ceramica\/special_wash_basin_catalogue.pdf\">Cenik in katalog za umivalnike <\/a><\/p>\n<p><strong>Za veleprodajno ceno nas kontaktirajte na: <a href=\"mailto:keramoteka.salon@gmail.com\">keramoteka.salon@gmail.com<\/a><\/strong><\/p>\n<p>Technical description: Product ID: 118720<a class=\"pdfcatal\" href=\"\/\/www.keramika.com\/pdf\/e-ceramica\/sanitary_ware_catalogue.pdf \">Sanitary Ware Catalogue <\/a><br \/><a class=\"pdfcatal\" href=\"\/\/www.keramika.com\/pdf\/e-ceramica\/handicaps_sanitary_ware_catalogue.pdf\">Handicaps Sanitary Ware Catalogue <\/a><br \/><a class=\"pdfcatal\" href=\"\/\/www.keramika.com\/pdf\/e-ceramica\/children's_sanitary_ware_catalogue.pdf\">Children&#8217;s Sanitary Ware Catalogue <\/a><br \/><a class=\"pdfcatal\" href=\"\/\/www.keramika.com\/pdf\/e-ceramica\/special_wash_basin_catalogue.pdf\">Special Wash Basin Catalogue <\/a><br \/><a class=\"pdfcatal\" href=\"\/\/www.keramika.com\/pdf\/e-ceramica\/shower_trays_catalogue.pdf\">Shower Trays Catalogue <\/a><br \/><a class=\"pdfcatal\" href=\"\/\/www.keramika.com\/pdf\/e-ceramica\/shower_doors&#038;cabins_catalogue.pdf\">Shower Doors&#038;Cabins Catalogue <\/a><br \/><a class=\"pdfcatal\" href=\"\/\/www.keramika.com\/pdf\/e-ceramica\/mixers.pdf\">Mixers <\/a><br \/><a class=\"pdfcatal\" href=\"\/\/www.keramika.com\/pdf\/e-ceramica\/bathroom_accessories_catalogue.pdf\">Bathroom Accessories Catalogue <\/a><br \/><a class=\"pdfcatal\" href=\"\/\/www.keramika.com\/pdf\/e-ceramica\/bathtubs_catalogue.pdf\">Bathtubs Catalogue <\/a><br \/><a class=\"pdfcatal\" href=\"\/\/www.keramika.com\/pdf\/e-ceramica\/hydromassage_catalogue.pdf\">Hydromassage Catalogue <\/a><br \/><a class=\"pdfcatal\" href=\"\/\/www.keramika.com\/pdf\/e-ceramica\/bathroom_furniture_catalogue.pdf\">Bathroom Furniture Catalogue<\/a><br \/><a class=\"pdfcatal\" href=\"\/\/www.keramika.com\/pdf\/e-ceramica\/inox_sanitary_ware.pdf\">Stainless steel sanitary ware catalogue <\/a><br ><\/p>\n","protected":false},"excerpt":{"rendered":"<p>Umivalnik LorchaVgradnja na pult ali delovno povr\u0161ino. Z odprtino za pipo.Koda izdelka : 118720Material : Porcelan zagotavlja enostavno \u010di\u0161\u010denje in dolgo \u017eivljenjsko dobo.Dimenzije : \u00d8465&#215;190Te\u017ea: 11,3 kgCenik in katalog za umivalnike Za veleprodajno ceno nas kontaktirajte na: keramoteka.salon@gmail.com Technical description: Product ID: 118720Sanitary Ware Catalogue Handicaps Sanitary Ware Catalogue Children&#8217;s Sanitary Ware Catalogue Special Wash [&hellip;]<\/p>\n","protected":false},"featured_media":102389,"template":"","meta":[],"product_cat":[500,999,9991580,510,514],"product_tag":[],"_links":{"self":[{"href":"https:\/\/www.keramika.com\/slovenija\/wp-json\/wp\/v2\/product\/102388"}],"collection":[{"href":"https:\/\/www.keramika.com\/slovenija\/wp-json\/wp\/v2\/product"}],"about":[{"href":"https:\/\/www.keramika.com\/slovenija\/wp-json\/wp\/v2\/types\/product"}],"wp:featuredmedia":[{"embeddable":true,"href":"https:\/\/www.keramika.com\/slovenija\/wp-json\/wp\/v2\/media\/102389"}],"wp:attachment":[{"href":"https:\/\/www.keramika.com\/slovenija\/wp-json\/wp\/v2\/media?parent=102388"}],"wp:term":[{"taxonomy":"product_cat","embeddable":true,"href":"https:\/\/www.keramika.com\/slovenija\/wp-json\/wp\/v2\/product_cat?post=102388"},{"taxonomy":"product_tag","embeddable":true,"href":"https:\/\/www.keramika.com\/slovenija\/wp-json\/wp\/v2\/product_tag?post=102388"}],"curies":[{"name":"wp","href":"https:\/\/api.w.org\/{rel}","templated":true}]}}