{"id":102298,"date":"2017-03-22T23:11:09","date_gmt":"2017-03-22T23:11:09","guid":{"rendered":"http:\/\/keramika.holest.com\/slovenija\/product\/stojeca-wc-skoljka-newday-fd\/"},"modified":"2026-01-02T00:01:13","modified_gmt":"2026-01-02T00:01:13","slug":"stojeca-wc-skoljka-newday-fd","status":"publish","type":"product","link":"https:\/\/www.keramika.com\/slovenija\/stojeca-wc-skoljka-newday-fd\/","title":{"rendered":"Stoje\u010da WC \u0161koljka Newday F\/D"},"content":{"rendered":"<p>WC \u0161koljka New Day<br \/>Koda izdelka : 113011 <br \/>Material : Porcelan, visoka kvaliteta zagotavlja enostavno \u010di\u0161\u010denje in dolgo \u017eivljenjsko dobo.<br \/>Dimenzije : 380x570x400<br \/>Te\u017ea:  26,2 kg<br \/>Mo\u017enost odtoka v tla ali steno. Mehanizem za WC \u0161koljko z mo\u017enostjo izpusta 3 ali 6 litrov vode vklju\u010den.<\/p>\n<p>Deska za WC \u0161koljko s po\u010dasnim zapiranjem<br \/>Koda izdelka : 21331 Cena : Po dogovoru <br \/>Te\u017ea 2,7 kg<br \/>Te\u010daji iz nerjave\u010dega jekla. Popolno prileganje, vgrajen mehanizem omogo\u010da po\u010dasno in tiho zapiranje (slowclose).<\/p>\n<p>Deska za WC \u0161koljko <br \/>Koda izdelka : 21311 Cena : Po dogovoru<br \/>Te\u017ea 2,6 kg<br \/>Te\u010daji iz nerjave\u010dega jekla. Popolno prileganje.<br \/>Vsi elementi so posami\u010dno pakirani v kartonsko embala\u017eo.<br \/><a class=\"pdfcatal\" href=\"\/\/www.keramika.com\/pdf\/e-ceramica\/sanitary_ware_catalogue.pdf\">Cenik in katalog za sanitarno keramiko <\/a><\/p>\n<p><strong>Za veleprodajno ceno nas kontaktirajte na: <a href=\"mailto:keramoteka.salon@gmail.com\">keramoteka.salon@gmail.com<\/a><\/strong><\/p>\n<p>Technical description: Product ID: 113011<a class=\"pdfcatal\" href=\"\/\/www.keramika.com\/pdf\/e-ceramica\/sanitary_ware_catalogue.pdf \">Sanitary Ware Catalogue <\/a><br \/><a class=\"pdfcatal\" href=\"\/\/www.keramika.com\/pdf\/e-ceramica\/handicaps_sanitary_ware_catalogue.pdf\">Handicaps Sanitary Ware Catalogue <\/a><br \/><a class=\"pdfcatal\" href=\"\/\/www.keramika.com\/pdf\/e-ceramica\/children's_sanitary_ware_catalogue.pdf\">Children&#8217;s Sanitary Ware Catalogue <\/a><br \/><a class=\"pdfcatal\" href=\"\/\/www.keramika.com\/pdf\/e-ceramica\/special_wash_basin_catalogue.pdf\">Special Wash Basin Catalogue <\/a><br \/><a class=\"pdfcatal\" href=\"\/\/www.keramika.com\/pdf\/e-ceramica\/shower_trays_catalogue.pdf\">Shower Trays Catalogue <\/a><br \/><a class=\"pdfcatal\" href=\"\/\/www.keramika.com\/pdf\/e-ceramica\/shower_doors&#038;cabins_catalogue.pdf\">Shower Doors&#038;Cabins Catalogue <\/a><br \/><a class=\"pdfcatal\" href=\"\/\/www.keramika.com\/pdf\/e-ceramica\/mixers.pdf\">Mixers <\/a><br \/><a class=\"pdfcatal\" href=\"\/\/www.keramika.com\/pdf\/e-ceramica\/bathroom_accessories_catalogue.pdf\">Bathroom Accessories Catalogue <\/a><br \/><a class=\"pdfcatal\" href=\"\/\/www.keramika.com\/pdf\/e-ceramica\/bathtubs_catalogue.pdf\">Bathtubs Catalogue <\/a><br \/><a class=\"pdfcatal\" href=\"\/\/www.keramika.com\/pdf\/e-ceramica\/hydromassage_catalogue.pdf\">Hydromassage Catalogue <\/a><br \/><a class=\"pdfcatal\" href=\"\/\/www.keramika.com\/pdf\/e-ceramica\/bathroom_furniture_catalogue.pdf\">Bathroom Furniture Catalogue<\/a><br \/><a class=\"pdfcatal\" href=\"\/\/www.keramika.com\/pdf\/e-ceramica\/inox_sanitary_ware.pdf\">Stainless steel sanitary ware catalogue <\/a><br ><\/p>\n","protected":false},"excerpt":{"rendered":"<p>WC \u0161koljka New DayKoda izdelka : 113011 Material : Porcelan, visoka kvaliteta zagotavlja enostavno \u010di\u0161\u010denje in dolgo \u017eivljenjsko dobo.Dimenzije : 380x570x400Te\u017ea: 26,2 kgMo\u017enost odtoka v tla ali steno. Mehanizem za WC \u0161koljko z mo\u017enostjo izpusta 3 ali 6 litrov vode vklju\u010den. Deska za WC \u0161koljko s po\u010dasnim zapiranjemKoda izdelka : 21331 Cena : Po dogovoru [&hellip;]<\/p>\n","protected":false},"featured_media":102299,"template":"","meta":[],"product_cat":[500,999,9991580,510,515],"product_tag":[],"_links":{"self":[{"href":"https:\/\/www.keramika.com\/slovenija\/wp-json\/wp\/v2\/product\/102298"}],"collection":[{"href":"https:\/\/www.keramika.com\/slovenija\/wp-json\/wp\/v2\/product"}],"about":[{"href":"https:\/\/www.keramika.com\/slovenija\/wp-json\/wp\/v2\/types\/product"}],"wp:featuredmedia":[{"embeddable":true,"href":"https:\/\/www.keramika.com\/slovenija\/wp-json\/wp\/v2\/media\/102299"}],"wp:attachment":[{"href":"https:\/\/www.keramika.com\/slovenija\/wp-json\/wp\/v2\/media?parent=102298"}],"wp:term":[{"taxonomy":"product_cat","embeddable":true,"href":"https:\/\/www.keramika.com\/slovenija\/wp-json\/wp\/v2\/product_cat?post=102298"},{"taxonomy":"product_tag","embeddable":true,"href":"https:\/\/www.keramika.com\/slovenija\/wp-json\/wp\/v2\/product_tag?post=102298"}],"curies":[{"name":"wp","href":"https:\/\/api.w.org\/{rel}","templated":true}]}}