{"id":102276,"date":"2017-03-22T23:10:49","date_gmt":"2017-03-22T23:10:49","guid":{"rendered":"http:\/\/keramika.holest.com\/slovenija\/product\/viseca-wc-skoljka-reflex\/"},"modified":"2026-01-02T00:01:10","modified_gmt":"2026-01-02T00:01:10","slug":"viseca-wc-skoljka-reflex","status":"publish","type":"product","link":"https:\/\/www.keramika.com\/slovenija\/viseca-wc-skoljka-reflex\/","title":{"rendered":"Vise\u010da WC \u0161koljka Reflex"},"content":{"rendered":"<p>WC \u0161koljka Reflex vise\u010da<br \/>Koda izdelka : 112032<br \/>Material : Porcelan, visoka kvaliteta zagotavlja enostavno \u010di\u0161\u010denje in dolgo \u017eivljenjsko dobo.<br \/>Dimenzije : 385x520x345<br \/>Te\u017ea:  22,3 kg<br \/>Posami\u010dno pakiranje v kartonsko embala\u017eo.<\/p>\n<p>Deska za WC \u0161koljko s po\u010dasnim zapiranjem<br \/>Koda izdelka : 21231 Cena : Po dogovoru <br \/>Te\u017ea 2,7 kg<br \/>Te\u010daji iz nerjave\u010dega jekla. Popolno prileganje, vgrajen mehanizem omogo\u010da po\u010dasno in tiho zapiranje (slowclose).<br \/>Deska za WC \u0161koljko <br \/>Koda izdelka : 21211 Cena : Po dogovoru<br \/>Te\u010daji iz nerjave\u010dega jekla. Popolno prileganje.<\/p>\n<p>Posami\u010dno pakiranje v kartonsko embala\u017eo.<br \/><a class=\"pdfcatal\" href=\"\/\/www.keramika.com\/pdf\/e-ceramica\/sanitary_ware_catalogue.pdf\">Cenik in katalog za sanitarno keramiko <\/a><\/p>\n<p><strong>Za veleprodajno ceno nas kontaktirajte na: <a href=\"mailto:keramoteka.salon@gmail.com\">keramoteka.salon@gmail.com<\/a><\/strong><\/p>\n<p>Technical description: Product ID: 112032<a class=\"pdfcatal\" href=\"\/\/www.keramika.com\/pdf\/e-ceramica\/sanitary_ware_catalogue.pdf \">Sanitary Ware Catalogue <\/a><br \/><a class=\"pdfcatal\" href=\"\/\/www.keramika.com\/pdf\/e-ceramica\/handicaps_sanitary_ware_catalogue.pdf\">Handicaps Sanitary Ware Catalogue <\/a><br \/><a class=\"pdfcatal\" href=\"\/\/www.keramika.com\/pdf\/e-ceramica\/children's_sanitary_ware_catalogue.pdf\">Children&#8217;s Sanitary Ware Catalogue <\/a><br \/><a class=\"pdfcatal\" href=\"\/\/www.keramika.com\/pdf\/e-ceramica\/special_wash_basin_catalogue.pdf\">Special Wash Basin Catalogue <\/a><br \/><a class=\"pdfcatal\" href=\"\/\/www.keramika.com\/pdf\/e-ceramica\/shower_trays_catalogue.pdf\">Shower Trays Catalogue <\/a><br \/><a class=\"pdfcatal\" href=\"\/\/www.keramika.com\/pdf\/e-ceramica\/shower_doors&#038;cabins_catalogue.pdf\">Shower Doors&#038;Cabins Catalogue <\/a><br \/><a class=\"pdfcatal\" href=\"\/\/www.keramika.com\/pdf\/e-ceramica\/mixers.pdf\">Mixers <\/a><br \/><a class=\"pdfcatal\" href=\"\/\/www.keramika.com\/pdf\/e-ceramica\/bathroom_accessories_catalogue.pdf\">Bathroom Accessories Catalogue <\/a><br \/><a class=\"pdfcatal\" href=\"\/\/www.keramika.com\/pdf\/e-ceramica\/bathtubs_catalogue.pdf\">Bathtubs Catalogue <\/a><br \/><a class=\"pdfcatal\" href=\"\/\/www.keramika.com\/pdf\/e-ceramica\/hydromassage_catalogue.pdf\">Hydromassage Catalogue <\/a><br \/><a class=\"pdfcatal\" href=\"\/\/www.keramika.com\/pdf\/e-ceramica\/bathroom_furniture_catalogue.pdf\">Bathroom Furniture Catalogue<\/a><br \/><a class=\"pdfcatal\" href=\"\/\/www.keramika.com\/pdf\/e-ceramica\/inox_sanitary_ware.pdf\">Stainless steel sanitary ware catalogue <\/a><br ><\/p>\n","protected":false},"excerpt":{"rendered":"<p>WC \u0161koljka Reflex vise\u010daKoda izdelka : 112032Material : Porcelan, visoka kvaliteta zagotavlja enostavno \u010di\u0161\u010denje in dolgo \u017eivljenjsko dobo.Dimenzije : 385x520x345Te\u017ea: 22,3 kgPosami\u010dno pakiranje v kartonsko embala\u017eo. Deska za WC \u0161koljko s po\u010dasnim zapiranjemKoda izdelka : 21231 Cena : Po dogovoru Te\u017ea 2,7 kgTe\u010daji iz nerjave\u010dega jekla. Popolno prileganje, vgrajen mehanizem omogo\u010da po\u010dasno in tiho zapiranje [&hellip;]<\/p>\n","protected":false},"featured_media":102277,"template":"","meta":[],"product_cat":[500,999,9991580,510,515],"product_tag":[],"_links":{"self":[{"href":"https:\/\/www.keramika.com\/slovenija\/wp-json\/wp\/v2\/product\/102276"}],"collection":[{"href":"https:\/\/www.keramika.com\/slovenija\/wp-json\/wp\/v2\/product"}],"about":[{"href":"https:\/\/www.keramika.com\/slovenija\/wp-json\/wp\/v2\/types\/product"}],"wp:featuredmedia":[{"embeddable":true,"href":"https:\/\/www.keramika.com\/slovenija\/wp-json\/wp\/v2\/media\/102277"}],"wp:attachment":[{"href":"https:\/\/www.keramika.com\/slovenija\/wp-json\/wp\/v2\/media?parent=102276"}],"wp:term":[{"taxonomy":"product_cat","embeddable":true,"href":"https:\/\/www.keramika.com\/slovenija\/wp-json\/wp\/v2\/product_cat?post=102276"},{"taxonomy":"product_tag","embeddable":true,"href":"https:\/\/www.keramika.com\/slovenija\/wp-json\/wp\/v2\/product_tag?post=102276"}],"curies":[{"name":"wp","href":"https:\/\/api.w.org\/{rel}","templated":true}]}}