{"id":102266,"date":"2017-03-22T23:10:41","date_gmt":"2017-03-22T23:10:41","guid":{"rendered":"http:\/\/keramika.holest.com\/slovenija\/product\/nadgradni-umivalnik-wca\/"},"modified":"2026-01-02T00:01:09","modified_gmt":"2026-01-02T00:01:09","slug":"nadgradni-umivalnik-wca","status":"publish","type":"product","link":"https:\/\/www.keramika.com\/slovenija\/nadgradni-umivalnik-wca\/","title":{"rendered":"Nadgradni umivalnik Wca"},"content":{"rendered":"<p>Armatura WCa za umivalnik <br \/>Koda izdelka :  5110300<br \/>Material : Medenina, povr\u0161inska obdelava  krom<br \/>Dimenzije : 45x175x140<br \/>Te\u017ea: 2,7 kg<br \/>Cena : Po dogovoru <\/p>\n<p>Podstavek za umivalnik WCa <br \/>Stenska monta\u017ea.<br \/>Koda izdelka : 111200<br \/>Material : Visoko kvalitetna keramika zagotavlja enostavno \u010di\u0161\u010denje in dolgo \u017eivljenjsko dobo. <br \/>Dimenzije : \u00d8450&#215;845<br \/>Te\u017ea:  32,4 kg<br \/>Cena : Po dogovoru <br \/><a class=\"pdfcatal\" href=\"\/\/www.keramika.com\/pdf\/e-ceramica\/sanitary_ware_catalogue.pdf\">Cenik in katalog za sanitarno keramiko <\/a><\/p>\n<p><strong>Za veleprodajno ceno nas kontaktirajte na: <a href=\"mailto:keramoteka.salon@gmail.com\">keramoteka.salon@gmail.com<\/a><\/strong><\/p>\n<p>Technical description: Product ID: 111360<a class=\"pdfcatal\" href=\"\/\/www.keramika.com\/pdf\/e-ceramica\/sanitary_ware_catalogue.pdf \">Sanitary Ware Catalogue <\/a><br \/><a class=\"pdfcatal\" href=\"\/\/www.keramika.com\/pdf\/e-ceramica\/handicaps_sanitary_ware_catalogue.pdf\">Handicaps Sanitary Ware Catalogue <\/a><br \/><a class=\"pdfcatal\" href=\"\/\/www.keramika.com\/pdf\/e-ceramica\/children's_sanitary_ware_catalogue.pdf\">Children&#8217;s Sanitary Ware Catalogue <\/a><br \/><a class=\"pdfcatal\" href=\"\/\/www.keramika.com\/pdf\/e-ceramica\/special_wash_basin_catalogue.pdf\">Special Wash Basin Catalogue <\/a><br \/><a class=\"pdfcatal\" href=\"\/\/www.keramika.com\/pdf\/e-ceramica\/shower_trays_catalogue.pdf\">Shower Trays Catalogue <\/a><br \/><a class=\"pdfcatal\" href=\"\/\/www.keramika.com\/pdf\/e-ceramica\/shower_doors&#038;cabins_catalogue.pdf\">Shower Doors&#038;Cabins Catalogue <\/a><br \/><a class=\"pdfcatal\" href=\"\/\/www.keramika.com\/pdf\/e-ceramica\/mixers.pdf\">Mixers <\/a><br \/><a class=\"pdfcatal\" href=\"\/\/www.keramika.com\/pdf\/e-ceramica\/bathroom_accessories_catalogue.pdf\">Bathroom Accessories Catalogue <\/a><br \/><a class=\"pdfcatal\" href=\"\/\/www.keramika.com\/pdf\/e-ceramica\/bathtubs_catalogue.pdf\">Bathtubs Catalogue <\/a><br \/><a class=\"pdfcatal\" href=\"\/\/www.keramika.com\/pdf\/e-ceramica\/hydromassage_catalogue.pdf\">Hydromassage Catalogue <\/a><br \/><a class=\"pdfcatal\" href=\"\/\/www.keramika.com\/pdf\/e-ceramica\/bathroom_furniture_catalogue.pdf\">Bathroom Furniture Catalogue<\/a><br \/><a class=\"pdfcatal\" href=\"\/\/www.keramika.com\/pdf\/e-ceramica\/inox_sanitary_ware.pdf\">Stainless steel sanitary ware catalogue <\/a><br ><\/p>\n","protected":false},"excerpt":{"rendered":"<p>Armatura WCa za umivalnik Koda izdelka : 5110300Material : Medenina, povr\u0161inska obdelava kromDimenzije : 45x175x140Te\u017ea: 2,7 kgCena : Po dogovoru Podstavek za umivalnik WCa Stenska monta\u017ea.Koda izdelka : 111200Material : Visoko kvalitetna keramika zagotavlja enostavno \u010di\u0161\u010denje in dolgo \u017eivljenjsko dobo. Dimenzije : \u00d8450&#215;845Te\u017ea: 32,4 kgCena : Po dogovoru Cenik in katalog za sanitarno keramiko Za [&hellip;]<\/p>\n","protected":false},"featured_media":102267,"template":"","meta":[],"product_cat":[600,610,999,9991580],"product_tag":[],"_links":{"self":[{"href":"https:\/\/www.keramika.com\/slovenija\/wp-json\/wp\/v2\/product\/102266"}],"collection":[{"href":"https:\/\/www.keramika.com\/slovenija\/wp-json\/wp\/v2\/product"}],"about":[{"href":"https:\/\/www.keramika.com\/slovenija\/wp-json\/wp\/v2\/types\/product"}],"wp:featuredmedia":[{"embeddable":true,"href":"https:\/\/www.keramika.com\/slovenija\/wp-json\/wp\/v2\/media\/102267"}],"wp:attachment":[{"href":"https:\/\/www.keramika.com\/slovenija\/wp-json\/wp\/v2\/media?parent=102266"}],"wp:term":[{"taxonomy":"product_cat","embeddable":true,"href":"https:\/\/www.keramika.com\/slovenija\/wp-json\/wp\/v2\/product_cat?post=102266"},{"taxonomy":"product_tag","embeddable":true,"href":"https:\/\/www.keramika.com\/slovenija\/wp-json\/wp\/v2\/product_tag?post=102266"}],"curies":[{"name":"wp","href":"https:\/\/api.w.org\/{rel}","templated":true}]}}