{"id":102184,"date":"2017-03-22T23:09:15","date_gmt":"2017-03-22T23:09:15","guid":{"rendered":"http:\/\/keramika.holest.com\/slovenija\/product\/pravokotni-umivalnik-60x40-sign\/"},"modified":"2026-01-02T00:00:54","modified_gmt":"2026-01-02T00:00:54","slug":"pravokotni-umivalnik-60x40-sign","status":"publish","type":"product","link":"https:\/\/www.keramika.com\/slovenija\/pravokotni-umivalnik-60x40-sign\/","title":{"rendered":"Pravokotni umivalnik 60&#215;40 Sign"},"content":{"rendered":"<p>Umivalnik Sign 60<br \/>Za vgradnjo na pult ali delovno povr\u0161ino.                        <br \/>Koda izdelka :  108940<br \/>Material : Porcelan, enostavno \u010di\u0161\u010denje in dolga \u017eivljenjska doba.<br \/>Dimenzije : 605x400x130<br \/>Te\u017ea:  10,2 kg <br \/>Posami\u010dno pakiranje v kartonsko embala\u017eo.<\/p>\n<p>Armatura Tube za umivalnik stenska<br \/>Koda izdelka : 5312301<br \/>Material : Medenina, povr\u0161inska obdelava  krom<br \/>Dimenzije : 210x205x125<br \/>Te\u017ea:  2,1 kg <br \/>Cena : Po dogovoru <br \/><a class=\"pdfcatal\" href=\"\/\/www.keramika.com\/pdf\/e-ceramica\/special_wash_basin_catalogue.pdf\">Cenik in katalog za umivalnike <\/a><\/p>\n<p><strong>Za veleprodajno ceno nas kontaktirajte na: <a href=\"mailto:keramoteka.salon@gmail.com\">keramoteka.salon@gmail.com<\/a><\/strong><\/p>\n<p>Technical description: Product ID: 108940<a class=\"pdfcatal\" href=\"\/\/www.keramika.com\/pdf\/e-ceramica\/sanitary_ware_catalogue.pdf \">Sanitary Ware Catalogue <\/a><br \/><a class=\"pdfcatal\" href=\"\/\/www.keramika.com\/pdf\/e-ceramica\/handicaps_sanitary_ware_catalogue.pdf\">Handicaps Sanitary Ware Catalogue <\/a><br \/><a class=\"pdfcatal\" href=\"\/\/www.keramika.com\/pdf\/e-ceramica\/children's_sanitary_ware_catalogue.pdf\">Children&#8217;s Sanitary Ware Catalogue <\/a><br \/><a class=\"pdfcatal\" href=\"\/\/www.keramika.com\/pdf\/e-ceramica\/special_wash_basin_catalogue.pdf\">Special Wash Basin Catalogue <\/a><br \/><a class=\"pdfcatal\" href=\"\/\/www.keramika.com\/pdf\/e-ceramica\/shower_trays_catalogue.pdf\">Shower Trays Catalogue <\/a><br \/><a class=\"pdfcatal\" href=\"\/\/www.keramika.com\/pdf\/e-ceramica\/shower_doors&#038;cabins_catalogue.pdf\">Shower Doors&#038;Cabins Catalogue <\/a><br \/><a class=\"pdfcatal\" href=\"\/\/www.keramika.com\/pdf\/e-ceramica\/mixers.pdf\">Mixers <\/a><br \/><a class=\"pdfcatal\" href=\"\/\/www.keramika.com\/pdf\/e-ceramica\/bathroom_accessories_catalogue.pdf\">Bathroom Accessories Catalogue <\/a><br \/><a class=\"pdfcatal\" href=\"\/\/www.keramika.com\/pdf\/e-ceramica\/bathtubs_catalogue.pdf\">Bathtubs Catalogue <\/a><br \/><a class=\"pdfcatal\" href=\"\/\/www.keramika.com\/pdf\/e-ceramica\/hydromassage_catalogue.pdf\">Hydromassage Catalogue <\/a><br \/><a class=\"pdfcatal\" href=\"\/\/www.keramika.com\/pdf\/e-ceramica\/bathroom_furniture_catalogue.pdf\">Bathroom Furniture Catalogue<\/a><br \/><a class=\"pdfcatal\" href=\"\/\/www.keramika.com\/pdf\/e-ceramica\/inox_sanitary_ware.pdf\">Stainless steel sanitary ware catalogue <\/a><br ><\/p>\n","protected":false},"excerpt":{"rendered":"<p>Umivalnik Sign 60Za vgradnjo na pult ali delovno povr\u0161ino. Koda izdelka : 108940Material : Porcelan, enostavno \u010di\u0161\u010denje in dolga \u017eivljenjska doba.Dimenzije : 605x400x130Te\u017ea: 10,2 kg Posami\u010dno pakiranje v kartonsko embala\u017eo. Armatura Tube za umivalnik stenskaKoda izdelka : 5312301Material : Medenina, povr\u0161inska obdelava kromDimenzije : 210x205x125Te\u017ea: 2,1 kg Cena : Po dogovoru Cenik in katalog za [&hellip;]<\/p>\n","protected":false},"featured_media":102185,"template":"","meta":[],"product_cat":[500,999,9991580,510,514],"product_tag":[],"_links":{"self":[{"href":"https:\/\/www.keramika.com\/slovenija\/wp-json\/wp\/v2\/product\/102184"}],"collection":[{"href":"https:\/\/www.keramika.com\/slovenija\/wp-json\/wp\/v2\/product"}],"about":[{"href":"https:\/\/www.keramika.com\/slovenija\/wp-json\/wp\/v2\/types\/product"}],"wp:featuredmedia":[{"embeddable":true,"href":"https:\/\/www.keramika.com\/slovenija\/wp-json\/wp\/v2\/media\/102185"}],"wp:attachment":[{"href":"https:\/\/www.keramika.com\/slovenija\/wp-json\/wp\/v2\/media?parent=102184"}],"wp:term":[{"taxonomy":"product_cat","embeddable":true,"href":"https:\/\/www.keramika.com\/slovenija\/wp-json\/wp\/v2\/product_cat?post=102184"},{"taxonomy":"product_tag","embeddable":true,"href":"https:\/\/www.keramika.com\/slovenija\/wp-json\/wp\/v2\/product_tag?post=102184"}],"curies":[{"name":"wp","href":"https:\/\/api.w.org\/{rel}","templated":true}]}}