{"id":102164,"date":"2017-03-22T23:08:58","date_gmt":"2017-03-22T23:08:58","guid":{"rendered":"http:\/\/keramika.holest.com\/slovenija\/product\/dvojni-umivalnik-150-plan\/"},"modified":"2026-01-02T00:00:51","modified_gmt":"2026-01-02T00:00:51","slug":"dvojni-umivalnik-150-plan","status":"publish","type":"product","link":"https:\/\/www.keramika.com\/slovenija\/dvojni-umivalnik-150-plan\/","title":{"rendered":"Dvojni umivalnik 150 Plan"},"content":{"rendered":"<p>Umivalnik Plan 150 dvojni<br \/>Stenska monta\u017ea.<br \/>Dimenzije : 1500X470X130<br \/>Koda izdelka : 108830<br \/>Material: Keramika, odporno na kemikalije, dolga \u017eivljenjska doba.<br \/>Te\u017ea: 50,6 kg<\/p>\n<p>Par nog za umivalnik Plan<br \/>Dimenzije : 70x70x750<br \/>Koda izdelka : 68032<br \/>Cena : Po dogovoru <\/p>\n<p>Obe\u0161alo za brisa\u010de<br \/>Dimenzije : 1450x400x150<br \/>Koda izdelka : 5A080383<br \/>Cena : Po dogovoru <br \/>Ogledalo z lu\u010djo 150<br \/>Dimenzije : 1500x160x520<br \/>Koda izdelka : 6837035<br \/>Cena : Po dogovoru <\/p>\n<p>Pohi\u0161tveni element s predali<br \/>Dimenzije : 470x380x500<br \/>Koda izdelka : 6803135<br \/>Cena : Po dogovoru <\/p>\n<p>Armatura umivalni\u0161ka Tube<br \/>Koda izdelka : 5310300  Cena : Po dogovoru <br \/>Armatura je pakirana v kartonsko embala\u017eo, te\u017ea : 2,5 kg.<br \/><a class=\"pdfcatal\" href=\"\/\/www.keramika.com\/pdf\/e-ceramica\/special_wash_basin_catalogue.pdf\">Cenik in katalog za umivalnike <\/a><\/p>\n<p><strong>Za veleprodajno ceno nas kontaktirajte na: <a href=\"mailto:keramoteka.salon@gmail.com\">keramoteka.salon@gmail.com<\/a><\/strong><\/p>\n<p>Technical description: Product ID: 108830<a class=\"pdfcatal\" href=\"\/\/www.keramika.com\/pdf\/e-ceramica\/sanitary_ware_catalogue.pdf \">Sanitary Ware Catalogue <\/a><br \/><a class=\"pdfcatal\" href=\"\/\/www.keramika.com\/pdf\/e-ceramica\/handicaps_sanitary_ware_catalogue.pdf\">Handicaps Sanitary Ware Catalogue <\/a><br \/><a class=\"pdfcatal\" href=\"\/\/www.keramika.com\/pdf\/e-ceramica\/children's_sanitary_ware_catalogue.pdf\">Children&#8217;s Sanitary Ware Catalogue <\/a><br \/><a class=\"pdfcatal\" href=\"\/\/www.keramika.com\/pdf\/e-ceramica\/special_wash_basin_catalogue.pdf\">Special Wash Basin Catalogue <\/a><br \/><a class=\"pdfcatal\" href=\"\/\/www.keramika.com\/pdf\/e-ceramica\/shower_trays_catalogue.pdf\">Shower Trays Catalogue <\/a><br \/><a class=\"pdfcatal\" href=\"\/\/www.keramika.com\/pdf\/e-ceramica\/shower_doors&#038;cabins_catalogue.pdf\">Shower Doors&#038;Cabins Catalogue <\/a><br \/><a class=\"pdfcatal\" href=\"\/\/www.keramika.com\/pdf\/e-ceramica\/mixers.pdf\">Mixers <\/a><br \/><a class=\"pdfcatal\" href=\"\/\/www.keramika.com\/pdf\/e-ceramica\/bathroom_accessories_catalogue.pdf\">Bathroom Accessories Catalogue <\/a><br \/><a class=\"pdfcatal\" href=\"\/\/www.keramika.com\/pdf\/e-ceramica\/bathtubs_catalogue.pdf\">Bathtubs Catalogue <\/a><br \/><a class=\"pdfcatal\" href=\"\/\/www.keramika.com\/pdf\/e-ceramica\/hydromassage_catalogue.pdf\">Hydromassage Catalogue <\/a><br \/><a class=\"pdfcatal\" href=\"\/\/www.keramika.com\/pdf\/e-ceramica\/bathroom_furniture_catalogue.pdf\">Bathroom Furniture Catalogue<\/a><br \/><a class=\"pdfcatal\" href=\"\/\/www.keramika.com\/pdf\/e-ceramica\/inox_sanitary_ware.pdf\">Stainless steel sanitary ware catalogue <\/a><br ><\/p>\n","protected":false},"excerpt":{"rendered":"<p>Umivalnik Plan 150 dvojniStenska monta\u017ea.Dimenzije : 1500X470X130Koda izdelka : 108830Material: Keramika, odporno na kemikalije, dolga \u017eivljenjska doba.Te\u017ea: 50,6 kg Par nog za umivalnik PlanDimenzije : 70x70x750Koda izdelka : 68032Cena : Po dogovoru Obe\u0161alo za brisa\u010deDimenzije : 1450x400x150Koda izdelka : 5A080383Cena : Po dogovoru Ogledalo z lu\u010djo 150Dimenzije : 1500x160x520Koda izdelka : 6837035Cena : Po dogovoru [&hellip;]<\/p>\n","protected":false},"featured_media":102165,"template":"","meta":[],"product_cat":[500,999,9991580,510,514],"product_tag":[],"_links":{"self":[{"href":"https:\/\/www.keramika.com\/slovenija\/wp-json\/wp\/v2\/product\/102164"}],"collection":[{"href":"https:\/\/www.keramika.com\/slovenija\/wp-json\/wp\/v2\/product"}],"about":[{"href":"https:\/\/www.keramika.com\/slovenija\/wp-json\/wp\/v2\/types\/product"}],"wp:featuredmedia":[{"embeddable":true,"href":"https:\/\/www.keramika.com\/slovenija\/wp-json\/wp\/v2\/media\/102165"}],"wp:attachment":[{"href":"https:\/\/www.keramika.com\/slovenija\/wp-json\/wp\/v2\/media?parent=102164"}],"wp:term":[{"taxonomy":"product_cat","embeddable":true,"href":"https:\/\/www.keramika.com\/slovenija\/wp-json\/wp\/v2\/product_cat?post=102164"},{"taxonomy":"product_tag","embeddable":true,"href":"https:\/\/www.keramika.com\/slovenija\/wp-json\/wp\/v2\/product_tag?post=102164"}],"curies":[{"name":"wp","href":"https:\/\/api.w.org\/{rel}","templated":true}]}}