{"id":102156,"date":"2017-03-22T23:08:50","date_gmt":"2017-03-22T23:08:50","guid":{"rendered":"http:\/\/keramika.holest.com\/slovenija\/product\/dvojni-umivalnik-130-valencia\/"},"modified":"2026-01-02T00:00:50","modified_gmt":"2026-01-02T00:00:50","slug":"dvojni-umivalnik-130-valencia","status":"publish","type":"product","link":"https:\/\/www.keramika.com\/slovenija\/dvojni-umivalnik-130-valencia\/","title":{"rendered":"Dvojni umivalnik 130 Valencia"},"content":{"rendered":"<p>Umivalnik Valencia<br \/>Dvojni umivalnik, stenska monta\u017ea<br \/>Koda izdelka :  108790<br \/>Material : visokokvalitetna keramika, dolga \u017eivljenjska doba<br \/>Dimenzije : 1300x530x190<br \/>Te\u017ea: 38,8 kg<\/p>\n<p>Pohi\u0161tvo Valencia <br \/>Koda izdelka : 6790102<br \/>Material : primeren za kopalnice<br \/>Dimenzije : 1280x375x810<br \/>Te\u017ea: 38,8 kg<br \/>Cena : Po dogovoru <\/p>\n<p>Ogledalo Valencia <br \/>Z osvetlitvijo<br \/>Koda izdelka :  6797002<br \/>Material : primeren za kopalnice<br \/>Dimenzije : 1300x160x1050<br \/>Te\u017ea: 24,3 kg<br \/>Cena : Po dogovoru <br \/><a class=\"pdfcatal\" href=\"\/\/www.keramika.com\/pdf\/e-ceramica\/special_wash_basin_catalogue.pdf\">Cenik in katalog za umivalnike <\/a><\/p>\n<p><strong>Za veleprodajno ceno nas kontaktirajte na: <a href=\"mailto:keramoteka.salon@gmail.com\">keramoteka.salon@gmail.com<\/a><\/strong><\/p>\n<p>Technical description: Product ID: 108790<a class=\"pdfcatal\" href=\"\/\/www.keramika.com\/pdf\/e-ceramica\/sanitary_ware_catalogue.pdf \">Sanitary Ware Catalogue <\/a><br \/><a class=\"pdfcatal\" href=\"\/\/www.keramika.com\/pdf\/e-ceramica\/handicaps_sanitary_ware_catalogue.pdf\">Handicaps Sanitary Ware Catalogue <\/a><br \/><a class=\"pdfcatal\" href=\"\/\/www.keramika.com\/pdf\/e-ceramica\/children's_sanitary_ware_catalogue.pdf\">Children&#8217;s Sanitary Ware Catalogue <\/a><br \/><a class=\"pdfcatal\" href=\"\/\/www.keramika.com\/pdf\/e-ceramica\/special_wash_basin_catalogue.pdf\">Special Wash Basin Catalogue <\/a><br \/><a class=\"pdfcatal\" href=\"\/\/www.keramika.com\/pdf\/e-ceramica\/shower_trays_catalogue.pdf\">Shower Trays Catalogue <\/a><br \/><a class=\"pdfcatal\" href=\"\/\/www.keramika.com\/pdf\/e-ceramica\/shower_doors&#038;cabins_catalogue.pdf\">Shower Doors&#038;Cabins Catalogue <\/a><br \/><a class=\"pdfcatal\" href=\"\/\/www.keramika.com\/pdf\/e-ceramica\/mixers.pdf\">Mixers <\/a><br \/><a class=\"pdfcatal\" href=\"\/\/www.keramika.com\/pdf\/e-ceramica\/bathroom_accessories_catalogue.pdf\">Bathroom Accessories Catalogue <\/a><br \/><a class=\"pdfcatal\" href=\"\/\/www.keramika.com\/pdf\/e-ceramica\/bathtubs_catalogue.pdf\">Bathtubs Catalogue <\/a><br \/><a class=\"pdfcatal\" href=\"\/\/www.keramika.com\/pdf\/e-ceramica\/hydromassage_catalogue.pdf\">Hydromassage Catalogue <\/a><br \/><a class=\"pdfcatal\" href=\"\/\/www.keramika.com\/pdf\/e-ceramica\/bathroom_furniture_catalogue.pdf\">Bathroom Furniture Catalogue<\/a><br \/><a class=\"pdfcatal\" href=\"\/\/www.keramika.com\/pdf\/e-ceramica\/inox_sanitary_ware.pdf\">Stainless steel sanitary ware catalogue <\/a><br ><\/p>\n","protected":false},"excerpt":{"rendered":"<p>Umivalnik ValenciaDvojni umivalnik, stenska monta\u017eaKoda izdelka : 108790Material : visokokvalitetna keramika, dolga \u017eivljenjska dobaDimenzije : 1300x530x190Te\u017ea: 38,8 kg Pohi\u0161tvo Valencia Koda izdelka : 6790102Material : primeren za kopalniceDimenzije : 1280x375x810Te\u017ea: 38,8 kgCena : Po dogovoru Ogledalo Valencia Z osvetlitvijoKoda izdelka : 6797002Material : primeren za kopalniceDimenzije : 1300x160x1050Te\u017ea: 24,3 kgCena : Po dogovoru Cenik in [&hellip;]<\/p>\n","protected":false},"featured_media":102157,"template":"","meta":[],"product_cat":[500,999,9991580,510,514],"product_tag":[],"_links":{"self":[{"href":"https:\/\/www.keramika.com\/slovenija\/wp-json\/wp\/v2\/product\/102156"}],"collection":[{"href":"https:\/\/www.keramika.com\/slovenija\/wp-json\/wp\/v2\/product"}],"about":[{"href":"https:\/\/www.keramika.com\/slovenija\/wp-json\/wp\/v2\/types\/product"}],"wp:featuredmedia":[{"embeddable":true,"href":"https:\/\/www.keramika.com\/slovenija\/wp-json\/wp\/v2\/media\/102157"}],"wp:attachment":[{"href":"https:\/\/www.keramika.com\/slovenija\/wp-json\/wp\/v2\/media?parent=102156"}],"wp:term":[{"taxonomy":"product_cat","embeddable":true,"href":"https:\/\/www.keramika.com\/slovenija\/wp-json\/wp\/v2\/product_cat?post=102156"},{"taxonomy":"product_tag","embeddable":true,"href":"https:\/\/www.keramika.com\/slovenija\/wp-json\/wp\/v2\/product_tag?post=102156"}],"curies":[{"name":"wp","href":"https:\/\/api.w.org\/{rel}","templated":true}]}}