{"id":102142,"date":"2017-03-22T23:08:34","date_gmt":"2017-03-22T23:08:34","guid":{"rendered":"http:\/\/keramika.holest.com\/slovenija\/product\/kotni-umivalnik-tiny\/"},"modified":"2026-01-02T00:00:48","modified_gmt":"2026-01-02T00:00:48","slug":"kotni-umivalnik-tiny","status":"publish","type":"product","link":"https:\/\/www.keramika.com\/slovenija\/kotni-umivalnik-tiny\/","title":{"rendered":"Kotni umivalnik Tiny"},"content":{"rendered":"<p>Umivalnik Tiny<br \/>Stenska monta\u017ea.                        <br \/>Koda izdelka :  108700<br \/>Material : Keramika, enostavno \u010di\u0161\u010denje, dolga \u017eivljenjska doba.<br \/>Dimenzije : 470x470x200<br \/>Te\u017ea: 13,3 kg <br \/>Posami\u010dno pakiranje v kartonsko embala\u017eo.<\/p>\n<p>Vodilo za brisa\u010de, kro\u017eno<br \/>Monta\u017ea pod umivalnik.                       <br \/>Koda izdelka :  40870<br \/>Te\u017ea:  0,5 kg <br \/>Cena : Po dogovoru<br \/><a class=\"pdfcatal\" href=\"\/\/www.keramika.com\/pdf\/e-ceramica\/special_wash_basin_catalogue.pdf\">Cenik in katalog za umivalnike <\/a><\/p>\n<p><strong>Za veleprodajno ceno nas kontaktirajte na: <a href=\"mailto:keramoteka.salon@gmail.com\">keramoteka.salon@gmail.com<\/a><\/strong>&#8220;<\/p>\n<p>Technical description: Product ID: 108700<a class=\"pdfcatal\" href=\"\/\/www.keramika.com\/pdf\/e-ceramica\/sanitary_ware_catalogue.pdf \">Sanitary Ware Catalogue <\/a><br \/><a class=\"pdfcatal\" href=\"\/\/www.keramika.com\/pdf\/e-ceramica\/handicaps_sanitary_ware_catalogue.pdf\">Handicaps Sanitary Ware Catalogue <\/a><br \/><a class=\"pdfcatal\" href=\"\/\/www.keramika.com\/pdf\/e-ceramica\/children's_sanitary_ware_catalogue.pdf\">Children&#8217;s Sanitary Ware Catalogue <\/a><br \/><a class=\"pdfcatal\" href=\"\/\/www.keramika.com\/pdf\/e-ceramica\/special_wash_basin_catalogue.pdf\">Special Wash Basin Catalogue <\/a><br \/><a class=\"pdfcatal\" href=\"\/\/www.keramika.com\/pdf\/e-ceramica\/shower_trays_catalogue.pdf\">Shower Trays Catalogue <\/a><br \/><a class=\"pdfcatal\" href=\"\/\/www.keramika.com\/pdf\/e-ceramica\/shower_doors&#038;cabins_catalogue.pdf\">Shower Doors&#038;Cabins Catalogue <\/a><br \/><a class=\"pdfcatal\" href=\"\/\/www.keramika.com\/pdf\/e-ceramica\/mixers.pdf\">Mixers <\/a><br \/><a class=\"pdfcatal\" href=\"\/\/www.keramika.com\/pdf\/e-ceramica\/bathroom_accessories_catalogue.pdf\">Bathroom Accessories Catalogue <\/a><br \/><a class=\"pdfcatal\" href=\"\/\/www.keramika.com\/pdf\/e-ceramica\/bathtubs_catalogue.pdf\">Bathtubs Catalogue <\/a><br \/><a class=\"pdfcatal\" href=\"\/\/www.keramika.com\/pdf\/e-ceramica\/hydromassage_catalogue.pdf\">Hydromassage Catalogue <\/a><br \/><a class=\"pdfcatal\" href=\"\/\/www.keramika.com\/pdf\/e-ceramica\/bathroom_furniture_catalogue.pdf\">Bathroom Furniture Catalogue<\/a><br \/><a class=\"pdfcatal\" href=\"\/\/www.keramika.com\/pdf\/e-ceramica\/inox_sanitary_ware.pdf\">Stainless steel sanitary ware catalogue <\/a><br ><\/p>\n","protected":false},"excerpt":{"rendered":"<p>Umivalnik TinyStenska monta\u017ea. Koda izdelka : 108700Material : Keramika, enostavno \u010di\u0161\u010denje, dolga \u017eivljenjska doba.Dimenzije : 470x470x200Te\u017ea: 13,3 kg Posami\u010dno pakiranje v kartonsko embala\u017eo. Vodilo za brisa\u010de, kro\u017enoMonta\u017ea pod umivalnik. Koda izdelka : 40870Te\u017ea: 0,5 kg Cena : Po dogovoruCenik in katalog za umivalnike Za veleprodajno ceno nas kontaktirajte na: keramoteka.salon@gmail.com&#8220; Technical description: Product ID: 108700Sanitary [&hellip;]<\/p>\n","protected":false},"featured_media":102143,"template":"","meta":[],"product_cat":[500,999,9991580,510,514],"product_tag":[],"_links":{"self":[{"href":"https:\/\/www.keramika.com\/slovenija\/wp-json\/wp\/v2\/product\/102142"}],"collection":[{"href":"https:\/\/www.keramika.com\/slovenija\/wp-json\/wp\/v2\/product"}],"about":[{"href":"https:\/\/www.keramika.com\/slovenija\/wp-json\/wp\/v2\/types\/product"}],"wp:featuredmedia":[{"embeddable":true,"href":"https:\/\/www.keramika.com\/slovenija\/wp-json\/wp\/v2\/media\/102143"}],"wp:attachment":[{"href":"https:\/\/www.keramika.com\/slovenija\/wp-json\/wp\/v2\/media?parent=102142"}],"wp:term":[{"taxonomy":"product_cat","embeddable":true,"href":"https:\/\/www.keramika.com\/slovenija\/wp-json\/wp\/v2\/product_cat?post=102142"},{"taxonomy":"product_tag","embeddable":true,"href":"https:\/\/www.keramika.com\/slovenija\/wp-json\/wp\/v2\/product_tag?post=102142"}],"curies":[{"name":"wp","href":"https:\/\/api.w.org\/{rel}","templated":true}]}}