{"id":102138,"date":"2017-03-22T23:08:31","date_gmt":"2017-03-22T23:08:31","guid":{"rendered":"http:\/\/keramika.holest.com\/slovenija\/product\/nadgradni-umivalnik-comby\/"},"modified":"2026-01-02T00:00:48","modified_gmt":"2026-01-02T00:00:48","slug":"nadgradni-umivalnik-comby","status":"publish","type":"product","link":"https:\/\/www.keramika.com\/slovenija\/nadgradni-umivalnik-comby\/","title":{"rendered":"Nadgradni umivalnik Comby"},"content":{"rendered":"<p>Umivalnik Comby<br \/>Koda izdelka : 108650<br \/>Dimenzije : 610x395x160 Te\u017ea: 20,9 kg <br \/>Material : Keramika bele barve, enostavno \u010di\u0161\u010denje, dolga \u017eivljenjska doba<br \/>Za vgradnjo na pult, oziroma delovno povr\u0161ino. Pakirano v kartonsko embala\u017eo.<\/p>\n<p>\u010cep za odtok<br \/>Koda izdelka :5A000805 Cena: Po dogovoru<\/p>\n<p>Na sliki je tudi:<br \/>Kopalni\u0161ka armatura Rimini <br \/>Koda izdelka : 5185361<br \/>Material : Medenina, kromirano<br \/>Dimenzije : 260x200x94<br \/>Te\u017ea:  1,7 kg Cena: Po dogovoru <\/p>\n<p>Podstavek za kozarce<br \/>Koda izdelka : 6A8605<br \/>Dimenzije : 390x130x60<br \/>Te\u017ea:  0,6 kg Cena: Po dogovoru<br \/><a class=\"pdfcatal\" href=\"\/\/www.keramika.com\/pdf\/e-ceramica\/sanitary_ware_catalogue.pdf\">Cenik in katalog za sanitarno keramiko <\/a><\/p>\n<p><strong>Za veleprodajno ceno nas kontaktirajte na: <a href=\"mailto:keramoteka.salon@gmail.com\">keramoteka.salon@gmail.com<\/a><\/strong><\/p>\n<p>Technical description: Product ID: 108650<a class=\"pdfcatal\" href=\"\/\/www.keramika.com\/pdf\/e-ceramica\/sanitary_ware_catalogue.pdf \">Sanitary Ware Catalogue <\/a><br \/><a class=\"pdfcatal\" href=\"\/\/www.keramika.com\/pdf\/e-ceramica\/handicaps_sanitary_ware_catalogue.pdf\">Handicaps Sanitary Ware Catalogue <\/a><br \/><a class=\"pdfcatal\" href=\"\/\/www.keramika.com\/pdf\/e-ceramica\/children's_sanitary_ware_catalogue.pdf\">Children&#8217;s Sanitary Ware Catalogue <\/a><br \/><a class=\"pdfcatal\" href=\"\/\/www.keramika.com\/pdf\/e-ceramica\/special_wash_basin_catalogue.pdf\">Special Wash Basin Catalogue <\/a><br \/><a class=\"pdfcatal\" href=\"\/\/www.keramika.com\/pdf\/e-ceramica\/shower_trays_catalogue.pdf\">Shower Trays Catalogue <\/a><br \/><a class=\"pdfcatal\" href=\"\/\/www.keramika.com\/pdf\/e-ceramica\/shower_doors&#038;cabins_catalogue.pdf\">Shower Doors&#038;Cabins Catalogue <\/a><br \/><a class=\"pdfcatal\" href=\"\/\/www.keramika.com\/pdf\/e-ceramica\/mixers.pdf\">Mixers <\/a><br \/><a class=\"pdfcatal\" href=\"\/\/www.keramika.com\/pdf\/e-ceramica\/bathroom_accessories_catalogue.pdf\">Bathroom Accessories Catalogue <\/a><br \/><a class=\"pdfcatal\" href=\"\/\/www.keramika.com\/pdf\/e-ceramica\/bathtubs_catalogue.pdf\">Bathtubs Catalogue <\/a><br \/><a class=\"pdfcatal\" href=\"\/\/www.keramika.com\/pdf\/e-ceramica\/hydromassage_catalogue.pdf\">Hydromassage Catalogue <\/a><br \/><a class=\"pdfcatal\" href=\"\/\/www.keramika.com\/pdf\/e-ceramica\/bathroom_furniture_catalogue.pdf\">Bathroom Furniture Catalogue<\/a><br \/><a class=\"pdfcatal\" href=\"\/\/www.keramika.com\/pdf\/e-ceramica\/inox_sanitary_ware.pdf\">Stainless steel sanitary ware catalogue <\/a><br ><\/p>\n","protected":false},"excerpt":{"rendered":"<p>Umivalnik CombyKoda izdelka : 108650Dimenzije : 610x395x160 Te\u017ea: 20,9 kg Material : Keramika bele barve, enostavno \u010di\u0161\u010denje, dolga \u017eivljenjska dobaZa vgradnjo na pult, oziroma delovno povr\u0161ino. Pakirano v kartonsko embala\u017eo. \u010cep za odtokKoda izdelka :5A000805 Cena: Po dogovoru Na sliki je tudi:Kopalni\u0161ka armatura Rimini Koda izdelka : 5185361Material : Medenina, kromiranoDimenzije : 260x200x94Te\u017ea: 1,7 kg [&hellip;]<\/p>\n","protected":false},"featured_media":102139,"template":"","meta":[],"product_cat":[500,999,9991580,510,514],"product_tag":[],"_links":{"self":[{"href":"https:\/\/www.keramika.com\/slovenija\/wp-json\/wp\/v2\/product\/102138"}],"collection":[{"href":"https:\/\/www.keramika.com\/slovenija\/wp-json\/wp\/v2\/product"}],"about":[{"href":"https:\/\/www.keramika.com\/slovenija\/wp-json\/wp\/v2\/types\/product"}],"wp:featuredmedia":[{"embeddable":true,"href":"https:\/\/www.keramika.com\/slovenija\/wp-json\/wp\/v2\/media\/102139"}],"wp:attachment":[{"href":"https:\/\/www.keramika.com\/slovenija\/wp-json\/wp\/v2\/media?parent=102138"}],"wp:term":[{"taxonomy":"product_cat","embeddable":true,"href":"https:\/\/www.keramika.com\/slovenija\/wp-json\/wp\/v2\/product_cat?post=102138"},{"taxonomy":"product_tag","embeddable":true,"href":"https:\/\/www.keramika.com\/slovenija\/wp-json\/wp\/v2\/product_tag?post=102138"}],"curies":[{"name":"wp","href":"https:\/\/api.w.org\/{rel}","templated":true}]}}