{"id":102132,"date":"2017-03-22T23:08:24","date_gmt":"2017-03-22T23:08:24","guid":{"rendered":"http:\/\/keramika.holest.com\/slovenija\/product\/pravokotni-umivalnik-korito-riba\/"},"modified":"2026-01-02T00:00:47","modified_gmt":"2026-01-02T00:00:47","slug":"pravokotni-umivalnik-korito-riba","status":"publish","type":"product","link":"https:\/\/www.keramika.com\/slovenija\/pravokotni-umivalnik-korito-riba\/","title":{"rendered":"Pravokotni umivalnik korito Riba"},"content":{"rendered":"<p>Umivalnik Riba 40<br \/>Posebej uporaben za ro\u010dno pranje perila.<br \/>Koda izdelka : 108600<br \/>Material : Visoko kvalitetna keramika, enostavno \u010di\u0161\u010denje in dolga \u017eivljenjska doba.<br \/>Monta\u017ea v pult ali samostoje\u010di pohi\u0161tveni element.<br \/>Dimenzije : 390x605x375<br \/>Te\u017ea:  22,1 kg<\/p>\n<p>Pohi\u0161tvo za umivalnik Riba 40<br \/>Koda izdelka : 66040<br \/>Dimenzije : 380x605x840<br \/>Te\u017ea:  16,2 kg Cena: Po dogovoru<br \/><a class=\"pdfcatal\" href=\"\/\/www.keramika.com\/pdf\/e-ceramica\/bathroom_furniture_catalogue.pdf\">Cenik in katalog za kopalni\u0161ko pohi\u0161tvo <\/a><\/p>\n<p><strong>Za veleprodajno ceno nas kontaktirajte na: <a href=\"mailto:keramoteka.salon@gmail.com\">keramoteka.salon@gmail.com<\/a><\/strong><\/p>\n<p>Technical description: Product ID: 108600<a class=\"pdfcatal\" href=\"\/\/www.keramika.com\/pdf\/e-ceramica\/sanitary_ware_catalogue.pdf \">Sanitary Ware Catalogue <\/a><br \/><a class=\"pdfcatal\" href=\"\/\/www.keramika.com\/pdf\/e-ceramica\/handicaps_sanitary_ware_catalogue.pdf\">Handicaps Sanitary Ware Catalogue <\/a><br \/><a class=\"pdfcatal\" href=\"\/\/www.keramika.com\/pdf\/e-ceramica\/children's_sanitary_ware_catalogue.pdf\">Children&#8217;s Sanitary Ware Catalogue <\/a><br \/><a class=\"pdfcatal\" href=\"\/\/www.keramika.com\/pdf\/e-ceramica\/special_wash_basin_catalogue.pdf\">Special Wash Basin Catalogue <\/a><br \/><a class=\"pdfcatal\" href=\"\/\/www.keramika.com\/pdf\/e-ceramica\/shower_trays_catalogue.pdf\">Shower Trays Catalogue <\/a><br \/><a class=\"pdfcatal\" href=\"\/\/www.keramika.com\/pdf\/e-ceramica\/shower_doors&#038;cabins_catalogue.pdf\">Shower Doors&#038;Cabins Catalogue <\/a><br \/><a class=\"pdfcatal\" href=\"\/\/www.keramika.com\/pdf\/e-ceramica\/mixers.pdf\">Mixers <\/a><br \/><a class=\"pdfcatal\" href=\"\/\/www.keramika.com\/pdf\/e-ceramica\/bathroom_accessories_catalogue.pdf\">Bathroom Accessories Catalogue <\/a><br \/><a class=\"pdfcatal\" href=\"\/\/www.keramika.com\/pdf\/e-ceramica\/bathtubs_catalogue.pdf\">Bathtubs Catalogue <\/a><br \/><a class=\"pdfcatal\" href=\"\/\/www.keramika.com\/pdf\/e-ceramica\/hydromassage_catalogue.pdf\">Hydromassage Catalogue <\/a><br \/><a class=\"pdfcatal\" href=\"\/\/www.keramika.com\/pdf\/e-ceramica\/bathroom_furniture_catalogue.pdf\">Bathroom Furniture Catalogue<\/a><br \/><a class=\"pdfcatal\" href=\"\/\/www.keramika.com\/pdf\/e-ceramica\/inox_sanitary_ware.pdf\">Stainless steel sanitary ware catalogue <\/a><br ><\/p>\n","protected":false},"excerpt":{"rendered":"<p>Umivalnik Riba 40Posebej uporaben za ro\u010dno pranje perila.Koda izdelka : 108600Material : Visoko kvalitetna keramika, enostavno \u010di\u0161\u010denje in dolga \u017eivljenjska doba.Monta\u017ea v pult ali samostoje\u010di pohi\u0161tveni element.Dimenzije : 390x605x375Te\u017ea: 22,1 kg Pohi\u0161tvo za umivalnik Riba 40Koda izdelka : 66040Dimenzije : 380x605x840Te\u017ea: 16,2 kg Cena: Po dogovoruCenik in katalog za kopalni\u0161ko pohi\u0161tvo Za veleprodajno ceno nas [&hellip;]<\/p>\n","protected":false},"featured_media":102133,"template":"","meta":[],"product_cat":[500,999,9991580,510,514,512],"product_tag":[],"_links":{"self":[{"href":"https:\/\/www.keramika.com\/slovenija\/wp-json\/wp\/v2\/product\/102132"}],"collection":[{"href":"https:\/\/www.keramika.com\/slovenija\/wp-json\/wp\/v2\/product"}],"about":[{"href":"https:\/\/www.keramika.com\/slovenija\/wp-json\/wp\/v2\/types\/product"}],"wp:featuredmedia":[{"embeddable":true,"href":"https:\/\/www.keramika.com\/slovenija\/wp-json\/wp\/v2\/media\/102133"}],"wp:attachment":[{"href":"https:\/\/www.keramika.com\/slovenija\/wp-json\/wp\/v2\/media?parent=102132"}],"wp:term":[{"taxonomy":"product_cat","embeddable":true,"href":"https:\/\/www.keramika.com\/slovenija\/wp-json\/wp\/v2\/product_cat?post=102132"},{"taxonomy":"product_tag","embeddable":true,"href":"https:\/\/www.keramika.com\/slovenija\/wp-json\/wp\/v2\/product_tag?post=102132"}],"curies":[{"name":"wp","href":"https:\/\/api.w.org\/{rel}","templated":true}]}}