{"id":102128,"date":"2017-03-22T23:08:21","date_gmt":"2017-03-22T23:08:21","guid":{"rendered":"http:\/\/keramika.holest.com\/slovenija\/product\/pisoar-cubic\/"},"modified":"2026-01-02T00:00:47","modified_gmt":"2026-01-02T00:00:47","slug":"pisoar-cubic","status":"publish","type":"product","link":"https:\/\/www.keramika.com\/slovenija\/pisoar-cubic\/","title":{"rendered":"Pisoar Cubic"},"content":{"rendered":"<p>Pravokotni pisoar Cubic<br \/>Koda izdelka : 108527<br \/>Dimenzije : 400X300X720 Te\u017ea: 24,9 kg <br \/>Porcelan bele barve, enostavno \u010di\u0161\u010denje, dolga \u017eivljenjska doba.<br \/>&#8212;&#8212;&#8212;&#8212;&#8212; <br \/>Umivalnik Decor<br \/>Koda izdelka : 108740<br \/>Dimenzije : 590x520X185 Te\u017ea: 16,4 kg <br \/>Material : Porcelan bele barve, enostavno \u010di\u0161\u010denje, dolga \u017eivljenjska doba<br \/>Za vgradnjo na pult, oziroma delovno povr\u0161ino. <\/p>\n<p>Kopalni\u0161ka armatura Tube<br \/>Koda izdelka : 5310300<br \/>Material : Medenina, kromirano<br \/>Dimenzije : 45x165x155<br \/>Te\u017ea:  2,5 kg Cena: Po dogovoru <br \/><a class=\"pdfcatal\" href=\"\/\/www.keramika.com\/pdf\/e-ceramica\/sanitary_ware_catalogue.pdf\">Cenik in katalog za sanitarno keramiko <\/a><\/p>\n<p><strong>Za veleprodajno ceno nas kontaktirajte na: <a href=\"mailto:keramoteka.salon@gmail.com\">keramoteka.salon@gmail.com<\/a><\/strong><\/p>\n<p>Technical description: Product ID: 108520<a class=\"pdfcatal\" href=\"\/\/www.keramika.com\/pdf\/e-ceramica\/sanitary_ware_catalogue.pdf \">Sanitary Ware Catalogue <\/a><br \/><a class=\"pdfcatal\" href=\"\/\/www.keramika.com\/pdf\/e-ceramica\/handicaps_sanitary_ware_catalogue.pdf\">Handicaps Sanitary Ware Catalogue <\/a><br \/><a class=\"pdfcatal\" href=\"\/\/www.keramika.com\/pdf\/e-ceramica\/children's_sanitary_ware_catalogue.pdf\">Children&#8217;s Sanitary Ware Catalogue <\/a><br \/><a class=\"pdfcatal\" href=\"\/\/www.keramika.com\/pdf\/e-ceramica\/special_wash_basin_catalogue.pdf\">Special Wash Basin Catalogue <\/a><br \/><a class=\"pdfcatal\" href=\"\/\/www.keramika.com\/pdf\/e-ceramica\/shower_trays_catalogue.pdf\">Shower Trays Catalogue <\/a><br \/><a class=\"pdfcatal\" href=\"\/\/www.keramika.com\/pdf\/e-ceramica\/shower_doors&#038;cabins_catalogue.pdf\">Shower Doors&#038;Cabins Catalogue <\/a><br \/><a class=\"pdfcatal\" href=\"\/\/www.keramika.com\/pdf\/e-ceramica\/mixers.pdf\">Mixers <\/a><br \/><a class=\"pdfcatal\" href=\"\/\/www.keramika.com\/pdf\/e-ceramica\/bathroom_accessories_catalogue.pdf\">Bathroom Accessories Catalogue <\/a><br \/><a class=\"pdfcatal\" href=\"\/\/www.keramika.com\/pdf\/e-ceramica\/bathtubs_catalogue.pdf\">Bathtubs Catalogue <\/a><br \/><a class=\"pdfcatal\" href=\"\/\/www.keramika.com\/pdf\/e-ceramica\/hydromassage_catalogue.pdf\">Hydromassage Catalogue <\/a><br \/><a class=\"pdfcatal\" href=\"\/\/www.keramika.com\/pdf\/e-ceramica\/bathroom_furniture_catalogue.pdf\">Bathroom Furniture Catalogue<\/a><br \/><a class=\"pdfcatal\" href=\"\/\/www.keramika.com\/pdf\/e-ceramica\/inox_sanitary_ware.pdf\">Stainless steel sanitary ware catalogue <\/a><br ><\/p>\n","protected":false},"excerpt":{"rendered":"<p>Pravokotni pisoar CubicKoda izdelka : 108527Dimenzije : 400X300X720 Te\u017ea: 24,9 kg Porcelan bele barve, enostavno \u010di\u0161\u010denje, dolga \u017eivljenjska doba.&#8212;&#8212;&#8212;&#8212;&#8212; Umivalnik DecorKoda izdelka : 108740Dimenzije : 590x520X185 Te\u017ea: 16,4 kg Material : Porcelan bele barve, enostavno \u010di\u0161\u010denje, dolga \u017eivljenjska dobaZa vgradnjo na pult, oziroma delovno povr\u0161ino. Kopalni\u0161ka armatura TubeKoda izdelka : 5310300Material : Medenina, kromiranoDimenzije : [&hellip;]<\/p>\n","protected":false},"featured_media":102129,"template":"","meta":[],"product_cat":[500,999,9991580,510,512],"product_tag":[],"_links":{"self":[{"href":"https:\/\/www.keramika.com\/slovenija\/wp-json\/wp\/v2\/product\/102128"}],"collection":[{"href":"https:\/\/www.keramika.com\/slovenija\/wp-json\/wp\/v2\/product"}],"about":[{"href":"https:\/\/www.keramika.com\/slovenija\/wp-json\/wp\/v2\/types\/product"}],"wp:featuredmedia":[{"embeddable":true,"href":"https:\/\/www.keramika.com\/slovenija\/wp-json\/wp\/v2\/media\/102129"}],"wp:attachment":[{"href":"https:\/\/www.keramika.com\/slovenija\/wp-json\/wp\/v2\/media?parent=102128"}],"wp:term":[{"taxonomy":"product_cat","embeddable":true,"href":"https:\/\/www.keramika.com\/slovenija\/wp-json\/wp\/v2\/product_cat?post=102128"},{"taxonomy":"product_tag","embeddable":true,"href":"https:\/\/www.keramika.com\/slovenija\/wp-json\/wp\/v2\/product_tag?post=102128"}],"curies":[{"name":"wp","href":"https:\/\/api.w.org\/{rel}","templated":true}]}}