{"id":102092,"date":"2017-03-22T23:07:44","date_gmt":"2017-03-22T23:07:44","guid":{"rendered":"http:\/\/keramika.holest.com\/slovenija\/product\/tus-kad-za-invalide-wccare\/"},"modified":"2026-01-02T00:00:42","modified_gmt":"2026-01-02T00:00:42","slug":"tus-kad-za-invalide-wccare","status":"publish","type":"product","link":"https:\/\/www.keramika.com\/slovenija\/tus-kad-za-invalide-wccare\/","title":{"rendered":"Tu\u0161 kad za invalide WCCare"},"content":{"rendered":"<p>Tu\u0161 kad WcCare kolekcija Moraira 80 x 80<br \/>Mo\u017enost vgradnje v nivo tal, kar omogo\u010da dostop z vozi\u010dkom. Primerno tudi za osebe z gibalnimi omejitvami.<br \/>Koda izdelka : 107245<br \/>Material : Keramika, enostavno vzdr\u017eevanje, odporno na kemikalije<br \/>Dimenzije : 800x800x60<br \/>Te\u017ea:  30.6 kg <\/p>\n<p>Na razpolago tudi <br \/>Tu\u0161 kad WcCare kolekcija Moraira 90 x 90<br \/>Koda izdelka : 107255<br \/>Material : Keramika, enostavno vzdr\u017eevanje, odporno na kemikalije<br \/>Dimenzije : 900x900x60<br \/>Te\u017ea:  37,8 kg <br \/>Cena : Po dogovoru <br \/><a class=\"pdfcatal\" href=\"\/\/www.keramika.com\/pdf\/e-ceramica\/handicaps_sanitary_ware_catalogue.pdf\">Cenik in katalog sanitarne keramike za invalide <\/a><\/p>\n<p><strong>Za veleprodajno ceno nas kontaktirajte na: <a href=\"mailto:keramoteka.salon@gmail.com\">keramoteka.salon@gmail.com<\/a><\/strong><\/p>\n<p>Technical description: Product ID: 107245<a class=\"pdfcatal\" href=\"\/\/www.keramika.com\/pdf\/e-ceramica\/sanitary_ware_catalogue.pdf \">Sanitary Ware Catalogue <\/a><br \/><a class=\"pdfcatal\" href=\"\/\/www.keramika.com\/pdf\/e-ceramica\/handicaps_sanitary_ware_catalogue.pdf\">Handicaps Sanitary Ware Catalogue <\/a><br \/><a class=\"pdfcatal\" href=\"\/\/www.keramika.com\/pdf\/e-ceramica\/children's_sanitary_ware_catalogue.pdf\">Children&#8217;s Sanitary Ware Catalogue <\/a><br \/><a class=\"pdfcatal\" href=\"\/\/www.keramika.com\/pdf\/e-ceramica\/special_wash_basin_catalogue.pdf\">Special Wash Basin Catalogue <\/a><br \/><a class=\"pdfcatal\" href=\"\/\/www.keramika.com\/pdf\/e-ceramica\/shower_trays_catalogue.pdf\">Shower Trays Catalogue <\/a><br \/><a class=\"pdfcatal\" href=\"\/\/www.keramika.com\/pdf\/e-ceramica\/shower_doors&#038;cabins_catalogue.pdf\">Shower Doors&#038;Cabins Catalogue <\/a><br \/><a class=\"pdfcatal\" href=\"\/\/www.keramika.com\/pdf\/e-ceramica\/mixers.pdf\">Mixers <\/a><br \/><a class=\"pdfcatal\" href=\"\/\/www.keramika.com\/pdf\/e-ceramica\/bathroom_accessories_catalogue.pdf\">Bathroom Accessories Catalogue <\/a><br \/><a class=\"pdfcatal\" href=\"\/\/www.keramika.com\/pdf\/e-ceramica\/bathtubs_catalogue.pdf\">Bathtubs Catalogue <\/a><br \/><a class=\"pdfcatal\" href=\"\/\/www.keramika.com\/pdf\/e-ceramica\/hydromassage_catalogue.pdf\">Hydromassage Catalogue <\/a><br \/><a class=\"pdfcatal\" href=\"\/\/www.keramika.com\/pdf\/e-ceramica\/bathroom_furniture_catalogue.pdf\">Bathroom Furniture Catalogue<\/a><br \/><a class=\"pdfcatal\" href=\"\/\/www.keramika.com\/pdf\/e-ceramica\/inox_sanitary_ware.pdf\">Stainless steel sanitary ware catalogue <\/a><br ><\/p>\n","protected":false},"excerpt":{"rendered":"<p>Tu\u0161 kad WcCare kolekcija Moraira 80 x 80Mo\u017enost vgradnje v nivo tal, kar omogo\u010da dostop z vozi\u010dkom. Primerno tudi za osebe z gibalnimi omejitvami.Koda izdelka : 107245Material : Keramika, enostavno vzdr\u017eevanje, odporno na kemikalijeDimenzije : 800x800x60Te\u017ea: 30.6 kg Na razpolago tudi Tu\u0161 kad WcCare kolekcija Moraira 90 x 90Koda izdelka : 107255Material : Keramika, enostavno [&hellip;]<\/p>\n","protected":false},"featured_media":102093,"template":"","meta":[],"product_cat":[500,999,9991580,510,511],"product_tag":[],"_links":{"self":[{"href":"https:\/\/www.keramika.com\/slovenija\/wp-json\/wp\/v2\/product\/102092"}],"collection":[{"href":"https:\/\/www.keramika.com\/slovenija\/wp-json\/wp\/v2\/product"}],"about":[{"href":"https:\/\/www.keramika.com\/slovenija\/wp-json\/wp\/v2\/types\/product"}],"wp:featuredmedia":[{"embeddable":true,"href":"https:\/\/www.keramika.com\/slovenija\/wp-json\/wp\/v2\/media\/102093"}],"wp:attachment":[{"href":"https:\/\/www.keramika.com\/slovenija\/wp-json\/wp\/v2\/media?parent=102092"}],"wp:term":[{"taxonomy":"product_cat","embeddable":true,"href":"https:\/\/www.keramika.com\/slovenija\/wp-json\/wp\/v2\/product_cat?post=102092"},{"taxonomy":"product_tag","embeddable":true,"href":"https:\/\/www.keramika.com\/slovenija\/wp-json\/wp\/v2\/product_tag?post=102092"}],"curies":[{"name":"wp","href":"https:\/\/api.w.org\/{rel}","templated":true}]}}