{"id":102088,"date":"2017-03-22T23:07:40","date_gmt":"2017-03-22T23:07:40","guid":{"rendered":"http:\/\/keramika.holest.com\/slovenija\/product\/keramicna-tus-kad-100x70-moraira\/"},"modified":"2026-01-02T00:00:42","modified_gmt":"2026-01-02T00:00:42","slug":"keramicna-tus-kad-100x70-moraira","status":"publish","type":"product","link":"https:\/\/www.keramika.com\/slovenija\/keramicna-tus-kad-100x70-moraira\/","title":{"rendered":"Kerami\u010dna tu\u0161 kad 100&#215;70 Moraira"},"content":{"rendered":"<p>Tu\u0161 kad Moraira 100 x 70<br \/>Koda izdelka : 107192<br \/>Material : Keramika, enostavno vzdr\u017eevanje, odporno na kemikalije<br \/>Dimenzije : 1000x700x110<br \/>Te\u017ea: 38,4 kg <br \/>Vsaka kad posebej pakirana v kartonsko embala\u017eo.<br \/><a class=\"pdfcatal\" href=\"\/\/www.keramika.com\/pdf\/e-ceramica\/shower_trays_catalogue.pdf\">Cenik in katalog za tu\u0161 kadi <\/a><\/p>\n<p><strong>Za veleprodajno ceno nas kontaktirajte na: <a href=\"mailto:keramoteka.salon@gmail.com\">keramoteka.salon@gmail.com<\/a><\/strong><\/p>\n<p>Technical description: Product ID: 107192<a class=\"pdfcatal\" href=\"\/\/www.keramika.com\/pdf\/e-ceramica\/sanitary_ware_catalogue.pdf \">Sanitary Ware Catalogue <\/a><br \/><a class=\"pdfcatal\" href=\"\/\/www.keramika.com\/pdf\/e-ceramica\/handicaps_sanitary_ware_catalogue.pdf\">Handicaps Sanitary Ware Catalogue <\/a><br \/><a class=\"pdfcatal\" href=\"\/\/www.keramika.com\/pdf\/e-ceramica\/children's_sanitary_ware_catalogue.pdf\">Children&#8217;s Sanitary Ware Catalogue <\/a><br \/><a class=\"pdfcatal\" href=\"\/\/www.keramika.com\/pdf\/e-ceramica\/special_wash_basin_catalogue.pdf\">Special Wash Basin Catalogue <\/a><br \/><a class=\"pdfcatal\" href=\"\/\/www.keramika.com\/pdf\/e-ceramica\/shower_trays_catalogue.pdf\">Shower Trays Catalogue <\/a><br \/><a class=\"pdfcatal\" href=\"\/\/www.keramika.com\/pdf\/e-ceramica\/shower_doors&#038;cabins_catalogue.pdf\">Shower Doors&#038;Cabins Catalogue <\/a><br \/><a class=\"pdfcatal\" href=\"\/\/www.keramika.com\/pdf\/e-ceramica\/mixers.pdf\">Mixers <\/a><br \/><a class=\"pdfcatal\" href=\"\/\/www.keramika.com\/pdf\/e-ceramica\/bathroom_accessories_catalogue.pdf\">Bathroom Accessories Catalogue <\/a><br \/><a class=\"pdfcatal\" href=\"\/\/www.keramika.com\/pdf\/e-ceramica\/bathtubs_catalogue.pdf\">Bathtubs Catalogue <\/a><br \/><a class=\"pdfcatal\" href=\"\/\/www.keramika.com\/pdf\/e-ceramica\/hydromassage_catalogue.pdf\">Hydromassage Catalogue <\/a><br \/><a class=\"pdfcatal\" href=\"\/\/www.keramika.com\/pdf\/e-ceramica\/bathroom_furniture_catalogue.pdf\">Bathroom Furniture Catalogue<\/a><br \/><a class=\"pdfcatal\" href=\"\/\/www.keramika.com\/pdf\/e-ceramica\/inox_sanitary_ware.pdf\">Stainless steel sanitary ware catalogue <\/a><br ><\/p>\n","protected":false},"excerpt":{"rendered":"<p>Tu\u0161 kad Moraira 100 x 70Koda izdelka : 107192Material : Keramika, enostavno vzdr\u017eevanje, odporno na kemikalijeDimenzije : 1000x700x110Te\u017ea: 38,4 kg Vsaka kad posebej pakirana v kartonsko embala\u017eo.Cenik in katalog za tu\u0161 kadi Za veleprodajno ceno nas kontaktirajte na: keramoteka.salon@gmail.com Technical description: Product ID: 107192Sanitary Ware Catalogue Handicaps Sanitary Ware Catalogue Children&#8217;s Sanitary Ware Catalogue Special [&hellip;]<\/p>\n","protected":false},"featured_media":102089,"template":"","meta":[],"product_cat":[500,999,9991580,510,530,512],"product_tag":[],"_links":{"self":[{"href":"https:\/\/www.keramika.com\/slovenija\/wp-json\/wp\/v2\/product\/102088"}],"collection":[{"href":"https:\/\/www.keramika.com\/slovenija\/wp-json\/wp\/v2\/product"}],"about":[{"href":"https:\/\/www.keramika.com\/slovenija\/wp-json\/wp\/v2\/types\/product"}],"wp:featuredmedia":[{"embeddable":true,"href":"https:\/\/www.keramika.com\/slovenija\/wp-json\/wp\/v2\/media\/102089"}],"wp:attachment":[{"href":"https:\/\/www.keramika.com\/slovenija\/wp-json\/wp\/v2\/media?parent=102088"}],"wp:term":[{"taxonomy":"product_cat","embeddable":true,"href":"https:\/\/www.keramika.com\/slovenija\/wp-json\/wp\/v2\/product_cat?post=102088"},{"taxonomy":"product_tag","embeddable":true,"href":"https:\/\/www.keramika.com\/slovenija\/wp-json\/wp\/v2\/product_tag?post=102088"}],"curies":[{"name":"wp","href":"https:\/\/api.w.org\/{rel}","templated":true}]}}