{"id":102080,"date":"2017-03-28T23:07:32","date_gmt":"2017-03-28T23:07:32","guid":{"rendered":"http:\/\/keramika.holest.com\/slovenija\/product\/keramicna-tus-kad-75x75-moraira\/"},"modified":"2026-01-02T00:00:40","modified_gmt":"2026-01-02T00:00:40","slug":"keramicna-tus-kad-75x75-moraira","status":"publish","type":"product","link":"https:\/\/www.keramika.com\/slovenija\/keramicna-tus-kad-75x75-moraira\/","title":{"rendered":"Kerami\u010dna tu\u0161 kad 75&#215;75 Moraira"},"content":{"rendered":"<p>Material : Keramika, enostavno vzdr\u017eevanje, odporno na kemikalije<br \/>Vsaka kad je posebej pakirana v kartonsko embala\u017eo.<br \/>\nID:107150 70X70 Moraira tu\u0161 kad 700x700x80 mm \/ 25.4 kg  Cena : 79.06 \u20ac<br \/>\nSifon 49511.<\/p>\n<p>ID:107160 75X75 Moraira tu\u0161 kad 750x750x80 mm \/ 27.2 kg  Cena : 82.26 \u20ac<br \/>\nSifon 49511.<\/p>\n<p>ID:107170 80X80 Moraira tu\u0161 kad 800x800x80 mm \/ 31.2 kg  Cena :86.03 \u20ac<br \/>\nSifon 49511.<\/p>\n<p>ID:107250 90X90 Moraira tu\u0161 kad 900x900x95mm \/ 41.8kg Cena :166.67 \u20ac<br \/>\nSifon 49511.<\/p>\n<p>ID:107192 100X70 Moraira tu\u0161 kad 1000x700x110mm \/ 34.7kg Cena :226.96 \u20ac<br \/>\nSifon 49511.<br \/>\nplatforma Moraira 60717.<\/p>\n<p>ID:107202 120X70 Moraira tu\u0161 kad 1200x700x110mm \/ 38.8kg Cena :284.49 \u20ac<br \/>\nSifon 49511.<br \/>\nplatforma Moraira 60718.<\/p>\n<p>ID:107212 120X80 Moraira tu\u0161 kad 1200x800x110mm \/ 52.0kg Cena :308.67 \u20ac<br \/>\nSifon 49511.<br \/>\nplatforma Moraira 60719.<\/p>\n<p>ID:107261 90X70 Right Corner Moraira tu\u0161 kad 900x700x80mm \/ 31.2kg Cena :230.36 \u20ac<br \/>\nSifon 49511.<\/p>\n<p>ID:107271 90X70 Left Corner Moraira tu\u0161 kad 900x700x80mm \/ 31.2kg Cena :230.36 \u20ac<br \/>\nSifon 49511.<\/p>\n<p>ID:107161 75X75 Corner Moraira tu\u0161 kad Without Edge 750x750x80mm \/ 26.0kg  Cena :158.53 \u20ac<br \/>\nSifon 49511.<\/p>\n<p>ID:107171 80X80 Corner Moraira tu\u0161 kad Without Edge 800x800x80mm \/ 26.4kg Cena : 162.03 \u20ac<br \/>\nSifon 49511.<\/p>\n<p>ID:107221 80X80 Corner Moraira tu\u0161 kad With Edge 800x800x120mm \/ 33.2kg Cena : 162.03 \u20ac<br \/>\nSifon 49511.<\/p>\n<p>ID:107231 90X90 Corner Moraira tu\u0161 kad With Edge 900x900x120mm \/ 39.0kg Cena : 229.04 \u20ac<br \/>\nSifon 49511.<\/p>\n<p>ID:107245 Countertop 80X80 Moraira tu\u0161 kad 800x800x60mm \/ 30.6kg  Cena : 161.68 \u20ac<br \/>\nSifon 49911.<\/p>\n<p>ID:107255 Countertop 90X90 Moraira tu\u0161 kad 900x900x60mm \/ 37.8kg Cena : 178.71 \u20ac<br \/>\nSifon 49911.<\/p>\n<p><a class=\"pdfcatal\" href=\"\/\/www.keramika.com\/pdf\/e-ceramica\/shower_trays_catalogue.pdf\">Cenik in katalog za tu\u0161 kadi <\/a><\/p>\n<p><strong>Za veleprodajno ceno nas kontaktirajte na: <a href=\"mailto:keramoteka.salon@gmail.com\">keramoteka.salon@gmail.com<\/a><\/strong><\/p>\n<p>Technical description: Product ID: 107160<a class=\"pdfcatal\" href=\"\/\/www.keramika.com\/pdf\/e-ceramica\/sanitary_ware_catalogue.pdf \">Sanitary Ware Catalogue <\/a><br \/><a class=\"pdfcatal\" href=\"\/\/www.keramika.com\/pdf\/e-ceramica\/handicaps_sanitary_ware_catalogue.pdf\">Handicaps Sanitary Ware Catalogue <\/a><br \/><a class=\"pdfcatal\" href=\"\/\/www.keramika.com\/pdf\/e-ceramica\/children's_sanitary_ware_catalogue.pdf\">Children&#8217;s Sanitary Ware Catalogue <\/a><br \/><a class=\"pdfcatal\" href=\"\/\/www.keramika.com\/pdf\/e-ceramica\/special_wash_basin_catalogue.pdf\">Special Wash Basin Catalogue <\/a><br \/><a class=\"pdfcatal\" href=\"\/\/www.keramika.com\/pdf\/e-ceramica\/shower_trays_catalogue.pdf\">Shower Trays Catalogue <\/a><br \/><a class=\"pdfcatal\" href=\"\/\/www.keramika.com\/pdf\/e-ceramica\/shower_doors&#038;cabins_catalogue.pdf\">Shower Doors&#038;Cabins Catalogue <\/a><br \/><a class=\"pdfcatal\" href=\"\/\/www.keramika.com\/pdf\/e-ceramica\/mixers.pdf\">Mixers <\/a><br \/><a class=\"pdfcatal\" href=\"\/\/www.keramika.com\/pdf\/e-ceramica\/bathroom_accessories_catalogue.pdf\">Bathroom Accessories Catalogue <\/a><br \/><a class=\"pdfcatal\" href=\"\/\/www.keramika.com\/pdf\/e-ceramica\/bathtubs_catalogue.pdf\">Bathtubs Catalogue <\/a><br \/><a class=\"pdfcatal\" href=\"\/\/www.keramika.com\/pdf\/e-ceramica\/hydromassage_catalogue.pdf\">Hydromassage Catalogue <\/a><br \/><a class=\"pdfcatal\" href=\"\/\/www.keramika.com\/pdf\/e-ceramica\/bathroom_furniture_catalogue.pdf\">Bathroom Furniture Catalogue<\/a><br \/><a class=\"pdfcatal\" href=\"\/\/www.keramika.com\/pdf\/e-ceramica\/inox_sanitary_ware.pdf\">Stainless steel sanitary ware catalogue <\/a><br ><\/p>\n","protected":false},"excerpt":{"rendered":"<p>Kerami\u010dna tu\u0161 kad<\/p>\n","protected":false},"featured_media":102081,"template":"","meta":[],"product_cat":[500,999,9991580,510,530,512],"product_tag":[],"_links":{"self":[{"href":"https:\/\/www.keramika.com\/slovenija\/wp-json\/wp\/v2\/product\/102080"}],"collection":[{"href":"https:\/\/www.keramika.com\/slovenija\/wp-json\/wp\/v2\/product"}],"about":[{"href":"https:\/\/www.keramika.com\/slovenija\/wp-json\/wp\/v2\/types\/product"}],"wp:featuredmedia":[{"embeddable":true,"href":"https:\/\/www.keramika.com\/slovenija\/wp-json\/wp\/v2\/media\/102081"}],"wp:attachment":[{"href":"https:\/\/www.keramika.com\/slovenija\/wp-json\/wp\/v2\/media?parent=102080"}],"wp:term":[{"taxonomy":"product_cat","embeddable":true,"href":"https:\/\/www.keramika.com\/slovenija\/wp-json\/wp\/v2\/product_cat?post=102080"},{"taxonomy":"product_tag","embeddable":true,"href":"https:\/\/www.keramika.com\/slovenija\/wp-json\/wp\/v2\/product_tag?post=102080"}],"curies":[{"name":"wp","href":"https:\/\/api.w.org\/{rel}","templated":true}]}}