{"id":102056,"date":"2017-03-22T23:07:09","date_gmt":"2017-03-22T23:07:09","guid":{"rendered":"http:\/\/keramika.holest.com\/slovenija\/product\/keramicna-tus-kad-75x75-quadra\/"},"modified":"2026-01-02T00:00:36","modified_gmt":"2026-01-02T00:00:36","slug":"keramicna-tus-kad-75x75-quadra","status":"publish","type":"product","link":"https:\/\/www.keramika.com\/slovenija\/keramicna-tus-kad-75x75-quadra\/","title":{"rendered":"Kerami\u010dna tu\u0161 kad 75&#215;75 Quadra"},"content":{"rendered":"<p>Kerami\u010dna tu\u0161 kad Quadra 75&#215;75<br \/>Koda izdelka : 107020  Material : Porcelan<br \/>Dimenzije tu\u0161 kadi : 750x750x120<br \/>Tu\u0161 kad je pakirana v kartonsko embala\u017eo, te\u017ea : 32 kg.<\/p>\n<p>Kerami\u010dna tu\u0161 kad Quadra 80&#215;80<br \/>Koda izdelka : 107130  Material : Porcelan<br \/>Dimenzije tu\u0161 kadi : 800x800x120<br \/>Tu\u0161 kad je pakirana v kartonsko embala\u017eo, te\u017ea : 33,7 kg.<\/p>\n<p>Kerami\u010dna tu\u0161 kad Quadra 90&#215;90<br \/>Koda izdelka : 107050  Material : Porcelan<br \/>Dimenzije tu\u0161 kadi : 900x900x120<br \/>Tu\u0161 kad je pakirana v kartonsko embala\u017eo, te\u017ea : 43 kg.<\/p>\n<p><a class=\"pdfcatal\" href=\"\/\/www.keramika.com\/pdf\/e-ceramica\/shower_trays_catalogue.pdf\">Cenik in katalog za kopalni\u0161ko opremo <\/a><\/p>\n<p><strong>Za veleprodajno ceno nas kontaktirajte na: <a href=\"mailto:keramoteka.salon@gmail.com\">keramoteka.salon@gmail.com<\/a><\/strong><\/p>\n<p>Technical description: Product ID: 107020<\/p>\n<p>Technical description: Product ID: 107020<a class=\"pdfcatal\" href=\"\/\/www.keramika.com\/pdf\/e-ceramica\/sanitary_ware_catalogue.pdf \">Sanitary Ware Catalogue <\/a><br \/><a class=\"pdfcatal\" href=\"\/\/www.keramika.com\/pdf\/e-ceramica\/handicaps_sanitary_ware_catalogue.pdf\">Handicaps Sanitary Ware Catalogue <\/a><br \/><a class=\"pdfcatal\" href=\"\/\/www.keramika.com\/pdf\/e-ceramica\/children's_sanitary_ware_catalogue.pdf\">Children&#8217;s Sanitary Ware Catalogue <\/a><br \/><a class=\"pdfcatal\" href=\"\/\/www.keramika.com\/pdf\/e-ceramica\/special_wash_basin_catalogue.pdf\">Special Wash Basin Catalogue <\/a><br \/><a class=\"pdfcatal\" href=\"\/\/www.keramika.com\/pdf\/e-ceramica\/shower_trays_catalogue.pdf\">Shower Trays Catalogue <\/a><br \/><a class=\"pdfcatal\" href=\"\/\/www.keramika.com\/pdf\/e-ceramica\/shower_doors&#038;cabins_catalogue.pdf\">Shower Doors&#038;Cabins Catalogue <\/a><br \/><a class=\"pdfcatal\" href=\"\/\/www.keramika.com\/pdf\/e-ceramica\/mixers.pdf\">Mixers <\/a><br \/><a class=\"pdfcatal\" href=\"\/\/www.keramika.com\/pdf\/e-ceramica\/bathroom_accessories_catalogue.pdf\">Bathroom Accessories Catalogue <\/a><br \/><a class=\"pdfcatal\" href=\"\/\/www.keramika.com\/pdf\/e-ceramica\/bathtubs_catalogue.pdf\">Bathtubs Catalogue <\/a><br \/><a class=\"pdfcatal\" href=\"\/\/www.keramika.com\/pdf\/e-ceramica\/hydromassage_catalogue.pdf\">Hydromassage Catalogue <\/a><br \/><a class=\"pdfcatal\" href=\"\/\/www.keramika.com\/pdf\/e-ceramica\/bathroom_furniture_catalogue.pdf\">Bathroom Furniture Catalogue<\/a><br \/><a class=\"pdfcatal\" href=\"\/\/www.keramika.com\/pdf\/e-ceramica\/inox_sanitary_ware.pdf\">Stainless steel sanitary ware catalogue <\/a><br ><\/p>\n","protected":false},"excerpt":{"rendered":"<p>Kerami\u010dna tu\u0161 kad Quadra 75&#215;75Koda izdelka : 107020 Material : PorcelanDimenzije tu\u0161 kadi : 750x750x120Tu\u0161 kad je pakirana v kartonsko embala\u017eo, te\u017ea : 32 kg. Kerami\u010dna tu\u0161 kad Quadra 80&#215;80Koda izdelka : 107130 Material : PorcelanDimenzije tu\u0161 kadi : 800x800x120Tu\u0161 kad je pakirana v kartonsko embala\u017eo, te\u017ea : 33,7 kg. Kerami\u010dna tu\u0161 kad Quadra 90&#215;90Koda [&hellip;]<\/p>\n","protected":false},"featured_media":102057,"template":"","meta":[],"product_cat":[500,999,9991580,530],"product_tag":[],"_links":{"self":[{"href":"https:\/\/www.keramika.com\/slovenija\/wp-json\/wp\/v2\/product\/102056"}],"collection":[{"href":"https:\/\/www.keramika.com\/slovenija\/wp-json\/wp\/v2\/product"}],"about":[{"href":"https:\/\/www.keramika.com\/slovenija\/wp-json\/wp\/v2\/types\/product"}],"wp:featuredmedia":[{"embeddable":true,"href":"https:\/\/www.keramika.com\/slovenija\/wp-json\/wp\/v2\/media\/102057"}],"wp:attachment":[{"href":"https:\/\/www.keramika.com\/slovenija\/wp-json\/wp\/v2\/media?parent=102056"}],"wp:term":[{"taxonomy":"product_cat","embeddable":true,"href":"https:\/\/www.keramika.com\/slovenija\/wp-json\/wp\/v2\/product_cat?post=102056"},{"taxonomy":"product_tag","embeddable":true,"href":"https:\/\/www.keramika.com\/slovenija\/wp-json\/wp\/v2\/product_tag?post=102056"}],"curies":[{"name":"wp","href":"https:\/\/api.w.org\/{rel}","templated":true}]}}