{"id":102052,"date":"2017-03-22T23:07:06","date_gmt":"2017-03-22T23:07:06","guid":{"rendered":"http:\/\/keramika.holest.com\/slovenija\/product\/viseci-wc-bide-nau\/"},"modified":"2026-01-02T00:00:36","modified_gmt":"2026-01-02T00:00:36","slug":"viseci-wc-bide-nau","status":"publish","type":"product","link":"https:\/\/www.keramika.com\/slovenija\/viseci-wc-bide-nau\/","title":{"rendered":"Vise\u010di WC bide Nau"},"content":{"rendered":"<p>Bide Nau <br \/>Koda izdelka : 106450<br \/>Material : Visoko kvaliteten porcelan zagotavlja enostavno \u010di\u0161\u010denje in dolgo \u017eivljenjsko dobo.<br \/>Dimenzije : 380x560x315<br \/>Te\u017ea:  20,4kg<br \/>Pakirano v kartonsko embala\u017eo<\/p>\n<p>Armatura za bide Arqua<br \/>Koda izdelka : 5330400  Cena : Po dogovoru <br \/>Armatura je pakirana v kartonsko embala\u017eo, te\u017ea : 2,4 kg<br \/><a class=\"pdfcatal\" href=\"\/\/www.keramika.com\/pdf\/e-ceramica\/sanitary_ware_catalogue.pdf\">Cenik in katalog za sanitarno keramiko <\/a><\/p>\n<p><strong>Za veleprodajno ceno nas kontaktirajte na: <a href=\"mailto:keramoteka.salon@gmail.com\">keramoteka.salon@gmail.com<\/a><\/strong><\/p>\n<p>Technical description: Product ID: 106450<a class=\"pdfcatal\" href=\"\/\/www.keramika.com\/pdf\/e-ceramica\/sanitary_ware_catalogue.pdf \">Sanitary Ware Catalogue <\/a><br \/><a class=\"pdfcatal\" href=\"\/\/www.keramika.com\/pdf\/e-ceramica\/handicaps_sanitary_ware_catalogue.pdf\">Handicaps Sanitary Ware Catalogue <\/a><br \/><a class=\"pdfcatal\" href=\"\/\/www.keramika.com\/pdf\/e-ceramica\/children's_sanitary_ware_catalogue.pdf\">Children&#8217;s Sanitary Ware Catalogue <\/a><br \/><a class=\"pdfcatal\" href=\"\/\/www.keramika.com\/pdf\/e-ceramica\/special_wash_basin_catalogue.pdf\">Special Wash Basin Catalogue <\/a><br \/><a class=\"pdfcatal\" href=\"\/\/www.keramika.com\/pdf\/e-ceramica\/shower_trays_catalogue.pdf\">Shower Trays Catalogue <\/a><br \/><a class=\"pdfcatal\" href=\"\/\/www.keramika.com\/pdf\/e-ceramica\/shower_doors&#038;cabins_catalogue.pdf\">Shower Doors&#038;Cabins Catalogue <\/a><br \/><a class=\"pdfcatal\" href=\"\/\/www.keramika.com\/pdf\/e-ceramica\/mixers.pdf\">Mixers <\/a><br \/><a class=\"pdfcatal\" href=\"\/\/www.keramika.com\/pdf\/e-ceramica\/bathroom_accessories_catalogue.pdf\">Bathroom Accessories Catalogue <\/a><br \/><a class=\"pdfcatal\" href=\"\/\/www.keramika.com\/pdf\/e-ceramica\/bathtubs_catalogue.pdf\">Bathtubs Catalogue <\/a><br \/><a class=\"pdfcatal\" href=\"\/\/www.keramika.com\/pdf\/e-ceramica\/hydromassage_catalogue.pdf\">Hydromassage Catalogue <\/a><br \/><a class=\"pdfcatal\" href=\"\/\/www.keramika.com\/pdf\/e-ceramica\/bathroom_furniture_catalogue.pdf\">Bathroom Furniture Catalogue<\/a><br \/><a class=\"pdfcatal\" href=\"\/\/www.keramika.com\/pdf\/e-ceramica\/inox_sanitary_ware.pdf\">Stainless steel sanitary ware catalogue <\/a><br ><\/p>\n","protected":false},"excerpt":{"rendered":"<p>Bide Nau Koda izdelka : 106450Material : Visoko kvaliteten porcelan zagotavlja enostavno \u010di\u0161\u010denje in dolgo \u017eivljenjsko dobo.Dimenzije : 380x560x315Te\u017ea: 20,4kgPakirano v kartonsko embala\u017eo Armatura za bide ArquaKoda izdelka : 5330400 Cena : Po dogovoru Armatura je pakirana v kartonsko embala\u017eo, te\u017ea : 2,4 kgCenik in katalog za sanitarno keramiko Za veleprodajno ceno nas kontaktirajte na: [&hellip;]<\/p>\n","protected":false},"featured_media":102053,"template":"","meta":[],"product_cat":[516,500,999,9991580,510],"product_tag":[],"_links":{"self":[{"href":"https:\/\/www.keramika.com\/slovenija\/wp-json\/wp\/v2\/product\/102052"}],"collection":[{"href":"https:\/\/www.keramika.com\/slovenija\/wp-json\/wp\/v2\/product"}],"about":[{"href":"https:\/\/www.keramika.com\/slovenija\/wp-json\/wp\/v2\/types\/product"}],"wp:featuredmedia":[{"embeddable":true,"href":"https:\/\/www.keramika.com\/slovenija\/wp-json\/wp\/v2\/media\/102053"}],"wp:attachment":[{"href":"https:\/\/www.keramika.com\/slovenija\/wp-json\/wp\/v2\/media?parent=102052"}],"wp:term":[{"taxonomy":"product_cat","embeddable":true,"href":"https:\/\/www.keramika.com\/slovenija\/wp-json\/wp\/v2\/product_cat?post=102052"},{"taxonomy":"product_tag","embeddable":true,"href":"https:\/\/www.keramika.com\/slovenija\/wp-json\/wp\/v2\/product_tag?post=102052"}],"curies":[{"name":"wp","href":"https:\/\/api.w.org\/{rel}","templated":true}]}}