{"id":102050,"date":"2017-03-22T23:07:04","date_gmt":"2017-03-22T23:07:04","guid":{"rendered":"http:\/\/keramika.holest.com\/slovenija\/product\/keramicni-wc-bide-nau\/"},"modified":"2026-01-02T00:00:36","modified_gmt":"2026-01-02T00:00:36","slug":"keramicni-wc-bide-nau","status":"publish","type":"product","link":"https:\/\/www.keramika.com\/slovenija\/keramicni-wc-bide-nau\/","title":{"rendered":"Kerami\u010dni WC bide Nau"},"content":{"rendered":"<p>Bide Nau stoje\u010d<br \/>Koda izdelka : 106410<br \/>Material : Visoko kvaliteten porcelan zagotavlja enostavno \u010di\u0161\u010denje in dolgo \u017eivljenjsko dobo.<br \/>Dimenzije : 380x560x405<br \/>Te\u017ea:  21,9 kg<br \/>Pakirano v kartonsko embala\u017eo<\/p>\n<p>BideNau z odprtinami za pritrditev pokrova<br \/>Koda izdelka : 106415 Cena : Po dogovoru <br \/>Pokrov za bide Nau<br \/>Koda izdelka : 20641 Cena : Po dogovoru<\/p>\n<p>Armatura za bide Arqua<br \/>Koda izdelka : 5330400  Cena : Po dogovoru <br \/>Armatura je pakirana v kartonsko embala\u017eo, te\u017ea : 2,4 kg<br \/><a class=\"pdfcatal\" href=\"\/\/www.keramika.com\/pdf\/e-ceramica\/sanitary_ware_catalogue.pdf\">Cenik in katalog za sanitarno keramiko <\/a><\/p>\n<p><strong>Za veleprodajno ceno nas kontaktirajte na: <a href=\"mailto:keramoteka.salon@gmail.com\">keramoteka.salon@gmail.com<\/a><\/strong><\/p>\n<p>Technical description: Product ID: 106410<a class=\"pdfcatal\" href=\"\/\/www.keramika.com\/pdf\/e-ceramica\/sanitary_ware_catalogue.pdf \">Sanitary Ware Catalogue <\/a><br \/><a class=\"pdfcatal\" href=\"\/\/www.keramika.com\/pdf\/e-ceramica\/handicaps_sanitary_ware_catalogue.pdf\">Handicaps Sanitary Ware Catalogue <\/a><br \/><a class=\"pdfcatal\" href=\"\/\/www.keramika.com\/pdf\/e-ceramica\/children's_sanitary_ware_catalogue.pdf\">Children&#8217;s Sanitary Ware Catalogue <\/a><br \/><a class=\"pdfcatal\" href=\"\/\/www.keramika.com\/pdf\/e-ceramica\/special_wash_basin_catalogue.pdf\">Special Wash Basin Catalogue <\/a><br \/><a class=\"pdfcatal\" href=\"\/\/www.keramika.com\/pdf\/e-ceramica\/shower_trays_catalogue.pdf\">Shower Trays Catalogue <\/a><br \/><a class=\"pdfcatal\" href=\"\/\/www.keramika.com\/pdf\/e-ceramica\/shower_doors&#038;cabins_catalogue.pdf\">Shower Doors&#038;Cabins Catalogue <\/a><br \/><a class=\"pdfcatal\" href=\"\/\/www.keramika.com\/pdf\/e-ceramica\/mixers.pdf\">Mixers <\/a><br \/><a class=\"pdfcatal\" href=\"\/\/www.keramika.com\/pdf\/e-ceramica\/bathroom_accessories_catalogue.pdf\">Bathroom Accessories Catalogue <\/a><br \/><a class=\"pdfcatal\" href=\"\/\/www.keramika.com\/pdf\/e-ceramica\/bathtubs_catalogue.pdf\">Bathtubs Catalogue <\/a><br \/><a class=\"pdfcatal\" href=\"\/\/www.keramika.com\/pdf\/e-ceramica\/hydromassage_catalogue.pdf\">Hydromassage Catalogue <\/a><br \/><a class=\"pdfcatal\" href=\"\/\/www.keramika.com\/pdf\/e-ceramica\/bathroom_furniture_catalogue.pdf\">Bathroom Furniture Catalogue<\/a><br \/><a class=\"pdfcatal\" href=\"\/\/www.keramika.com\/pdf\/e-ceramica\/inox_sanitary_ware.pdf\">Stainless steel sanitary ware catalogue <\/a><br ><\/p>\n","protected":false},"excerpt":{"rendered":"<p>Bide Nau stoje\u010dKoda izdelka : 106410Material : Visoko kvaliteten porcelan zagotavlja enostavno \u010di\u0161\u010denje in dolgo \u017eivljenjsko dobo.Dimenzije : 380x560x405Te\u017ea: 21,9 kgPakirano v kartonsko embala\u017eo BideNau z odprtinami za pritrditev pokrovaKoda izdelka : 106415 Cena : Po dogovoru Pokrov za bide NauKoda izdelka : 20641 Cena : Po dogovoru Armatura za bide ArquaKoda izdelka : 5330400 [&hellip;]<\/p>\n","protected":false},"featured_media":102051,"template":"","meta":[],"product_cat":[516,500,999,9991580,510],"product_tag":[],"_links":{"self":[{"href":"https:\/\/www.keramika.com\/slovenija\/wp-json\/wp\/v2\/product\/102050"}],"collection":[{"href":"https:\/\/www.keramika.com\/slovenija\/wp-json\/wp\/v2\/product"}],"about":[{"href":"https:\/\/www.keramika.com\/slovenija\/wp-json\/wp\/v2\/types\/product"}],"wp:featuredmedia":[{"embeddable":true,"href":"https:\/\/www.keramika.com\/slovenija\/wp-json\/wp\/v2\/media\/102051"}],"wp:attachment":[{"href":"https:\/\/www.keramika.com\/slovenija\/wp-json\/wp\/v2\/media?parent=102050"}],"wp:term":[{"taxonomy":"product_cat","embeddable":true,"href":"https:\/\/www.keramika.com\/slovenija\/wp-json\/wp\/v2\/product_cat?post=102050"},{"taxonomy":"product_tag","embeddable":true,"href":"https:\/\/www.keramika.com\/slovenija\/wp-json\/wp\/v2\/product_tag?post=102050"}],"curies":[{"name":"wp","href":"https:\/\/api.w.org\/{rel}","templated":true}]}}