{"id":102046,"date":"2017-03-22T23:07:01","date_gmt":"2017-03-22T23:07:01","guid":{"rendered":"http:\/\/keramika.holest.com\/slovenija\/product\/umivalnik-66-nau\/"},"modified":"2026-01-02T00:00:35","modified_gmt":"2026-01-02T00:00:35","slug":"umivalnik-66-nau","status":"publish","type":"product","link":"https:\/\/www.keramika.com\/slovenija\/umivalnik-66-nau\/","title":{"rendered":"Umivalnik 66 Nau"},"content":{"rendered":"<p>Umivalnik Nau 66                          <br \/>Koda izdelka :  106320<br \/>Material : Porcelan, enostavno \u010di\u0161\u010denje in dolga \u017eivljenjska doba.<br \/>Dimenzije : 610x450x195<br \/>Te\u017ea:  15,6 kg <\/p>\n<p>Noga za umivalnik Nau 66<br \/>Koda izdelka : 106200 Cena : Po dogovoru  <br \/>Material : Porcelan<br \/>Dimenzije : \u00d8205&#215;720<br \/>Te\u017ea:  9,2 kg<\/p>\n<p>Polnoga za umivalnik Advance<br \/>Koda izdelka : 106220 Cena : Po dogovoru<br \/>Material : Porcelan<br \/>Dimenzije : 205x320x350<br \/>Te\u017ea:  10,4 kg<br \/><a class=\"pdfcatal\" href=\"\/\/www.keramika.com\/pdf\/e-ceramica\/sanitary_ware_catalogue.pdf\">Cenik in katalog za sanitarno keramiko <\/a><\/p>\n<p><strong>Za veleprodajno ceno nas kontaktirajte na: <a href=\"mailto:keramoteka.salon@gmail.com\">keramoteka.salon@gmail.com<\/a><\/strong><\/p>\n<p>Technical description: Product ID: 106320<a class=\"pdfcatal\" href=\"\/\/www.keramika.com\/pdf\/e-ceramica\/sanitary_ware_catalogue.pdf \">Sanitary Ware Catalogue <\/a><br \/><a class=\"pdfcatal\" href=\"\/\/www.keramika.com\/pdf\/e-ceramica\/handicaps_sanitary_ware_catalogue.pdf\">Handicaps Sanitary Ware Catalogue <\/a><br \/><a class=\"pdfcatal\" href=\"\/\/www.keramika.com\/pdf\/e-ceramica\/children's_sanitary_ware_catalogue.pdf\">Children&#8217;s Sanitary Ware Catalogue <\/a><br \/><a class=\"pdfcatal\" href=\"\/\/www.keramika.com\/pdf\/e-ceramica\/special_wash_basin_catalogue.pdf\">Special Wash Basin Catalogue <\/a><br \/><a class=\"pdfcatal\" href=\"\/\/www.keramika.com\/pdf\/e-ceramica\/shower_trays_catalogue.pdf\">Shower Trays Catalogue <\/a><br \/><a class=\"pdfcatal\" href=\"\/\/www.keramika.com\/pdf\/e-ceramica\/shower_doors&#038;cabins_catalogue.pdf\">Shower Doors&#038;Cabins Catalogue <\/a><br \/><a class=\"pdfcatal\" href=\"\/\/www.keramika.com\/pdf\/e-ceramica\/mixers.pdf\">Mixers <\/a><br \/><a class=\"pdfcatal\" href=\"\/\/www.keramika.com\/pdf\/e-ceramica\/bathroom_accessories_catalogue.pdf\">Bathroom Accessories Catalogue <\/a><br \/><a class=\"pdfcatal\" href=\"\/\/www.keramika.com\/pdf\/e-ceramica\/bathtubs_catalogue.pdf\">Bathtubs Catalogue <\/a><br \/><a class=\"pdfcatal\" href=\"\/\/www.keramika.com\/pdf\/e-ceramica\/hydromassage_catalogue.pdf\">Hydromassage Catalogue <\/a><br \/><a class=\"pdfcatal\" href=\"\/\/www.keramika.com\/pdf\/e-ceramica\/bathroom_furniture_catalogue.pdf\">Bathroom Furniture Catalogue<\/a><br \/><a class=\"pdfcatal\" href=\"\/\/www.keramika.com\/pdf\/e-ceramica\/inox_sanitary_ware.pdf\">Stainless steel sanitary ware catalogue <\/a><br ><\/p>\n","protected":false},"excerpt":{"rendered":"<p>Umivalnik Nau 66 Koda izdelka : 106320Material : Porcelan, enostavno \u010di\u0161\u010denje in dolga \u017eivljenjska doba.Dimenzije : 610x450x195Te\u017ea: 15,6 kg Noga za umivalnik Nau 66Koda izdelka : 106200 Cena : Po dogovoru Material : PorcelanDimenzije : \u00d8205&#215;720Te\u017ea: 9,2 kg Polnoga za umivalnik AdvanceKoda izdelka : 106220 Cena : Po dogovoruMaterial : PorcelanDimenzije : 205x320x350Te\u017ea: 10,4 kgCenik [&hellip;]<\/p>\n","protected":false},"featured_media":102047,"template":"","meta":[],"product_cat":[500,999,9991580,510,514],"product_tag":[],"_links":{"self":[{"href":"https:\/\/www.keramika.com\/slovenija\/wp-json\/wp\/v2\/product\/102046"}],"collection":[{"href":"https:\/\/www.keramika.com\/slovenija\/wp-json\/wp\/v2\/product"}],"about":[{"href":"https:\/\/www.keramika.com\/slovenija\/wp-json\/wp\/v2\/types\/product"}],"wp:featuredmedia":[{"embeddable":true,"href":"https:\/\/www.keramika.com\/slovenija\/wp-json\/wp\/v2\/media\/102047"}],"wp:attachment":[{"href":"https:\/\/www.keramika.com\/slovenija\/wp-json\/wp\/v2\/media?parent=102046"}],"wp:term":[{"taxonomy":"product_cat","embeddable":true,"href":"https:\/\/www.keramika.com\/slovenija\/wp-json\/wp\/v2\/product_cat?post=102046"},{"taxonomy":"product_tag","embeddable":true,"href":"https:\/\/www.keramika.com\/slovenija\/wp-json\/wp\/v2\/product_tag?post=102046"}],"curies":[{"name":"wp","href":"https:\/\/api.w.org\/{rel}","templated":true}]}}