{"id":102028,"date":"2017-03-22T23:06:44","date_gmt":"2017-03-22T23:06:44","guid":{"rendered":"http:\/\/keramika.holest.com\/slovenija\/product\/wc-skoljka-millennium-fd\/"},"modified":"2026-01-02T00:00:33","modified_gmt":"2026-01-02T00:00:33","slug":"wc-skoljka-millennium-fd","status":"publish","type":"product","link":"https:\/\/www.keramika.com\/slovenija\/wc-skoljka-millennium-fd\/","title":{"rendered":"WC \u0161koljka Millennium F\/D"},"content":{"rendered":"<p>WC \u0161koljka Millennium<br \/>Koda izdelka : 105021  <br \/>Material : Porcelan, visoka kvaliteta zagotavlja enostavno \u010di\u0161\u010denje in dolgo \u017eivljenjsko dobo.<br \/>Dimenzije : 420x710x415<br \/>Te\u017ea: 41,6 kg<br \/>Mo\u017enost odtoka v tla ali steno.<\/p>\n<p>Rezervoar za WC \u0161koljko<br \/>Koda izdelka : 105111  Cena : Po dogovoru <br \/>Material : Porcelan<br \/>Dimenzije 390x160x430 Te\u017ea: 16,2 kg<\/p>\n<p>Nosilec rezervoarja <br \/>Koda izdelka : 105821  Cena : Po dogovoru<br \/>Material : Porcelan<br \/>Dimenzije 390x160x430 Te\u017ea: 8,0 kg<\/p>\n<p>Mehanizem za WC \u0161koljko z mo\u017enostjo izpusta 3 ali 6 litrov vode<br \/>Koda izdelka : 30511114  Cena : Po dogovoru<br \/>Te\u017ea 0,8 kg<\/p>\n<p>Deska za WC \u0161koljko <br \/>Koda izdelka : 20511 Cena : Po dogovoru<br \/>Te\u017ea 3,1 kg<br \/>Te\u010daji iz nerjave\u010dega jekla. Popolno prileganje.<\/p>\n<p>Vsak element je posami\u010dno pakiran v kartonsko embala\u017eo.<br \/><a class=\"pdfcatal\" href=\"\/\/www.keramika.com\/pdf\/e-ceramica\/sanitary_ware_catalogue.pdf\">Cenik in katalog za sanitarno keramiko <\/a><\/p>\n<p><strong>Za veleprodajno ceno nas kontaktirajte na: <a href=\"mailto:keramoteka.salon@gmail.com\">keramoteka.salon@gmail.com<\/a><\/strong><\/p>\n<p>Technical description: Product ID: 105021<a class=\"pdfcatal\" href=\"\/\/www.keramika.com\/pdf\/e-ceramica\/sanitary_ware_catalogue.pdf \">Sanitary Ware Catalogue <\/a><br \/><a class=\"pdfcatal\" href=\"\/\/www.keramika.com\/pdf\/e-ceramica\/handicaps_sanitary_ware_catalogue.pdf\">Handicaps Sanitary Ware Catalogue <\/a><br \/><a class=\"pdfcatal\" href=\"\/\/www.keramika.com\/pdf\/e-ceramica\/children's_sanitary_ware_catalogue.pdf\">Children&#8217;s Sanitary Ware Catalogue <\/a><br \/><a class=\"pdfcatal\" href=\"\/\/www.keramika.com\/pdf\/e-ceramica\/special_wash_basin_catalogue.pdf\">Special Wash Basin Catalogue <\/a><br \/><a class=\"pdfcatal\" href=\"\/\/www.keramika.com\/pdf\/e-ceramica\/shower_trays_catalogue.pdf\">Shower Trays Catalogue <\/a><br \/><a class=\"pdfcatal\" href=\"\/\/www.keramika.com\/pdf\/e-ceramica\/shower_doors&#038;cabins_catalogue.pdf\">Shower Doors&#038;Cabins Catalogue <\/a><br \/><a class=\"pdfcatal\" href=\"\/\/www.keramika.com\/pdf\/e-ceramica\/mixers.pdf\">Mixers <\/a><br \/><a class=\"pdfcatal\" href=\"\/\/www.keramika.com\/pdf\/e-ceramica\/bathroom_accessories_catalogue.pdf\">Bathroom Accessories Catalogue <\/a><br \/><a class=\"pdfcatal\" href=\"\/\/www.keramika.com\/pdf\/e-ceramica\/bathtubs_catalogue.pdf\">Bathtubs Catalogue <\/a><br \/><a class=\"pdfcatal\" href=\"\/\/www.keramika.com\/pdf\/e-ceramica\/hydromassage_catalogue.pdf\">Hydromassage Catalogue <\/a><br \/><a class=\"pdfcatal\" href=\"\/\/www.keramika.com\/pdf\/e-ceramica\/bathroom_furniture_catalogue.pdf\">Bathroom Furniture Catalogue<\/a><br \/><a class=\"pdfcatal\" href=\"\/\/www.keramika.com\/pdf\/e-ceramica\/inox_sanitary_ware.pdf\">Stainless steel sanitary ware catalogue <\/a><br ><\/p>\n","protected":false},"excerpt":{"rendered":"<p>WC \u0161koljka MillenniumKoda izdelka : 105021 Material : Porcelan, visoka kvaliteta zagotavlja enostavno \u010di\u0161\u010denje in dolgo \u017eivljenjsko dobo.Dimenzije : 420x710x415Te\u017ea: 41,6 kgMo\u017enost odtoka v tla ali steno. Rezervoar za WC \u0161koljkoKoda izdelka : 105111 Cena : Po dogovoru Material : PorcelanDimenzije 390x160x430 Te\u017ea: 16,2 kg Nosilec rezervoarja Koda izdelka : 105821 Cena : Po dogovoruMaterial [&hellip;]<\/p>\n","protected":false},"featured_media":102029,"template":"","meta":[],"product_cat":[500,999,9991580,510,515],"product_tag":[],"_links":{"self":[{"href":"https:\/\/www.keramika.com\/slovenija\/wp-json\/wp\/v2\/product\/102028"}],"collection":[{"href":"https:\/\/www.keramika.com\/slovenija\/wp-json\/wp\/v2\/product"}],"about":[{"href":"https:\/\/www.keramika.com\/slovenija\/wp-json\/wp\/v2\/types\/product"}],"wp:featuredmedia":[{"embeddable":true,"href":"https:\/\/www.keramika.com\/slovenija\/wp-json\/wp\/v2\/media\/102029"}],"wp:attachment":[{"href":"https:\/\/www.keramika.com\/slovenija\/wp-json\/wp\/v2\/media?parent=102028"}],"wp:term":[{"taxonomy":"product_cat","embeddable":true,"href":"https:\/\/www.keramika.com\/slovenija\/wp-json\/wp\/v2\/product_cat?post=102028"},{"taxonomy":"product_tag","embeddable":true,"href":"https:\/\/www.keramika.com\/slovenija\/wp-json\/wp\/v2\/product_tag?post=102028"}],"curies":[{"name":"wp","href":"https:\/\/api.w.org\/{rel}","templated":true}]}}