{"id":102014,"date":"2017-03-22T23:06:29","date_gmt":"2017-03-22T23:06:29","guid":{"rendered":"http:\/\/keramika.holest.com\/slovenija\/product\/keramicni-umivalnik-55-jade\/"},"modified":"2026-01-02T00:00:31","modified_gmt":"2026-01-02T00:00:31","slug":"keramicni-umivalnik-55-jade","status":"publish","type":"product","link":"https:\/\/www.keramika.com\/slovenija\/keramicni-umivalnik-55-jade\/","title":{"rendered":"Kerami\u010dni umivalnik 55 Jade"},"content":{"rendered":"<p>Umivalnik Jade 55<br \/>Koda izdelka : 104300<br \/>Material : Visoko kvaliteten porcelan zagotavlja enostavno \u010di\u0161\u010denje in dolgo \u017eivljenjsko dobo.<br \/>Mo\u017enost monta\u017ee z nogo ali polnogo, dobavljivo posebej.<br \/>Dimenzije : 560x500x180<br \/>Te\u017ea:  15,0 kg<\/p>\n<p>Noga za umivalnik Jade<br \/>Koda izdelka : 104200 Cena: Po dogovoru   <br \/>Material : Porcelan<br \/>Dimenzije : 295x295x670<br \/>Te\u017ea:  15,5 kg<\/p>\n<p>Polnoga za umivalnik Jade<br \/>Koda izdelka : 104220 Cena: Po dogovoru   <br \/>Material : Porcelan<br \/>Dimenzije : 300x375x400<br \/>Te\u017ea:  12,3 kg<br \/>Vsi elementi so posami\u010dno pakirani v kartonsko embala\u017eo<\/p>\n<p>Na sliki je tudi<br \/>Armatura za umivalnik Tube<br \/>Koda izdelka : 5310300  Cena : Po dogovoru <br \/>Armatura je pakirana v kartonsko embala\u017eo, te\u017ea : 2,5 kg.<br \/><a class=\"pdfcatal\" href=\"\/\/www.keramika.com\/pdf\/e-ceramica\/sanitary_ware_catalogue.pdf\">Cenik in katalog za sanitarno keramiko <\/a><\/p>\n<p><strong>Za veleprodajno ceno nas kontaktirajte na: <a href=\"mailto:keramoteka.salon@gmail.com\">keramoteka.salon@gmail.com<\/a><\/strong><\/p>\n<p>Technical description: Product ID: 104300<a class=\"pdfcatal\" href=\"\/\/www.keramika.com\/pdf\/e-ceramica\/sanitary_ware_catalogue.pdf \">Sanitary Ware Catalogue <\/a><br \/><a class=\"pdfcatal\" href=\"\/\/www.keramika.com\/pdf\/e-ceramica\/handicaps_sanitary_ware_catalogue.pdf\">Handicaps Sanitary Ware Catalogue <\/a><br \/><a class=\"pdfcatal\" href=\"\/\/www.keramika.com\/pdf\/e-ceramica\/children's_sanitary_ware_catalogue.pdf\">Children&#8217;s Sanitary Ware Catalogue <\/a><br \/><a class=\"pdfcatal\" href=\"\/\/www.keramika.com\/pdf\/e-ceramica\/special_wash_basin_catalogue.pdf\">Special Wash Basin Catalogue <\/a><br \/><a class=\"pdfcatal\" href=\"\/\/www.keramika.com\/pdf\/e-ceramica\/shower_trays_catalogue.pdf\">Shower Trays Catalogue <\/a><br \/><a class=\"pdfcatal\" href=\"\/\/www.keramika.com\/pdf\/e-ceramica\/shower_doors&#038;cabins_catalogue.pdf\">Shower Doors&#038;Cabins Catalogue <\/a><br \/><a class=\"pdfcatal\" href=\"\/\/www.keramika.com\/pdf\/e-ceramica\/mixers.pdf\">Mixers <\/a><br \/><a class=\"pdfcatal\" href=\"\/\/www.keramika.com\/pdf\/e-ceramica\/bathroom_accessories_catalogue.pdf\">Bathroom Accessories Catalogue <\/a><br \/><a class=\"pdfcatal\" href=\"\/\/www.keramika.com\/pdf\/e-ceramica\/bathtubs_catalogue.pdf\">Bathtubs Catalogue <\/a><br \/><a class=\"pdfcatal\" href=\"\/\/www.keramika.com\/pdf\/e-ceramica\/hydromassage_catalogue.pdf\">Hydromassage Catalogue <\/a><br \/><a class=\"pdfcatal\" href=\"\/\/www.keramika.com\/pdf\/e-ceramica\/bathroom_furniture_catalogue.pdf\">Bathroom Furniture Catalogue<\/a><br \/><a class=\"pdfcatal\" href=\"\/\/www.keramika.com\/pdf\/e-ceramica\/inox_sanitary_ware.pdf\">Stainless steel sanitary ware catalogue <\/a><br ><\/p>\n","protected":false},"excerpt":{"rendered":"<p>Umivalnik Jade 55Koda izdelka : 104300Material : Visoko kvaliteten porcelan zagotavlja enostavno \u010di\u0161\u010denje in dolgo \u017eivljenjsko dobo.Mo\u017enost monta\u017ee z nogo ali polnogo, dobavljivo posebej.Dimenzije : 560x500x180Te\u017ea: 15,0 kg Noga za umivalnik JadeKoda izdelka : 104200 Cena: Po dogovoru Material : PorcelanDimenzije : 295x295x670Te\u017ea: 15,5 kg Polnoga za umivalnik JadeKoda izdelka : 104220 Cena: Po dogovoru [&hellip;]<\/p>\n","protected":false},"featured_media":102015,"template":"","meta":[],"product_cat":[500,999,9991580,510,514],"product_tag":[],"_links":{"self":[{"href":"https:\/\/www.keramika.com\/slovenija\/wp-json\/wp\/v2\/product\/102014"}],"collection":[{"href":"https:\/\/www.keramika.com\/slovenija\/wp-json\/wp\/v2\/product"}],"about":[{"href":"https:\/\/www.keramika.com\/slovenija\/wp-json\/wp\/v2\/types\/product"}],"wp:featuredmedia":[{"embeddable":true,"href":"https:\/\/www.keramika.com\/slovenija\/wp-json\/wp\/v2\/media\/102015"}],"wp:attachment":[{"href":"https:\/\/www.keramika.com\/slovenija\/wp-json\/wp\/v2\/media?parent=102014"}],"wp:term":[{"taxonomy":"product_cat","embeddable":true,"href":"https:\/\/www.keramika.com\/slovenija\/wp-json\/wp\/v2\/product_cat?post=102014"},{"taxonomy":"product_tag","embeddable":true,"href":"https:\/\/www.keramika.com\/slovenija\/wp-json\/wp\/v2\/product_tag?post=102014"}],"curies":[{"name":"wp","href":"https:\/\/api.w.org\/{rel}","templated":true}]}}