{"id":101960,"date":"2017-03-22T23:05:42","date_gmt":"2017-03-22T23:05:42","guid":{"rendered":"http:\/\/keramika.holest.com\/slovenija\/product\/tus-kadi-strado-170x90-a12-cm\/"},"modified":"2026-01-02T00:00:24","modified_gmt":"2026-01-02T00:00:24","slug":"tus-kadi-strado-170x90-a12-cm","status":"publish","type":"product","link":"https:\/\/www.keramika.com\/slovenija\/tus-kadi-strado-170x90-a12-cm\/","title":{"rendered":"Tu\u0161 kadi Strado 170&#215;90 [A=12 cm]"},"content":{"rendered":"<p>Koda izdelka: 800880<br \/>Enostavno vzdr\u017eevanje materiala. Vi\u0161ina obrobe 120 mm.<br \/>Dimenzije: 1700x900x135<br \/>Material: akril<br \/>Te\u017ea: 30,0  kg<br \/>Posami\u010dno pakiranje v kartonsko embala\u017eo.<\/p>\n<p>Technical description: Product ID: 800880<a class=\"pdfcatal\" href=\"\/\/www.keramika.com\/pdf\/e-ceramica\/sanitary_ware_catalogue.pdf \">Sanitary Ware Catalogue <\/a><br \/><a class=\"pdfcatal\" href=\"\/\/www.keramika.com\/pdf\/e-ceramica\/handicaps_sanitary_ware_catalogue.pdf\">Handicaps Sanitary Ware Catalogue <\/a><br \/><a class=\"pdfcatal\" href=\"\/\/www.keramika.com\/pdf\/e-ceramica\/children's_sanitary_ware_catalogue.pdf\">Children&#8217;s Sanitary Ware Catalogue <\/a><br \/><a class=\"pdfcatal\" href=\"\/\/www.keramika.com\/pdf\/e-ceramica\/special_wash_basin_catalogue.pdf\">Special Wash Basin Catalogue <\/a><br \/><a class=\"pdfcatal\" href=\"\/\/www.keramika.com\/pdf\/e-ceramica\/shower_trays_catalogue.pdf\">Shower Trays Catalogue <\/a><br \/><a class=\"pdfcatal\" href=\"\/\/www.keramika.com\/pdf\/e-ceramica\/shower_doors&#038;cabins_catalogue.pdf\">Shower Doors&#038;Cabins Catalogue <\/a><br \/><a class=\"pdfcatal\" href=\"\/\/www.keramika.com\/pdf\/e-ceramica\/mixers.pdf\">Mixers <\/a><br \/><a class=\"pdfcatal\" href=\"\/\/www.keramika.com\/pdf\/e-ceramica\/bathroom_accessories_catalogue.pdf\">Bathroom Accessories Catalogue <\/a><br \/><a class=\"pdfcatal\" href=\"\/\/www.keramika.com\/pdf\/e-ceramica\/bathtubs_catalogue.pdf\">Bathtubs Catalogue <\/a><br \/><a class=\"pdfcatal\" href=\"\/\/www.keramika.com\/pdf\/e-ceramica\/hydromassage_catalogue.pdf\">Hydromassage Catalogue <\/a><br \/><a class=\"pdfcatal\" href=\"\/\/www.keramika.com\/pdf\/e-ceramica\/bathroom_furniture_catalogue.pdf\">Bathroom Furniture Catalogue<\/a><br \/><a class=\"pdfcatal\" href=\"\/\/www.keramika.com\/pdf\/e-ceramica\/inox_sanitary_ware.pdf\">Stainless steel sanitary ware catalogue <\/a><br ><\/p>\n","protected":false},"excerpt":{"rendered":"<p>Koda izdelka: 800880Enostavno vzdr\u017eevanje materiala. Vi\u0161ina obrobe 120 mm.Dimenzije: 1700x900x135Material: akrilTe\u017ea: 30,0 kgPosami\u010dno pakiranje v kartonsko embala\u017eo. Technical description: Product ID: 800880Sanitary Ware Catalogue Handicaps Sanitary Ware Catalogue Children&#8217;s Sanitary Ware Catalogue Special Wash Basin Catalogue Shower Trays Catalogue Shower Doors&#038;Cabins Catalogue Mixers Bathroom Accessories Catalogue Bathtubs Catalogue Hydromassage Catalogue Bathroom Furniture CatalogueStainless steel sanitary [&hellip;]<\/p>\n","protected":false},"featured_media":101961,"template":"","meta":[],"product_cat":[500,999,9991580,530],"product_tag":[],"_links":{"self":[{"href":"https:\/\/www.keramika.com\/slovenija\/wp-json\/wp\/v2\/product\/101960"}],"collection":[{"href":"https:\/\/www.keramika.com\/slovenija\/wp-json\/wp\/v2\/product"}],"about":[{"href":"https:\/\/www.keramika.com\/slovenija\/wp-json\/wp\/v2\/types\/product"}],"wp:featuredmedia":[{"embeddable":true,"href":"https:\/\/www.keramika.com\/slovenija\/wp-json\/wp\/v2\/media\/101961"}],"wp:attachment":[{"href":"https:\/\/www.keramika.com\/slovenija\/wp-json\/wp\/v2\/media?parent=101960"}],"wp:term":[{"taxonomy":"product_cat","embeddable":true,"href":"https:\/\/www.keramika.com\/slovenija\/wp-json\/wp\/v2\/product_cat?post=101960"},{"taxonomy":"product_tag","embeddable":true,"href":"https:\/\/www.keramika.com\/slovenija\/wp-json\/wp\/v2\/product_tag?post=101960"}],"curies":[{"name":"wp","href":"https:\/\/api.w.org\/{rel}","templated":true}]}}