{"id":101768,"date":"2017-03-22T23:02:49","date_gmt":"2017-03-22T23:02:49","guid":{"rendered":"http:\/\/keramika.holest.com\/slovenija\/product\/keramicna-tus-kad-moraira-80-angle-without-edge\/"},"modified":"2026-01-02T00:00:07","modified_gmt":"2026-01-02T00:00:07","slug":"keramicna-tus-kad-moraira-80-angle-without-edge","status":"publish","type":"product","link":"https:\/\/www.keramika.com\/slovenija\/keramicna-tus-kad-moraira-80-angle-without-edge\/","title":{"rendered":"Kerami\u010dna tu\u0161 kad Moraira 80 Angle Without Edge"},"content":{"rendered":"<p>Koda izdelka : 107171<br \/>Kotna tu\u0161 kad, brez roba.<br \/>Material : Keramika, dolga \u017eivljenjska doba, enostavno vzdr\u017eevanje<br \/>Dimenzije : 800x800x80<br \/>Te\u017ea: 26,4  kg <br \/>Posami\u010dno pakiranje v kartonsko embala\u017eo.<\/p>\n<p>Technical description: Product ID: 107171<a class=\"pdfcatal\" href=\"\/\/www.keramika.com\/pdf\/e-ceramica\/sanitary_ware_catalogue.pdf \">Sanitary Ware Catalogue <\/a><br \/><a class=\"pdfcatal\" href=\"\/\/www.keramika.com\/pdf\/e-ceramica\/handicaps_sanitary_ware_catalogue.pdf\">Handicaps Sanitary Ware Catalogue <\/a><br \/><a class=\"pdfcatal\" href=\"\/\/www.keramika.com\/pdf\/e-ceramica\/children's_sanitary_ware_catalogue.pdf\">Children&#8217;s Sanitary Ware Catalogue <\/a><br \/><a class=\"pdfcatal\" href=\"\/\/www.keramika.com\/pdf\/e-ceramica\/special_wash_basin_catalogue.pdf\">Special Wash Basin Catalogue <\/a><br \/><a class=\"pdfcatal\" href=\"\/\/www.keramika.com\/pdf\/e-ceramica\/shower_trays_catalogue.pdf\">Shower Trays Catalogue <\/a><br \/><a class=\"pdfcatal\" href=\"\/\/www.keramika.com\/pdf\/e-ceramica\/shower_doors&#038;cabins_catalogue.pdf\">Shower Doors&#038;Cabins Catalogue <\/a><br \/><a class=\"pdfcatal\" href=\"\/\/www.keramika.com\/pdf\/e-ceramica\/mixers.pdf\">Mixers <\/a><br \/><a class=\"pdfcatal\" href=\"\/\/www.keramika.com\/pdf\/e-ceramica\/bathroom_accessories_catalogue.pdf\">Bathroom Accessories Catalogue <\/a><br \/><a class=\"pdfcatal\" href=\"\/\/www.keramika.com\/pdf\/e-ceramica\/bathtubs_catalogue.pdf\">Bathtubs Catalogue <\/a><br \/><a class=\"pdfcatal\" href=\"\/\/www.keramika.com\/pdf\/e-ceramica\/hydromassage_catalogue.pdf\">Hydromassage Catalogue <\/a><br \/><a class=\"pdfcatal\" href=\"\/\/www.keramika.com\/pdf\/e-ceramica\/bathroom_furniture_catalogue.pdf\">Bathroom Furniture Catalogue<\/a><br \/><a class=\"pdfcatal\" href=\"\/\/www.keramika.com\/pdf\/e-ceramica\/inox_sanitary_ware.pdf\">Stainless steel sanitary ware catalogue <\/a><br ><\/p>\n","protected":false},"excerpt":{"rendered":"<p>Koda izdelka : 107171Kotna tu\u0161 kad, brez roba.Material : Keramika, dolga \u017eivljenjska doba, enostavno vzdr\u017eevanjeDimenzije : 800x800x80Te\u017ea: 26,4 kg Posami\u010dno pakiranje v kartonsko embala\u017eo. Technical description: Product ID: 107171Sanitary Ware Catalogue Handicaps Sanitary Ware Catalogue Children&#8217;s Sanitary Ware Catalogue Special Wash Basin Catalogue Shower Trays Catalogue Shower Doors&#038;Cabins Catalogue Mixers Bathroom Accessories Catalogue Bathtubs Catalogue [&hellip;]<\/p>\n","protected":false},"featured_media":101769,"template":"","meta":[],"product_cat":[500,999,9991580,530],"product_tag":[],"_links":{"self":[{"href":"https:\/\/www.keramika.com\/slovenija\/wp-json\/wp\/v2\/product\/101768"}],"collection":[{"href":"https:\/\/www.keramika.com\/slovenija\/wp-json\/wp\/v2\/product"}],"about":[{"href":"https:\/\/www.keramika.com\/slovenija\/wp-json\/wp\/v2\/types\/product"}],"wp:featuredmedia":[{"embeddable":true,"href":"https:\/\/www.keramika.com\/slovenija\/wp-json\/wp\/v2\/media\/101769"}],"wp:attachment":[{"href":"https:\/\/www.keramika.com\/slovenija\/wp-json\/wp\/v2\/media?parent=101768"}],"wp:term":[{"taxonomy":"product_cat","embeddable":true,"href":"https:\/\/www.keramika.com\/slovenija\/wp-json\/wp\/v2\/product_cat?post=101768"},{"taxonomy":"product_tag","embeddable":true,"href":"https:\/\/www.keramika.com\/slovenija\/wp-json\/wp\/v2\/product_tag?post=101768"}],"curies":[{"name":"wp","href":"https:\/\/api.w.org\/{rel}","templated":true}]}}