{"id":101754,"date":"2017-03-22T23:02:34","date_gmt":"2017-03-22T23:02:34","guid":{"rendered":"http:\/\/keramika.holest.com\/slovenija\/product\/myr-york-crema\/"},"modified":"2026-01-02T00:00:06","modified_gmt":"2026-01-02T00:00:06","slug":"myr-york-crema","status":"publish","type":"product","link":"https:\/\/www.keramika.com\/slovenija\/myr-york-crema\/","title":{"rendered":"Myr York Crema"},"content":{"rendered":"<p>9 mm debeline je dovolj tudi za zahtevnej\u0161e kupce. Keramika v be\u017e barvi popestri vsak prostor. Myr York Crema je na voljo po zelo ugodni ceni 13.47 EUR. Myr York Crema je pripeljana iz \u0160panije in je zelo kvalitetna. Plo\u0161\u010dica na sliki je velika 45&#215;45 cm.<\/p>\n<p>Kliknite na ime kolekcije za ogled vseh plo\u0161\u010dic iz te serije: <a class=\"pdfcatal\" href=\"\/\/www.ceramictiles.com\/pdf\/myr\/catalogue_ceramicasmyr_york.pdf\" onclick=\"recordOutboundLink(this, 'E-mail', 'Description PDF');return false;\">Ceramicas MYR York<\/a><\/p>\n<p>\u010ce \u017eelite naro\u010diti model iz pdf kataloga te kolekcije, nam pi\u0161ite na: <a href=\"mailto:keramoteka.salon@gmail.com\" onclick=\"recordOutboundLink(this, 'E-mail', 'Description mail');return false;\">keramoteka.salon@gmail.com<\/a> ali pa nas pokli\u010dite na: 031 255 900.<\/p>\n","protected":false},"excerpt":{"rendered":"<p>9 mm debeline je dovolj tudi za zahtevnej\u0161e kupce. Keramika v be\u017e barvi popestri vsak prostor. Myr York Crema je na voljo po zelo ugodni ceni 13.47 EUR. Myr York Crema je pripeljana iz \u0160panije in je zelo kvalitetna. Plo\u0161\u010dica na sliki je velika 45&#215;45 cm. Kliknite na ime kolekcije za ogled vseh plo\u0161\u010dic iz [&hellip;]<\/p>\n","protected":false},"featured_media":101755,"template":"","meta":[],"product_cat":[99910,200,220,999,250],"product_tag":[],"_links":{"self":[{"href":"https:\/\/www.keramika.com\/slovenija\/wp-json\/wp\/v2\/product\/101754"}],"collection":[{"href":"https:\/\/www.keramika.com\/slovenija\/wp-json\/wp\/v2\/product"}],"about":[{"href":"https:\/\/www.keramika.com\/slovenija\/wp-json\/wp\/v2\/types\/product"}],"wp:featuredmedia":[{"embeddable":true,"href":"https:\/\/www.keramika.com\/slovenija\/wp-json\/wp\/v2\/media\/101755"}],"wp:attachment":[{"href":"https:\/\/www.keramika.com\/slovenija\/wp-json\/wp\/v2\/media?parent=101754"}],"wp:term":[{"taxonomy":"product_cat","embeddable":true,"href":"https:\/\/www.keramika.com\/slovenija\/wp-json\/wp\/v2\/product_cat?post=101754"},{"taxonomy":"product_tag","embeddable":true,"href":"https:\/\/www.keramika.com\/slovenija\/wp-json\/wp\/v2\/product_tag?post=101754"}],"curies":[{"name":"wp","href":"https:\/\/api.w.org\/{rel}","templated":true}]}}