{"id":101748,"date":"2017-03-22T23:02:26","date_gmt":"2017-03-22T23:02:26","guid":{"rendered":"http:\/\/keramika.holest.com\/slovenija\/product\/myr-travertino-cobre\/"},"modified":"2026-01-02T00:00:05","modified_gmt":"2026-01-02T00:00:05","slug":"myr-travertino-cobre","status":"publish","type":"product","link":"https:\/\/www.keramika.com\/slovenija\/myr-travertino-cobre\/","title":{"rendered":"Myr Travertino Cobre"},"content":{"rendered":"<p>Keramika v rjavi barvi popestri vsak prostor. Myr Travertino Cobre prihaja iz \u0160panije, ki je znana po zelo kvalitetni keramiki v svetovnem merilu. Debelina plo\u0161\u010dice je zelo pomembna in 9 mm uvr\u0161\u010da to plo\u0161\u010dico med najkvalitetnej\u0161e. Z 25&#215;40 cm je ta plo\u0161\u010dica primerna za razli\u010dne podlage. Myr Travertino Cobre je na voljo po zelo ugodni ceni 16.15 EUR.<\/p>\n<p>Kliknite na ime kolekcije za ogled vseh plo\u0161\u010dic iz te serije: <a class=\"pdfcatal\" href=\"\/\/www.ceramictiles.com\/pdf\/myr\/catalogue_ceramicasmyr_travertino.pdf\" onclick=\"recordOutboundLink(this, 'E-mail', 'Description PDF');return false;\">Ceramicas MYR Travertino<\/a><\/p>\n<p>\u010ce \u017eelite naro\u010diti model iz pdf kataloga te kolekcije, nam pi\u0161ite na: <a href=\"mailto:keramoteka.salon@gmail.com\" onclick=\"recordOutboundLink(this, 'E-mail', 'Description mail');return false;\">keramoteka.salon@gmail.com<\/a> ali pa nas pokli\u010dite na: 031 255 900.<\/p>\n","protected":false},"excerpt":{"rendered":"<p>Keramika v rjavi barvi popestri vsak prostor. Myr Travertino Cobre prihaja iz \u0160panije, ki je znana po zelo kvalitetni keramiki v svetovnem merilu. Debelina plo\u0161\u010dice je zelo pomembna in 9 mm uvr\u0161\u010da to plo\u0161\u010dico med najkvalitetnej\u0161e. Z 25&#215;40 cm je ta plo\u0161\u010dica primerna za razli\u010dne podlage. Myr Travertino Cobre je na voljo po zelo ugodni [&hellip;]<\/p>\n","protected":false},"featured_media":101749,"template":"","meta":[],"product_cat":[99910,200,220,999,250],"product_tag":[],"_links":{"self":[{"href":"https:\/\/www.keramika.com\/slovenija\/wp-json\/wp\/v2\/product\/101748"}],"collection":[{"href":"https:\/\/www.keramika.com\/slovenija\/wp-json\/wp\/v2\/product"}],"about":[{"href":"https:\/\/www.keramika.com\/slovenija\/wp-json\/wp\/v2\/types\/product"}],"wp:featuredmedia":[{"embeddable":true,"href":"https:\/\/www.keramika.com\/slovenija\/wp-json\/wp\/v2\/media\/101749"}],"wp:attachment":[{"href":"https:\/\/www.keramika.com\/slovenija\/wp-json\/wp\/v2\/media?parent=101748"}],"wp:term":[{"taxonomy":"product_cat","embeddable":true,"href":"https:\/\/www.keramika.com\/slovenija\/wp-json\/wp\/v2\/product_cat?post=101748"},{"taxonomy":"product_tag","embeddable":true,"href":"https:\/\/www.keramika.com\/slovenija\/wp-json\/wp\/v2\/product_tag?post=101748"}],"curies":[{"name":"wp","href":"https:\/\/api.w.org\/{rel}","templated":true}]}}