{"id":101744,"date":"2017-03-22T23:02:21","date_gmt":"2017-03-22T23:02:21","guid":{"rendered":"http:\/\/keramika.holest.com\/slovenija\/product\/myr-sabina-rojo\/"},"modified":"2026-01-02T00:00:05","modified_gmt":"2026-01-02T00:00:05","slug":"myr-sabina-rojo","status":"publish","type":"product","link":"https:\/\/www.keramika.com\/slovenija\/myr-sabina-rojo\/","title":{"rendered":"Myr Sabina Rojo"},"content":{"rendered":"<p>Myr Sabina Rojo je plo\u0161\u010dica proizvajalca Ceramicas MYR in prihaja iz \u0160panije. 20.18 EUR v klasi\u010dni trgovini, pri nas pa le 16.15 EUR. Ta model plo\u0161\u010dice se najbolje prodaja v rjavi barvi. Z velikostjo 25&#215;40 cm je ta plo\u0161\u010dica primerna ze razli\u010dne povr\u0161ine. Ta plo\u0161\u010dica je debela 9 mm in je zelo trpe\u017ena.<\/p>\n<p>Kliknite na ime kolekcije za ogled vseh plo\u0161\u010dic iz te serije: <a class=\"pdfcatal\" href=\"\/\/www.ceramictiles.com\/pdf\/myr\/catalogue_ceramicasmyr_sabina.pdf\" onclick=\"recordOutboundLink(this, 'E-mail', 'Description PDF');return false;\">Ceramicas MYR Sabina<\/a><\/p>\n<p>\u010ce \u017eelite naro\u010diti model iz pdf kataloga te kolekcije, nam pi\u0161ite na: <a href=\"mailto:keramoteka.salon@gmail.com\" onclick=\"recordOutboundLink(this, 'E-mail', 'Description mail');return false;\">keramoteka.salon@gmail.com<\/a> ali pa nas pokli\u010dite na: 031 255 900.<\/p>\n","protected":false},"excerpt":{"rendered":"<p>Myr Sabina Rojo je plo\u0161\u010dica proizvajalca Ceramicas MYR in prihaja iz \u0160panije. 20.18 EUR v klasi\u010dni trgovini, pri nas pa le 16.15 EUR. Ta model plo\u0161\u010dice se najbolje prodaja v rjavi barvi. Z velikostjo 25&#215;40 cm je ta plo\u0161\u010dica primerna ze razli\u010dne povr\u0161ine. Ta plo\u0161\u010dica je debela 9 mm in je zelo trpe\u017ena. Kliknite na [&hellip;]<\/p>\n","protected":false},"featured_media":101745,"template":"","meta":[],"product_cat":[99910,200,220,999,250],"product_tag":[],"_links":{"self":[{"href":"https:\/\/www.keramika.com\/slovenija\/wp-json\/wp\/v2\/product\/101744"}],"collection":[{"href":"https:\/\/www.keramika.com\/slovenija\/wp-json\/wp\/v2\/product"}],"about":[{"href":"https:\/\/www.keramika.com\/slovenija\/wp-json\/wp\/v2\/types\/product"}],"wp:featuredmedia":[{"embeddable":true,"href":"https:\/\/www.keramika.com\/slovenija\/wp-json\/wp\/v2\/media\/101745"}],"wp:attachment":[{"href":"https:\/\/www.keramika.com\/slovenija\/wp-json\/wp\/v2\/media?parent=101744"}],"wp:term":[{"taxonomy":"product_cat","embeddable":true,"href":"https:\/\/www.keramika.com\/slovenija\/wp-json\/wp\/v2\/product_cat?post=101744"},{"taxonomy":"product_tag","embeddable":true,"href":"https:\/\/www.keramika.com\/slovenija\/wp-json\/wp\/v2\/product_tag?post=101744"}],"curies":[{"name":"wp","href":"https:\/\/api.w.org\/{rel}","templated":true}]}}