{"id":101740,"date":"2017-03-22T23:02:15","date_gmt":"2017-03-22T23:02:15","guid":{"rendered":"http:\/\/keramika.holest.com\/slovenija\/product\/myr-oslo-marfi-l\/"},"modified":"2026-01-02T00:00:05","modified_gmt":"2026-01-02T00:00:05","slug":"myr-oslo-marfi-l","status":"publish","type":"product","link":"https:\/\/www.keramika.com\/slovenija\/myr-oslo-marfi-l\/","title":{"rendered":"Myr Oslo Marfi l"},"content":{"rendered":"<p>Myr Oslo Marfi l prihaja iz \u0160panije, ki je znana po zelo kvalitetni keramiki v svetovnem merilu. Letos so plo\u0161\u010dice v \u010drni barvi zelo za\u017eeljene. Na spletu boste za to plo\u0161\u010dico od\u0161teli le 12.47 EUR, medtem ko v redni prodaji cena zna\u0161a 15.58 EUR. Velikost te plo\u0161\u010dice je 45&#215;45 cm. Debelina kar 9 mm dela to plo\u0161\u010dico zelo trpe\u017eno in presti\u017eno na otip.<\/p>\n<p>Kliknite na ime kolekcije za ogled vseh plo\u0161\u010dic iz te serije: <a class=\"pdfcatal\" href=\"\/\/www.ceramictiles.com\/pdf\/myr\/catalogue_ceramicasmyr_oslo.pdf\" onclick=\"recordOutboundLink(this, 'E-mail', 'Description PDF');return false;\">Ceramicas MYR Oslo<\/a><\/p>\n<p>\u010ce \u017eelite naro\u010diti model iz pdf kataloga te kolekcije, nam pi\u0161ite na: <a href=\"mailto:keramoteka.salon@gmail.com\" onclick=\"recordOutboundLink(this, 'E-mail', 'Description mail');return false;\">keramoteka.salon@gmail.com<\/a> ali pa nas pokli\u010dite na: 031 255 900.<\/p>\n","protected":false},"excerpt":{"rendered":"<p>Myr Oslo Marfi l prihaja iz \u0160panije, ki je znana po zelo kvalitetni keramiki v svetovnem merilu. Letos so plo\u0161\u010dice v \u010drni barvi zelo za\u017eeljene. Na spletu boste za to plo\u0161\u010dico od\u0161teli le 12.47 EUR, medtem ko v redni prodaji cena zna\u0161a 15.58 EUR. Velikost te plo\u0161\u010dice je 45&#215;45 cm. Debelina kar 9 mm dela [&hellip;]<\/p>\n","protected":false},"featured_media":101741,"template":"","meta":[],"product_cat":[99910,200,230,999,240],"product_tag":[],"_links":{"self":[{"href":"https:\/\/www.keramika.com\/slovenija\/wp-json\/wp\/v2\/product\/101740"}],"collection":[{"href":"https:\/\/www.keramika.com\/slovenija\/wp-json\/wp\/v2\/product"}],"about":[{"href":"https:\/\/www.keramika.com\/slovenija\/wp-json\/wp\/v2\/types\/product"}],"wp:featuredmedia":[{"embeddable":true,"href":"https:\/\/www.keramika.com\/slovenija\/wp-json\/wp\/v2\/media\/101741"}],"wp:attachment":[{"href":"https:\/\/www.keramika.com\/slovenija\/wp-json\/wp\/v2\/media?parent=101740"}],"wp:term":[{"taxonomy":"product_cat","embeddable":true,"href":"https:\/\/www.keramika.com\/slovenija\/wp-json\/wp\/v2\/product_cat?post=101740"},{"taxonomy":"product_tag","embeddable":true,"href":"https:\/\/www.keramika.com\/slovenija\/wp-json\/wp\/v2\/product_tag?post=101740"}],"curies":[{"name":"wp","href":"https:\/\/api.w.org\/{rel}","templated":true}]}}