{"id":101734,"date":"2017-03-22T23:02:07","date_gmt":"2017-03-22T23:02:07","guid":{"rendered":"http:\/\/keramika.holest.com\/slovenija\/product\/myr-nepal-beige\/"},"modified":"2026-01-02T00:00:04","modified_gmt":"2026-01-02T00:00:04","slug":"myr-nepal-beige","status":"publish","type":"product","link":"https:\/\/www.keramika.com\/slovenija\/myr-nepal-beige\/","title":{"rendered":"Myr Nepal Beige"},"content":{"rendered":"<p>Myr Nepal Beige je na voljo po zelo ugodni ceni 13.47 EUR. Ta plo\u0161\u010dica je debela 9 mm in je zelo trpe\u017ena. Z 30&#215;45 cm je ta plo\u0161\u010dica primerna za razli\u010dne podlage. Myr Nepal Beige prihaja iz \u0160panije, ki je znana po zelo kvalitetni keramiki v svetovnem merilu. Ta model plo\u0161\u010dice se najbolje prodaja v be\u017e barvi.<\/p>\n<p>Kliknite na ime kolekcije za ogled vseh plo\u0161\u010dic iz te serije: <a class=\"pdfcatal\" href=\"\/\/www.ceramictiles.com\/pdf\/myr\/catalogue_ceramicasmyr_nepal.pdf\" onclick=\"recordOutboundLink(this, 'E-mail', 'Description PDF');return false;\">Ceramicas MYR Nepal<\/a><\/p>\n<p>\u010ce \u017eelite naro\u010diti model iz pdf kataloga te kolekcije, nam pi\u0161ite na: <a href=\"mailto:keramoteka.salon@gmail.com\" onclick=\"recordOutboundLink(this, 'E-mail', 'Description mail');return false;\">keramoteka.salon@gmail.com<\/a> ali pa nas pokli\u010dite na: 031 255 900.<\/p>\n","protected":false},"excerpt":{"rendered":"<p>Myr Nepal Beige je na voljo po zelo ugodni ceni 13.47 EUR. Ta plo\u0161\u010dica je debela 9 mm in je zelo trpe\u017ena. Z 30&#215;45 cm je ta plo\u0161\u010dica primerna za razli\u010dne podlage. Myr Nepal Beige prihaja iz \u0160panije, ki je znana po zelo kvalitetni keramiki v svetovnem merilu. Ta model plo\u0161\u010dice se najbolje prodaja v [&hellip;]<\/p>\n","protected":false},"featured_media":101735,"template":"","meta":[],"product_cat":[99910,200,220,999,250],"product_tag":[],"_links":{"self":[{"href":"https:\/\/www.keramika.com\/slovenija\/wp-json\/wp\/v2\/product\/101734"}],"collection":[{"href":"https:\/\/www.keramika.com\/slovenija\/wp-json\/wp\/v2\/product"}],"about":[{"href":"https:\/\/www.keramika.com\/slovenija\/wp-json\/wp\/v2\/types\/product"}],"wp:featuredmedia":[{"embeddable":true,"href":"https:\/\/www.keramika.com\/slovenija\/wp-json\/wp\/v2\/media\/101735"}],"wp:attachment":[{"href":"https:\/\/www.keramika.com\/slovenija\/wp-json\/wp\/v2\/media?parent=101734"}],"wp:term":[{"taxonomy":"product_cat","embeddable":true,"href":"https:\/\/www.keramika.com\/slovenija\/wp-json\/wp\/v2\/product_cat?post=101734"},{"taxonomy":"product_tag","embeddable":true,"href":"https:\/\/www.keramika.com\/slovenija\/wp-json\/wp\/v2\/product_tag?post=101734"}],"curies":[{"name":"wp","href":"https:\/\/api.w.org\/{rel}","templated":true}]}}