{"id":101730,"date":"2017-03-22T23:02:03","date_gmt":"2017-03-22T23:02:03","guid":{"rendered":"http:\/\/keramika.holest.com\/slovenija\/product\/myr-modena-rosa\/"},"modified":"2026-01-02T00:00:04","modified_gmt":"2026-01-02T00:00:04","slug":"myr-modena-rosa","status":"publish","type":"product","link":"https:\/\/www.keramika.com\/slovenija\/myr-modena-rosa\/","title":{"rendered":"Myr Modena Rosa"},"content":{"rendered":"<p>Ta kerami\u010dna plo\u0161\u010dica v \u010dudoviti roza barvi bo obogatila vsak prostor. Ta plo\u0161\u010dica je debela 9 mm in je zelo trpe\u017ena. Myr Modena Rosa je pripeljana iz \u0160panije in je zelo kvalitetna. Velikost te plo\u0161\u010dice je 25&#215;40 cm in je primerna za razli\u010dne povr\u0161ine. Myr Modena Rosa je na voljo po zelo ugodni ceni 16.15 EUR.<\/p>\n<p>Kliknite na ime kolekcije za ogled vseh plo\u0161\u010dic iz te serije: <a class=\"pdfcatal\" href=\"\/\/www.ceramictiles.com\/pdf\/myr\/catalogue_ceramicasmyr_modena.pdf\" onclick=\"recordOutboundLink(this, 'E-mail', 'Description PDF');return false;\">Ceramicas MYR Modena<\/a><\/p>\n<p>\u010ce \u017eelite naro\u010diti model iz pdf kataloga te kolekcije, nam pi\u0161ite na: <a href=\"mailto:keramoteka.salon@gmail.com\" onclick=\"recordOutboundLink(this, 'E-mail', 'Description mail');return false;\">keramoteka.salon@gmail.com<\/a> ali pa nas pokli\u010dite na: 031 255 900.<\/p>\n","protected":false},"excerpt":{"rendered":"<p>Ta kerami\u010dna plo\u0161\u010dica v \u010dudoviti roza barvi bo obogatila vsak prostor. Ta plo\u0161\u010dica je debela 9 mm in je zelo trpe\u017ena. Myr Modena Rosa je pripeljana iz \u0160panije in je zelo kvalitetna. Velikost te plo\u0161\u010dice je 25&#215;40 cm in je primerna za razli\u010dne povr\u0161ine. Myr Modena Rosa je na voljo po zelo ugodni ceni 16.15 [&hellip;]<\/p>\n","protected":false},"featured_media":101731,"template":"","meta":[],"product_cat":[99910,200,220,999,250],"product_tag":[],"_links":{"self":[{"href":"https:\/\/www.keramika.com\/slovenija\/wp-json\/wp\/v2\/product\/101730"}],"collection":[{"href":"https:\/\/www.keramika.com\/slovenija\/wp-json\/wp\/v2\/product"}],"about":[{"href":"https:\/\/www.keramika.com\/slovenija\/wp-json\/wp\/v2\/types\/product"}],"wp:featuredmedia":[{"embeddable":true,"href":"https:\/\/www.keramika.com\/slovenija\/wp-json\/wp\/v2\/media\/101731"}],"wp:attachment":[{"href":"https:\/\/www.keramika.com\/slovenija\/wp-json\/wp\/v2\/media?parent=101730"}],"wp:term":[{"taxonomy":"product_cat","embeddable":true,"href":"https:\/\/www.keramika.com\/slovenija\/wp-json\/wp\/v2\/product_cat?post=101730"},{"taxonomy":"product_tag","embeddable":true,"href":"https:\/\/www.keramika.com\/slovenija\/wp-json\/wp\/v2\/product_tag?post=101730"}],"curies":[{"name":"wp","href":"https:\/\/api.w.org\/{rel}","templated":true}]}}