{"id":101726,"date":"2017-03-22T23:01:58","date_gmt":"2017-03-22T23:01:58","guid":{"rendered":"http:\/\/keramika.holest.com\/slovenija\/product\/myr-marmara-azul\/"},"modified":"2026-01-02T00:00:03","modified_gmt":"2026-01-02T00:00:03","slug":"myr-marmara-azul","status":"publish","type":"product","link":"https:\/\/www.keramika.com\/slovenija\/myr-marmara-azul\/","title":{"rendered":"Myr Marmara Azul"},"content":{"rendered":"<p>Pri izbiri plo\u0161\u010dice v modri barvi ne morete zgre\u0161iti. Ta plo\u0161\u010dica je debela 9 mm in je zelo trpe\u017ena. V redni prodaji bi morali za to plo\u0161\u010dico od\u0161teti 20.18 EUR, spletna cena pa zna\u0161a le 16.15 EUR. To plo\u0161\u010dico je izdelal proizvajalec Ceramicas MYR, ki prihaja iz \u0160panije. Velikost te plo\u0161\u010dice je 25&#215;40 cm.<\/p>\n<p>Kliknite na ime kolekcije za ogled vseh plo\u0161\u010dic iz te serije: <a class=\"pdfcatal\" href=\"\/\/www.ceramictiles.com\/pdf\/myr\/catalogue_ceramicasmyr_marmara.pdf\" onclick=\"recordOutboundLink(this, 'E-mail', 'Description PDF');return false;\">Ceramicas MYR Marmara<\/a><\/p>\n<p>\u010ce \u017eelite naro\u010diti model iz pdf kataloga te kolekcije, nam pi\u0161ite na: <a href=\"mailto:keramoteka.salon@gmail.com\" onclick=\"recordOutboundLink(this, 'E-mail', 'Description mail');return false;\">keramoteka.salon@gmail.com<\/a> ali pa nas pokli\u010dite na: 031 255 900.<\/p>\n","protected":false},"excerpt":{"rendered":"<p>Pri izbiri plo\u0161\u010dice v modri barvi ne morete zgre\u0161iti. Ta plo\u0161\u010dica je debela 9 mm in je zelo trpe\u017ena. V redni prodaji bi morali za to plo\u0161\u010dico od\u0161teti 20.18 EUR, spletna cena pa zna\u0161a le 16.15 EUR. To plo\u0161\u010dico je izdelal proizvajalec Ceramicas MYR, ki prihaja iz \u0160panije. Velikost te plo\u0161\u010dice je 25&#215;40 cm. Kliknite [&hellip;]<\/p>\n","protected":false},"featured_media":101727,"template":"","meta":[],"product_cat":[99910,200,220,999,250],"product_tag":[],"_links":{"self":[{"href":"https:\/\/www.keramika.com\/slovenija\/wp-json\/wp\/v2\/product\/101726"}],"collection":[{"href":"https:\/\/www.keramika.com\/slovenija\/wp-json\/wp\/v2\/product"}],"about":[{"href":"https:\/\/www.keramika.com\/slovenija\/wp-json\/wp\/v2\/types\/product"}],"wp:featuredmedia":[{"embeddable":true,"href":"https:\/\/www.keramika.com\/slovenija\/wp-json\/wp\/v2\/media\/101727"}],"wp:attachment":[{"href":"https:\/\/www.keramika.com\/slovenija\/wp-json\/wp\/v2\/media?parent=101726"}],"wp:term":[{"taxonomy":"product_cat","embeddable":true,"href":"https:\/\/www.keramika.com\/slovenija\/wp-json\/wp\/v2\/product_cat?post=101726"},{"taxonomy":"product_tag","embeddable":true,"href":"https:\/\/www.keramika.com\/slovenija\/wp-json\/wp\/v2\/product_tag?post=101726"}],"curies":[{"name":"wp","href":"https:\/\/api.w.org\/{rel}","templated":true}]}}