{"id":101724,"date":"2017-03-22T23:01:56","date_gmt":"2017-03-22T23:01:56","guid":{"rendered":"http:\/\/keramika.holest.com\/slovenija\/product\/myr-marbre\/"},"modified":"2026-01-02T00:00:03","modified_gmt":"2026-01-02T00:00:03","slug":"myr-marbre","status":"publish","type":"product","link":"https:\/\/www.keramika.com\/slovenija\/myr-marbre\/","title":{"rendered":"Myr Marbre"},"content":{"rendered":"<p>Myr Marbre je plo\u0161\u010dica proizvajalca Ceramicas MYR in prihaja iz \u0160panije. Na spletu boste za to plo\u0161\u010dico od\u0161teli le 12.47 EUR, medtem ko v redni prodaji cena zna\u0161a 15.58 EUR. Z velikostjo 25&#215;40 cm je ta plo\u0161\u010dica primerna ze razli\u010dne povr\u0161ine. Ta plo\u0161\u010dica je debela 9 mm in je zelo trpe\u017ena. Zelo moderna plo\u0161\u010dica v be\u017e barvi popestri prav vsak prostor.<\/p>\n<p>Kliknite na ime kolekcije za ogled vseh plo\u0161\u010dic iz te serije: <a class=\"pdfcatal\" href=\"\/\/www.ceramictiles.com\/pdf\/myr\/catalogue_ceramicasmyr_marbre.pdf\" onclick=\"recordOutboundLink(this, 'E-mail', 'Description PDF');return false;\">Ceramicas MYR Marbre<\/a><\/p>\n<p>\u010ce \u017eelite naro\u010diti model iz pdf kataloga te kolekcije, nam pi\u0161ite na: <a href=\"mailto:keramoteka.salon@gmail.com\" onclick=\"recordOutboundLink(this, 'E-mail', 'Description mail');return false;\">keramoteka.salon@gmail.com<\/a> ali pa nas pokli\u010dite na: 031 255 900.<\/p>\n","protected":false},"excerpt":{"rendered":"<p>Myr Marbre je plo\u0161\u010dica proizvajalca Ceramicas MYR in prihaja iz \u0160panije. Na spletu boste za to plo\u0161\u010dico od\u0161teli le 12.47 EUR, medtem ko v redni prodaji cena zna\u0161a 15.58 EUR. Z velikostjo 25&#215;40 cm je ta plo\u0161\u010dica primerna ze razli\u010dne povr\u0161ine. Ta plo\u0161\u010dica je debela 9 mm in je zelo trpe\u017ena. Zelo moderna plo\u0161\u010dica v [&hellip;]<\/p>\n","protected":false},"featured_media":101725,"template":"","meta":[],"product_cat":[99910,200,220,999,250],"product_tag":[],"_links":{"self":[{"href":"https:\/\/www.keramika.com\/slovenija\/wp-json\/wp\/v2\/product\/101724"}],"collection":[{"href":"https:\/\/www.keramika.com\/slovenija\/wp-json\/wp\/v2\/product"}],"about":[{"href":"https:\/\/www.keramika.com\/slovenija\/wp-json\/wp\/v2\/types\/product"}],"wp:featuredmedia":[{"embeddable":true,"href":"https:\/\/www.keramika.com\/slovenija\/wp-json\/wp\/v2\/media\/101725"}],"wp:attachment":[{"href":"https:\/\/www.keramika.com\/slovenija\/wp-json\/wp\/v2\/media?parent=101724"}],"wp:term":[{"taxonomy":"product_cat","embeddable":true,"href":"https:\/\/www.keramika.com\/slovenija\/wp-json\/wp\/v2\/product_cat?post=101724"},{"taxonomy":"product_tag","embeddable":true,"href":"https:\/\/www.keramika.com\/slovenija\/wp-json\/wp\/v2\/product_tag?post=101724"}],"curies":[{"name":"wp","href":"https:\/\/api.w.org\/{rel}","templated":true}]}}