{"id":101720,"date":"2017-03-22T23:01:50","date_gmt":"2017-03-22T23:01:50","guid":{"rendered":"http:\/\/keramika.holest.com\/slovenija\/product\/myr-lugano-pistacho\/"},"modified":"2026-01-02T00:00:03","modified_gmt":"2026-01-02T00:00:03","slug":"myr-lugano-pistacho","status":"publish","type":"product","link":"https:\/\/www.keramika.com\/slovenija\/myr-lugano-pistacho\/","title":{"rendered":"Myr Lugano Pistacho"},"content":{"rendered":"<p>Redna cena te plo\u0161\u010dice v maloprodaji zna\u0161a 16.83 EUR, v na\u0161i spletni trgovini pa jo lahko dobite \u017ee za 13.47 EUR. Pri izbiri plo\u0161\u010dice v zeleni barvi ne morete zgre\u0161iti. Debelina plo\u0161\u010dice je zelo pomembna in 9 mm uvr\u0161\u010da to plo\u0161\u010dico med najkvalitetnej\u0161e. Myr Lugano Pistacho prihaja iz \u0160panije, ki je znana po zelo kvalitetni keramiki v svetovnem merilu. \u0160irina in dol\u017eina te plo\u0161\u010dice sta 30&#215;45 cm.<\/p>\n<p>Kliknite na ime kolekcije za ogled vseh plo\u0161\u010dic iz te serije: <a class=\"pdfcatal\" href=\"\/\/www.ceramictiles.com\/pdf\/myr\/catalogue_ceramicasmyr_lugano.pdf\" onclick=\"recordOutboundLink(this, 'E-mail', 'Description PDF');return false;\">Ceramicas MYR Lugano<\/a><\/p>\n<p>\u010ce \u017eelite naro\u010diti model iz pdf kataloga te kolekcije, nam pi\u0161ite na: <a href=\"mailto:keramoteka.salon@gmail.com\" onclick=\"recordOutboundLink(this, 'E-mail', 'Description mail');return false;\">keramoteka.salon@gmail.com<\/a> ali pa nas pokli\u010dite na: 031 255 900.<\/p>\n","protected":false},"excerpt":{"rendered":"<p>Redna cena te plo\u0161\u010dice v maloprodaji zna\u0161a 16.83 EUR, v na\u0161i spletni trgovini pa jo lahko dobite \u017ee za 13.47 EUR. Pri izbiri plo\u0161\u010dice v zeleni barvi ne morete zgre\u0161iti. Debelina plo\u0161\u010dice je zelo pomembna in 9 mm uvr\u0161\u010da to plo\u0161\u010dico med najkvalitetnej\u0161e. Myr Lugano Pistacho prihaja iz \u0160panije, ki je znana po zelo kvalitetni [&hellip;]<\/p>\n","protected":false},"featured_media":101721,"template":"","meta":[],"product_cat":[99910,200,220,999,250],"product_tag":[],"_links":{"self":[{"href":"https:\/\/www.keramika.com\/slovenija\/wp-json\/wp\/v2\/product\/101720"}],"collection":[{"href":"https:\/\/www.keramika.com\/slovenija\/wp-json\/wp\/v2\/product"}],"about":[{"href":"https:\/\/www.keramika.com\/slovenija\/wp-json\/wp\/v2\/types\/product"}],"wp:featuredmedia":[{"embeddable":true,"href":"https:\/\/www.keramika.com\/slovenija\/wp-json\/wp\/v2\/media\/101721"}],"wp:attachment":[{"href":"https:\/\/www.keramika.com\/slovenija\/wp-json\/wp\/v2\/media?parent=101720"}],"wp:term":[{"taxonomy":"product_cat","embeddable":true,"href":"https:\/\/www.keramika.com\/slovenija\/wp-json\/wp\/v2\/product_cat?post=101720"},{"taxonomy":"product_tag","embeddable":true,"href":"https:\/\/www.keramika.com\/slovenija\/wp-json\/wp\/v2\/product_tag?post=101720"}],"curies":[{"name":"wp","href":"https:\/\/api.w.org\/{rel}","templated":true}]}}