{"id":101710,"date":"2017-03-22T23:01:37","date_gmt":"2017-03-22T23:01:37","guid":{"rendered":"http:\/\/keramika.holest.com\/slovenija\/product\/myr-diplomatic-crema\/"},"modified":"2026-01-02T00:00:02","modified_gmt":"2026-01-02T00:00:02","slug":"myr-diplomatic-crema","status":"publish","type":"product","link":"https:\/\/www.keramika.com\/slovenija\/myr-diplomatic-crema\/","title":{"rendered":"Myr Diplomatic Crema"},"content":{"rendered":"<p>\u0160irina in dol\u017eina te plo\u0161\u010dice sta 20&#215;60 cm. Myr Diplomatic Crema je pripeljana iz \u0160panije in je zelo kvalitetna. Namesto 20.18 EUR kot bi za to plo\u0161\u010dico od\u0161teli v klasi\u010dni trgovini, boste v na\u0161i spletni prodajalni od\u0161teli le 16.15 EUR. Zelo moderna plo\u0161\u010dica v be\u017e barvi popestri prav vsak prostor. 9 mm debeline je dovolj tudi za zahtevnej\u0161e kupce.<\/p>\n<p>Kliknite na ime kolekcije za ogled vseh plo\u0161\u010dic iz te serije: <a class=\"pdfcatal\" href=\"\/\/www.ceramictiles.com\/pdf\/myr\/catalogue_ceramicasmyr_diplomatic.pdf\" onclick=\"recordOutboundLink(this, 'E-mail', 'Description PDF');return false;\">Ceramicas MYR Diplomatic<\/a><\/p>\n<p>\u010ce \u017eelite naro\u010diti model iz pdf kataloga te kolekcije, nam pi\u0161ite na: <a href=\"mailto:keramoteka.salon@gmail.com\" onclick=\"recordOutboundLink(this, 'E-mail', 'Description mail');return false;\">keramoteka.salon@gmail.com<\/a> ali pa nas pokli\u010dite na: 031 255 900.<\/p>\n","protected":false},"excerpt":{"rendered":"<p>\u0160irina in dol\u017eina te plo\u0161\u010dice sta 20&#215;60 cm. Myr Diplomatic Crema je pripeljana iz \u0160panije in je zelo kvalitetna. Namesto 20.18 EUR kot bi za to plo\u0161\u010dico od\u0161teli v klasi\u010dni trgovini, boste v na\u0161i spletni prodajalni od\u0161teli le 16.15 EUR. Zelo moderna plo\u0161\u010dica v be\u017e barvi popestri prav vsak prostor. 9 mm debeline je dovolj [&hellip;]<\/p>\n","protected":false},"featured_media":101711,"template":"","meta":[],"product_cat":[99910,200,220,999,250],"product_tag":[],"_links":{"self":[{"href":"https:\/\/www.keramika.com\/slovenija\/wp-json\/wp\/v2\/product\/101710"}],"collection":[{"href":"https:\/\/www.keramika.com\/slovenija\/wp-json\/wp\/v2\/product"}],"about":[{"href":"https:\/\/www.keramika.com\/slovenija\/wp-json\/wp\/v2\/types\/product"}],"wp:featuredmedia":[{"embeddable":true,"href":"https:\/\/www.keramika.com\/slovenija\/wp-json\/wp\/v2\/media\/101711"}],"wp:attachment":[{"href":"https:\/\/www.keramika.com\/slovenija\/wp-json\/wp\/v2\/media?parent=101710"}],"wp:term":[{"taxonomy":"product_cat","embeddable":true,"href":"https:\/\/www.keramika.com\/slovenija\/wp-json\/wp\/v2\/product_cat?post=101710"},{"taxonomy":"product_tag","embeddable":true,"href":"https:\/\/www.keramika.com\/slovenija\/wp-json\/wp\/v2\/product_tag?post=101710"}],"curies":[{"name":"wp","href":"https:\/\/api.w.org\/{rel}","templated":true}]}}