{"id":101702,"date":"2017-03-22T23:01:26","date_gmt":"2017-03-22T23:01:26","guid":{"rendered":"http:\/\/keramika.holest.com\/slovenija\/product\/myr-crema-satinado\/"},"modified":"2026-01-02T00:00:01","modified_gmt":"2026-01-02T00:00:01","slug":"myr-crema-satinado","status":"publish","type":"product","link":"https:\/\/www.keramika.com\/slovenija\/myr-crema-satinado\/","title":{"rendered":"Myr Crema Satinado"},"content":{"rendered":"<p>Plo\u0161\u010dica na sliki je velika 30&#215;45 cm. Redna cena te plo\u0161\u010dice v maloprodaji zna\u0161a 16.83 EUR, v na\u0161i spletni trgovini pa jo lahko dobite \u017ee za 13.47 EUR. Debelina plo\u0161\u010dice je zelo pomembna in 9 mm uvr\u0161\u010da to plo\u0161\u010dico med najkvalitetnej\u0161e. Zelo moderna plo\u0161\u010dica v beli barvi popestri prav vsak prostor. Ta plo\u0161\u010dica prihaja iz \u0160panije, ki je znana po kvalitetni keramiki.<\/p>\n<p>Kliknite na ime kolekcije za ogled vseh plo\u0161\u010dic iz te serije: <a class=\"pdfcatal\" href=\"\/\/www.ceramictiles.com\/pdf\/myr\/catalogue_ceramicasmyr_cremas.pdf\" onclick=\"recordOutboundLink(this, 'E-mail', 'Description PDF');return false;\">Ceramicas MYR Cremas<\/a><\/p>\n<p>\u010ce \u017eelite naro\u010diti model iz pdf kataloga te kolekcije, nam pi\u0161ite na: <a href=\"mailto:keramoteka.salon@gmail.com\" onclick=\"recordOutboundLink(this, 'E-mail', 'Description mail');return false;\">keramoteka.salon@gmail.com<\/a> ali pa nas pokli\u010dite na: 031 255 900.<\/p>\n","protected":false},"excerpt":{"rendered":"<p>Plo\u0161\u010dica na sliki je velika 30&#215;45 cm. Redna cena te plo\u0161\u010dice v maloprodaji zna\u0161a 16.83 EUR, v na\u0161i spletni trgovini pa jo lahko dobite \u017ee za 13.47 EUR. Debelina plo\u0161\u010dice je zelo pomembna in 9 mm uvr\u0161\u010da to plo\u0161\u010dico med najkvalitetnej\u0161e. Zelo moderna plo\u0161\u010dica v beli barvi popestri prav vsak prostor. Ta plo\u0161\u010dica prihaja iz [&hellip;]<\/p>\n","protected":false},"featured_media":101703,"template":"","meta":[],"product_cat":[99910,200,220,999,250],"product_tag":[],"_links":{"self":[{"href":"https:\/\/www.keramika.com\/slovenija\/wp-json\/wp\/v2\/product\/101702"}],"collection":[{"href":"https:\/\/www.keramika.com\/slovenija\/wp-json\/wp\/v2\/product"}],"about":[{"href":"https:\/\/www.keramika.com\/slovenija\/wp-json\/wp\/v2\/types\/product"}],"wp:featuredmedia":[{"embeddable":true,"href":"https:\/\/www.keramika.com\/slovenija\/wp-json\/wp\/v2\/media\/101703"}],"wp:attachment":[{"href":"https:\/\/www.keramika.com\/slovenija\/wp-json\/wp\/v2\/media?parent=101702"}],"wp:term":[{"taxonomy":"product_cat","embeddable":true,"href":"https:\/\/www.keramika.com\/slovenija\/wp-json\/wp\/v2\/product_cat?post=101702"},{"taxonomy":"product_tag","embeddable":true,"href":"https:\/\/www.keramika.com\/slovenija\/wp-json\/wp\/v2\/product_tag?post=101702"}],"curies":[{"name":"wp","href":"https:\/\/api.w.org\/{rel}","templated":true}]}}