{"id":101700,"date":"2017-03-22T23:01:23","date_gmt":"2017-03-22T23:01:23","guid":{"rendered":"http:\/\/keramika.holest.com\/slovenija\/product\/myr-cordoba-marfil\/"},"modified":"2026-01-02T00:00:01","modified_gmt":"2026-01-02T00:00:01","slug":"myr-cordoba-marfil","status":"publish","type":"product","link":"https:\/\/www.keramika.com\/slovenija\/myr-cordoba-marfil\/","title":{"rendered":"Myr Cordoba Marfil"},"content":{"rendered":"<p>Myr Cordoba Marfil je na voljo po zelo ugodni ceni 12.47 EUR. \u0160irina in dol\u017eina te plo\u0161\u010dice sta 45&#215;45 cm. Debelina plo\u0161\u010dice je zelo pomembna in 9 mm uvr\u0161\u010da to plo\u0161\u010dico med najkvalitetnej\u0161e. Ta plo\u0161\u010dica prihaja iz \u0160panije, ki je znana po kvalitetni keramiki. Pri izbiri plo\u0161\u010dice v be\u017e barvi ne morete zgre\u0161iti.<\/p>\n<p>Kliknite na ime kolekcije za ogled vseh plo\u0161\u010dic iz te serije: <a class=\"pdfcatal\" href=\"\/\/www.ceramictiles.com\/pdf\/myr\/catalogue_ceramicasmyr_cordoba.pdf\" onclick=\"recordOutboundLink(this, 'E-mail', 'Description PDF');return false;\">Ceramicas MYR Cordoba<\/a><\/p>\n<p>\u010ce \u017eelite naro\u010diti model iz pdf kataloga te kolekcije, nam pi\u0161ite na: <a href=\"mailto:keramoteka.salon@gmail.com\" onclick=\"recordOutboundLink(this, 'E-mail', 'Description mail');return false;\">keramoteka.salon@gmail.com<\/a> ali pa nas pokli\u010dite na: 031 255 900.<\/p>\n","protected":false},"excerpt":{"rendered":"<p>Myr Cordoba Marfil je na voljo po zelo ugodni ceni 12.47 EUR. \u0160irina in dol\u017eina te plo\u0161\u010dice sta 45&#215;45 cm. Debelina plo\u0161\u010dice je zelo pomembna in 9 mm uvr\u0161\u010da to plo\u0161\u010dico med najkvalitetnej\u0161e. Ta plo\u0161\u010dica prihaja iz \u0160panije, ki je znana po kvalitetni keramiki. Pri izbiri plo\u0161\u010dice v be\u017e barvi ne morete zgre\u0161iti. Kliknite na [&hellip;]<\/p>\n","protected":false},"featured_media":101701,"template":"","meta":[],"product_cat":[99910,200,230,999,240],"product_tag":[],"_links":{"self":[{"href":"https:\/\/www.keramika.com\/slovenija\/wp-json\/wp\/v2\/product\/101700"}],"collection":[{"href":"https:\/\/www.keramika.com\/slovenija\/wp-json\/wp\/v2\/product"}],"about":[{"href":"https:\/\/www.keramika.com\/slovenija\/wp-json\/wp\/v2\/types\/product"}],"wp:featuredmedia":[{"embeddable":true,"href":"https:\/\/www.keramika.com\/slovenija\/wp-json\/wp\/v2\/media\/101701"}],"wp:attachment":[{"href":"https:\/\/www.keramika.com\/slovenija\/wp-json\/wp\/v2\/media?parent=101700"}],"wp:term":[{"taxonomy":"product_cat","embeddable":true,"href":"https:\/\/www.keramika.com\/slovenija\/wp-json\/wp\/v2\/product_cat?post=101700"},{"taxonomy":"product_tag","embeddable":true,"href":"https:\/\/www.keramika.com\/slovenija\/wp-json\/wp\/v2\/product_tag?post=101700"}],"curies":[{"name":"wp","href":"https:\/\/api.w.org\/{rel}","templated":true}]}}