{"id":101692,"date":"2017-03-22T23:01:14","date_gmt":"2017-03-22T23:01:14","guid":{"rendered":"http:\/\/keramika.holest.com\/slovenija\/product\/myr-balboa-cotto\/"},"modified":"2026-01-01T00:03:40","modified_gmt":"2026-01-01T00:03:40","slug":"myr-balboa-cotto","status":"publish","type":"product","link":"https:\/\/www.keramika.com\/slovenija\/myr-balboa-cotto\/","title":{"rendered":"Myr Balboa Cotto"},"content":{"rendered":"<p>Keramika v rjavi barvi popestri vsak prostor. Z 45&#215;45 cm je ta plo\u0161\u010dica primerna za razli\u010dne podlage. 9 mm je debelina, ki zadovolji tudi zahtevnej\u0161e kupce. Myr Balboa Cotto je na voljo po zelo ugodni ceni 12.47 EUR. Prihaja iz \u0160panije, ki po svetu slovi kot ena bolj\u0161ih proizvajalk kerami\u010dnih plo\u0161\u010dic.<\/p>\n<p>Kliknite na ime kolekcije za ogled vseh plo\u0161\u010dic iz te serije: <a class=\"pdfcatal\" href=\"\/\/www.ceramictiles.com\/pdf\/myr\/catalogue_ceramicasmyr_balboa.pdf\" onclick=\"recordOutboundLink(this, 'E-mail', 'Description PDF');return false;\">Ceramicas MYR Balboa<\/a><\/p>\n<p>\u010ce \u017eelite naro\u010diti model iz pdf kataloga te kolekcije, nam pi\u0161ite na: <a href=\"mailto:keramoteka.salon@gmail.com\" onclick=\"recordOutboundLink(this, 'E-mail', 'Description mail');return false;\">keramoteka.salon@gmail.com<\/a> ali pa nas pokli\u010dite na: 031 255 900.<\/p>\n","protected":false},"excerpt":{"rendered":"<p>Keramika v rjavi barvi popestri vsak prostor. Z 45&#215;45 cm je ta plo\u0161\u010dica primerna za razli\u010dne podlage. 9 mm je debelina, ki zadovolji tudi zahtevnej\u0161e kupce. Myr Balboa Cotto je na voljo po zelo ugodni ceni 12.47 EUR. Prihaja iz \u0160panije, ki po svetu slovi kot ena bolj\u0161ih proizvajalk kerami\u010dnih plo\u0161\u010dic. Kliknite na ime kolekcije [&hellip;]<\/p>\n","protected":false},"featured_media":101693,"template":"","meta":[],"product_cat":[99910,200,230,999,240],"product_tag":[],"_links":{"self":[{"href":"https:\/\/www.keramika.com\/slovenija\/wp-json\/wp\/v2\/product\/101692"}],"collection":[{"href":"https:\/\/www.keramika.com\/slovenija\/wp-json\/wp\/v2\/product"}],"about":[{"href":"https:\/\/www.keramika.com\/slovenija\/wp-json\/wp\/v2\/types\/product"}],"wp:featuredmedia":[{"embeddable":true,"href":"https:\/\/www.keramika.com\/slovenija\/wp-json\/wp\/v2\/media\/101693"}],"wp:attachment":[{"href":"https:\/\/www.keramika.com\/slovenija\/wp-json\/wp\/v2\/media?parent=101692"}],"wp:term":[{"taxonomy":"product_cat","embeddable":true,"href":"https:\/\/www.keramika.com\/slovenija\/wp-json\/wp\/v2\/product_cat?post=101692"},{"taxonomy":"product_tag","embeddable":true,"href":"https:\/\/www.keramika.com\/slovenija\/wp-json\/wp\/v2\/product_tag?post=101692"}],"curies":[{"name":"wp","href":"https:\/\/api.w.org\/{rel}","templated":true}]}}