{"id":101690,"date":"2017-03-22T23:01:12","date_gmt":"2017-03-22T23:01:12","guid":{"rendered":"http:\/\/keramika.holest.com\/slovenija\/product\/myr-atenas-beige\/"},"modified":"2026-01-01T00:03:40","modified_gmt":"2026-01-01T00:03:40","slug":"myr-atenas-beige","status":"publish","type":"product","link":"https:\/\/www.keramika.com\/slovenija\/myr-atenas-beige\/","title":{"rendered":"Myr Atenas Beige"},"content":{"rendered":"<p>Ta plo\u0161\u010dica je na voljo v \u010dudoviti be\u017e barvi, \u010de \u017eelite kak\u0161no drugo barvo pa nas kontaktirajte in preverili bomo pri proizvajalcu. Myr Atenas Beige je plo\u0161\u010dica proizvajalca Ceramicas MYR in prihaja iz \u0160panije. Velikost te plo\u0161\u010dice je 30&#215;45 cm. Redna cena te plo\u0161\u010dice v maloprodaji zna\u0161a 16.83 EUR, v na\u0161i spletni trgovini pa jo lahko dobite \u017ee za 13.47 EUR. Debelina kar 9 mm dela to plo\u0161\u010dico zelo trpe\u017eno in presti\u017eno na otip.<\/p>\n<p>Kliknite na ime kolekcije za ogled vseh plo\u0161\u010dic iz te serije: <a class=\"pdfcatal\" href=\"\/\/www.ceramictiles.com\/pdf\/myr\/catalogue_ceramicasmyr_atenas.pdf\" onclick=\"recordOutboundLink(this, 'E-mail', 'Description PDF');return false;\">Ceramicas MYR Atenas<\/a><\/p>\n<p>\u010ce \u017eelite naro\u010diti model iz pdf kataloga te kolekcije, nam pi\u0161ite na: <a href=\"mailto:keramoteka.salon@gmail.com\" onclick=\"recordOutboundLink(this, 'E-mail', 'Description mail');return false;\">keramoteka.salon@gmail.com<\/a> ali pa nas pokli\u010dite na: 031 255 900.<\/p>\n","protected":false},"excerpt":{"rendered":"<p>Ta plo\u0161\u010dica je na voljo v \u010dudoviti be\u017e barvi, \u010de \u017eelite kak\u0161no drugo barvo pa nas kontaktirajte in preverili bomo pri proizvajalcu. Myr Atenas Beige je plo\u0161\u010dica proizvajalca Ceramicas MYR in prihaja iz \u0160panije. Velikost te plo\u0161\u010dice je 30&#215;45 cm. Redna cena te plo\u0161\u010dice v maloprodaji zna\u0161a 16.83 EUR, v na\u0161i spletni trgovini pa jo [&hellip;]<\/p>\n","protected":false},"featured_media":101691,"template":"","meta":[],"product_cat":[99910,200,220,999,250],"product_tag":[],"_links":{"self":[{"href":"https:\/\/www.keramika.com\/slovenija\/wp-json\/wp\/v2\/product\/101690"}],"collection":[{"href":"https:\/\/www.keramika.com\/slovenija\/wp-json\/wp\/v2\/product"}],"about":[{"href":"https:\/\/www.keramika.com\/slovenija\/wp-json\/wp\/v2\/types\/product"}],"wp:featuredmedia":[{"embeddable":true,"href":"https:\/\/www.keramika.com\/slovenija\/wp-json\/wp\/v2\/media\/101691"}],"wp:attachment":[{"href":"https:\/\/www.keramika.com\/slovenija\/wp-json\/wp\/v2\/media?parent=101690"}],"wp:term":[{"taxonomy":"product_cat","embeddable":true,"href":"https:\/\/www.keramika.com\/slovenija\/wp-json\/wp\/v2\/product_cat?post=101690"},{"taxonomy":"product_tag","embeddable":true,"href":"https:\/\/www.keramika.com\/slovenija\/wp-json\/wp\/v2\/product_tag?post=101690"}],"curies":[{"name":"wp","href":"https:\/\/api.w.org\/{rel}","templated":true}]}}