{"id":101688,"date":"2017-03-22T23:01:09","date_gmt":"2017-03-22T23:01:09","guid":{"rendered":"http:\/\/keramika.holest.com\/slovenija\/product\/myr-art-marron\/"},"modified":"2026-01-01T00:03:40","modified_gmt":"2026-01-01T00:03:40","slug":"myr-art-marron","status":"publish","type":"product","link":"https:\/\/www.keramika.com\/slovenija\/myr-art-marron\/","title":{"rendered":"Myr Art Marron"},"content":{"rendered":"<p>9 mm debeline je dovolj tudi za zahtevnej\u0161e kupce. Redna cena te plo\u0161\u010dice v maloprodaji zna\u0161a 16.83 EUR, v na\u0161i spletni trgovini pa jo lahko dobite \u017ee za 13.47 EUR. Myr Art Marron je pripeljana iz \u0160panije in je zelo kvalitetna. Z velikostjo 30&#215;45 cm je ta plo\u0161\u010dica primerna ze razli\u010dne povr\u0161ine. Ta plo\u0161\u010dica je na voljo v \u010dudoviti rjavi barvi, \u010de \u017eelite kak\u0161no drugo barvo pa nas kontaktirajte in preverili bomo pri proizvajalcu.<\/p>\n<p>Kliknite na ime kolekcije za ogled vseh plo\u0161\u010dic iz te serije: <a class=\"pdfcatal\" href=\"\/\/www.ceramictiles.com\/pdf\/myr\/catalogue_ceramicasmyr_art.pdf\" onclick=\"recordOutboundLink(this, 'E-mail', 'Description PDF');return false;\">Ceramicas MYR Art<\/a><\/p>\n<p>\u010ce \u017eelite naro\u010diti model iz pdf kataloga te kolekcije, nam pi\u0161ite na: <a href=\"mailto:keramoteka.salon@gmail.com\" onclick=\"recordOutboundLink(this, 'E-mail', 'Description mail');return false;\">keramoteka.salon@gmail.com<\/a> ali pa nas pokli\u010dite na: 031 255 900.<\/p>\n","protected":false},"excerpt":{"rendered":"<p>9 mm debeline je dovolj tudi za zahtevnej\u0161e kupce. Redna cena te plo\u0161\u010dice v maloprodaji zna\u0161a 16.83 EUR, v na\u0161i spletni trgovini pa jo lahko dobite \u017ee za 13.47 EUR. Myr Art Marron je pripeljana iz \u0160panije in je zelo kvalitetna. Z velikostjo 30&#215;45 cm je ta plo\u0161\u010dica primerna ze razli\u010dne povr\u0161ine. Ta plo\u0161\u010dica je [&hellip;]<\/p>\n","protected":false},"featured_media":101689,"template":"","meta":[],"product_cat":[99910,200,220,999,250],"product_tag":[],"_links":{"self":[{"href":"https:\/\/www.keramika.com\/slovenija\/wp-json\/wp\/v2\/product\/101688"}],"collection":[{"href":"https:\/\/www.keramika.com\/slovenija\/wp-json\/wp\/v2\/product"}],"about":[{"href":"https:\/\/www.keramika.com\/slovenija\/wp-json\/wp\/v2\/types\/product"}],"wp:featuredmedia":[{"embeddable":true,"href":"https:\/\/www.keramika.com\/slovenija\/wp-json\/wp\/v2\/media\/101689"}],"wp:attachment":[{"href":"https:\/\/www.keramika.com\/slovenija\/wp-json\/wp\/v2\/media?parent=101688"}],"wp:term":[{"taxonomy":"product_cat","embeddable":true,"href":"https:\/\/www.keramika.com\/slovenija\/wp-json\/wp\/v2\/product_cat?post=101688"},{"taxonomy":"product_tag","embeddable":true,"href":"https:\/\/www.keramika.com\/slovenija\/wp-json\/wp\/v2\/product_tag?post=101688"}],"curies":[{"name":"wp","href":"https:\/\/api.w.org\/{rel}","templated":true}]}}