{"id":101674,"date":"2017-03-22T23:00:53","date_gmt":"2017-03-22T23:00:53","guid":{"rendered":"http:\/\/keramika.holest.com\/slovenija\/product\/mozaik-ploscice-mosavit-vintage-rock-rayas\/"},"modified":"2026-01-01T00:03:39","modified_gmt":"2026-01-01T00:03:39","slug":"mozaik-ploscice-mosavit-vintage-rock-rayas","status":"publish","type":"product","link":"https:\/\/www.keramika.com\/slovenija\/mozaik-ploscice-mosavit-vintage-rock-rayas\/","title":{"rendered":"Mozaik plo\u0161\u010dice Mosavit Vintage Rock Rayas"},"content":{"rendered":"<p>Vintage Rock Rayas je pripeljana iz \u0160panije in je zelo kvalitetna. \u0160irina in dol\u017eina mre\u017ee na katero je pripet ta mozaik sta 31,6&#215;31,6 cm. Mre\u017eo lahko enostavno polo\u017eite na razli\u010dne povr\u0161ine. Ta mozaik plo\u0161\u010dica v \u010dudoviti modri barvi bo obogatila vsak prostor. Mozaik je debel kar 5 mm, kar ga uvr\u0161\u010da med bolj trde mozaik plo\u0161\u010dice. Zaradi ni\u017ejih stro\u0161kov pri spletni prodaji boste na na\u0161i strani za ta mozaik od\u0161teli le 122,5 EUR.<\/p>\n<p>Technical description: <\/p>\n<p>Min. 1 box &#8211; Delivery 30 Euro\/box in EU<\/p>\n","protected":false},"excerpt":{"rendered":"<p>Vintage Rock Rayas je pripeljana iz \u0160panije in je zelo kvalitetna. \u0160irina in dol\u017eina mre\u017ee na katero je pripet ta mozaik sta 31,6&#215;31,6 cm. Mre\u017eo lahko enostavno polo\u017eite na razli\u010dne povr\u0161ine. Ta mozaik plo\u0161\u010dica v \u010dudoviti modri barvi bo obogatila vsak prostor. Mozaik je debel kar 5 mm, kar ga uvr\u0161\u010da med bolj trde mozaik [&hellip;]<\/p>\n","protected":false},"featured_media":101675,"template":"","meta":[],"product_cat":[999405,400,999,410],"product_tag":[],"_links":{"self":[{"href":"https:\/\/www.keramika.com\/slovenija\/wp-json\/wp\/v2\/product\/101674"}],"collection":[{"href":"https:\/\/www.keramika.com\/slovenija\/wp-json\/wp\/v2\/product"}],"about":[{"href":"https:\/\/www.keramika.com\/slovenija\/wp-json\/wp\/v2\/types\/product"}],"wp:featuredmedia":[{"embeddable":true,"href":"https:\/\/www.keramika.com\/slovenija\/wp-json\/wp\/v2\/media\/101675"}],"wp:attachment":[{"href":"https:\/\/www.keramika.com\/slovenija\/wp-json\/wp\/v2\/media?parent=101674"}],"wp:term":[{"taxonomy":"product_cat","embeddable":true,"href":"https:\/\/www.keramika.com\/slovenija\/wp-json\/wp\/v2\/product_cat?post=101674"},{"taxonomy":"product_tag","embeddable":true,"href":"https:\/\/www.keramika.com\/slovenija\/wp-json\/wp\/v2\/product_tag?post=101674"}],"curies":[{"name":"wp","href":"https:\/\/api.w.org\/{rel}","templated":true}]}}