{"id":101656,"date":"2017-03-22T23:00:32","date_gmt":"2017-03-22T23:00:32","guid":{"rendered":"http:\/\/keramika.holest.com\/slovenija\/product\/mozaik-ploscice-mosavit-vintage-frames\/"},"modified":"2026-01-01T00:03:37","modified_gmt":"2026-01-01T00:03:37","slug":"mozaik-ploscice-mosavit-vintage-frames","status":"publish","type":"product","link":"https:\/\/www.keramika.com\/slovenija\/mozaik-ploscice-mosavit-vintage-frames\/","title":{"rendered":"Mozaik plo\u0161\u010dice Mosavit Vintage Frames"},"content":{"rendered":"<p>Debelina kar 5 mm dela ta mozaik zelo trpe\u017een in presti\u017een na otip. Mosaic Vintage Frames je na voljo po zelo ugodni ceni 96,25 EUR. Ta mozaik je izdelal proizvajalec Mosavit, ki prihaja iz \u0160panije. \u0160irina in dol\u017eina mre\u017ee na katero je pripet ta mozaik sta 31,6&#215;31,6 cm. Mre\u017eo lahko enostavno polo\u017eite na razli\u010dne povr\u0161ine. Letos so mozaiki v beli barvi zelo za\u017eeljeni.<\/p>\n<p>Technical description: <\/p>\n<p>Min. 1 box &#8211; Delivery 30 Euro\/box in EU<\/p>\n","protected":false},"excerpt":{"rendered":"<p>Debelina kar 5 mm dela ta mozaik zelo trpe\u017een in presti\u017een na otip. Mosaic Vintage Frames je na voljo po zelo ugodni ceni 96,25 EUR. Ta mozaik je izdelal proizvajalec Mosavit, ki prihaja iz \u0160panije. \u0160irina in dol\u017eina mre\u017ee na katero je pripet ta mozaik sta 31,6&#215;31,6 cm. Mre\u017eo lahko enostavno polo\u017eite na razli\u010dne povr\u0161ine. [&hellip;]<\/p>\n","protected":false},"featured_media":101657,"template":"","meta":[],"product_cat":[999405,400,999,410],"product_tag":[],"_links":{"self":[{"href":"https:\/\/www.keramika.com\/slovenija\/wp-json\/wp\/v2\/product\/101656"}],"collection":[{"href":"https:\/\/www.keramika.com\/slovenija\/wp-json\/wp\/v2\/product"}],"about":[{"href":"https:\/\/www.keramika.com\/slovenija\/wp-json\/wp\/v2\/types\/product"}],"wp:featuredmedia":[{"embeddable":true,"href":"https:\/\/www.keramika.com\/slovenija\/wp-json\/wp\/v2\/media\/101657"}],"wp:attachment":[{"href":"https:\/\/www.keramika.com\/slovenija\/wp-json\/wp\/v2\/media?parent=101656"}],"wp:term":[{"taxonomy":"product_cat","embeddable":true,"href":"https:\/\/www.keramika.com\/slovenija\/wp-json\/wp\/v2\/product_cat?post=101656"},{"taxonomy":"product_tag","embeddable":true,"href":"https:\/\/www.keramika.com\/slovenija\/wp-json\/wp\/v2\/product_tag?post=101656"}],"curies":[{"name":"wp","href":"https:\/\/api.w.org\/{rel}","templated":true}]}}