{"id":101652,"date":"2017-03-22T23:00:27","date_gmt":"2017-03-22T23:00:27","guid":{"rendered":"http:\/\/keramika.holest.com\/slovenija\/product\/mozaik-ploscice-mosavit-urban-wengue\/"},"modified":"2026-01-01T00:03:37","modified_gmt":"2026-01-01T00:03:37","slug":"mozaik-ploscice-mosavit-urban-wengue","status":"publish","type":"product","link":"https:\/\/www.keramika.com\/slovenija\/mozaik-ploscice-mosavit-urban-wengue\/","title":{"rendered":"Mozaik plo\u0161\u010dice Mosavit Urban Wengue"},"content":{"rendered":"<p>Redna cena tega mozaika v maloprodaji zna\u0161a 58,59 EUR, v na\u0161i spletni trgovini pa ga lahko dobite \u017ee za 46,88 EUR. Zelo moderen mozaik v dominanti rjavi barvi popestri prav vsak prostor. Z velikostjo mre\u017ee 31,6&#215;31,6 cm na katero je pripet, je ta mozaik primeren ze razli\u010dne povr\u0161ine. Mozaik je debel kar 5 mm, kar ga uvr\u0161\u010da med bolj trde mozaik plo\u0161\u010dice. Mosaic Urban Wengue je pripeljana iz \u0160panije in je zelo kvalitetna.<\/p>\n<p>Technical description: <\/p>\n<p>Min. 1 box &#8211; Delivery 30 Euro\/box in EU<\/p>\n","protected":false},"excerpt":{"rendered":"<p>Redna cena tega mozaika v maloprodaji zna\u0161a 58,59 EUR, v na\u0161i spletni trgovini pa ga lahko dobite \u017ee za 46,88 EUR. Zelo moderen mozaik v dominanti rjavi barvi popestri prav vsak prostor. Z velikostjo mre\u017ee 31,6&#215;31,6 cm na katero je pripet, je ta mozaik primeren ze razli\u010dne povr\u0161ine. Mozaik je debel kar 5 mm, kar [&hellip;]<\/p>\n","protected":false},"featured_media":101653,"template":"","meta":[],"product_cat":[999405,400,999,410],"product_tag":[],"_links":{"self":[{"href":"https:\/\/www.keramika.com\/slovenija\/wp-json\/wp\/v2\/product\/101652"}],"collection":[{"href":"https:\/\/www.keramika.com\/slovenija\/wp-json\/wp\/v2\/product"}],"about":[{"href":"https:\/\/www.keramika.com\/slovenija\/wp-json\/wp\/v2\/types\/product"}],"wp:featuredmedia":[{"embeddable":true,"href":"https:\/\/www.keramika.com\/slovenija\/wp-json\/wp\/v2\/media\/101653"}],"wp:attachment":[{"href":"https:\/\/www.keramika.com\/slovenija\/wp-json\/wp\/v2\/media?parent=101652"}],"wp:term":[{"taxonomy":"product_cat","embeddable":true,"href":"https:\/\/www.keramika.com\/slovenija\/wp-json\/wp\/v2\/product_cat?post=101652"},{"taxonomy":"product_tag","embeddable":true,"href":"https:\/\/www.keramika.com\/slovenija\/wp-json\/wp\/v2\/product_tag?post=101652"}],"curies":[{"name":"wp","href":"https:\/\/api.w.org\/{rel}","templated":true}]}}