{"id":101648,"date":"2017-03-22T23:00:22","date_gmt":"2017-03-22T23:00:22","guid":{"rendered":"http:\/\/keramika.holest.com\/slovenija\/product\/mozaik-ploscice-mosavit-urban-ferro\/"},"modified":"2026-01-01T00:03:37","modified_gmt":"2026-01-01T00:03:37","slug":"mozaik-ploscice-mosavit-urban-ferro","status":"publish","type":"product","link":"https:\/\/www.keramika.com\/slovenija\/mozaik-ploscice-mosavit-urban-ferro\/","title":{"rendered":"Mozaik plo\u0161\u010dice Mosavit Urban Ferro"},"content":{"rendered":"<p>Mosaic Urban Ferro je na voljo po zelo ugodni ceni 46,88 EUR. Mozaik dobite pripet na mre\u017eo, kar olaj\u0161a njegovo polaganje. Velikost mre\u017ee je 31,6&#215;31,6 cm in je primerna za razli\u010dne povr\u0161ine. Pri izbiri mozaika v glavni \u010drni barvi ne morete zgre\u0161iti. Ta mozaik je debel 5 mm in je zelo trpe\u017een. Mosaic Urban Ferro je pripeljana iz \u0160panije in je zelo kvalitetna.<\/p>\n<p>Technical description: <\/p>\n<p>Min. 1 box &#8211; Delivery 30 Euro\/box in EU<\/p>\n","protected":false},"excerpt":{"rendered":"<p>Mosaic Urban Ferro je na voljo po zelo ugodni ceni 46,88 EUR. Mozaik dobite pripet na mre\u017eo, kar olaj\u0161a njegovo polaganje. Velikost mre\u017ee je 31,6&#215;31,6 cm in je primerna za razli\u010dne povr\u0161ine. Pri izbiri mozaika v glavni \u010drni barvi ne morete zgre\u0161iti. Ta mozaik je debel 5 mm in je zelo trpe\u017een. Mosaic Urban Ferro [&hellip;]<\/p>\n","protected":false},"featured_media":101649,"template":"","meta":[],"product_cat":[999405,400,999,410],"product_tag":[],"_links":{"self":[{"href":"https:\/\/www.keramika.com\/slovenija\/wp-json\/wp\/v2\/product\/101648"}],"collection":[{"href":"https:\/\/www.keramika.com\/slovenija\/wp-json\/wp\/v2\/product"}],"about":[{"href":"https:\/\/www.keramika.com\/slovenija\/wp-json\/wp\/v2\/types\/product"}],"wp:featuredmedia":[{"embeddable":true,"href":"https:\/\/www.keramika.com\/slovenija\/wp-json\/wp\/v2\/media\/101649"}],"wp:attachment":[{"href":"https:\/\/www.keramika.com\/slovenija\/wp-json\/wp\/v2\/media?parent=101648"}],"wp:term":[{"taxonomy":"product_cat","embeddable":true,"href":"https:\/\/www.keramika.com\/slovenija\/wp-json\/wp\/v2\/product_cat?post=101648"},{"taxonomy":"product_tag","embeddable":true,"href":"https:\/\/www.keramika.com\/slovenija\/wp-json\/wp\/v2\/product_tag?post=101648"}],"curies":[{"name":"wp","href":"https:\/\/api.w.org\/{rel}","templated":true}]}}