{"id":101646,"date":"2017-04-22T23:00:20","date_gmt":"2017-04-22T23:00:20","guid":{"rendered":"http:\/\/keramika.holest.com\/slovenija\/product\/mozaik-ploscice-mosavit-urban-bianco\/"},"modified":"2026-01-01T00:03:36","modified_gmt":"2026-01-01T00:03:36","slug":"mozaik-ploscice-mosavit-urban-bianco","status":"publish","type":"product","link":"https:\/\/www.keramika.com\/slovenija\/mozaik-ploscice-mosavit-urban-bianco\/","title":{"rendered":"Mozaik plo\u0161\u010dice Mosavit Urban Bianco"},"content":{"rendered":"<p>Mosaic Urban Bianco je plo\u0161\u010dica proizvajalca Mosavit in prihaja iz \u0160panije. Pri izbiri mozaika v glavni beli barvi ne morete zgre\u0161iti. Z velikostjo mre\u017ee 31,6&#215;31,6 cm na katero je pripet, je ta mozaik primeren ze razli\u010dne povr\u0161ine. Redna cena tega mozaika v maloprodaji zna\u0161a 52,97 EUR, v na\u0161i spletni trgovini pa ga lahko dobite \u017ee za 42,38 EUR. 5 mm je debelina, ki zadovolji tudi zahtevnej\u0161e kupce.<\/p>\n<p>Technical description: <\/p>\n<p>Min. 1 box &#8211; Delivery 30 Euro\/box in EU<\/p>\n","protected":false},"excerpt":{"rendered":"<p>Mosaic Urban Bianco je plo\u0161\u010dica proizvajalca Mosavit in prihaja iz \u0160panije. Pri izbiri mozaika v glavni beli barvi ne morete zgre\u0161iti. Z velikostjo mre\u017ee 31,6&#215;31,6 cm na katero je pripet, je ta mozaik primeren ze razli\u010dne povr\u0161ine. Redna cena tega mozaika v maloprodaji zna\u0161a 52,97 EUR, v na\u0161i spletni trgovini pa ga lahko dobite \u017ee [&hellip;]<\/p>\n","protected":false},"featured_media":101647,"template":"","meta":[],"product_cat":[999405,400,999,410],"product_tag":[],"_links":{"self":[{"href":"https:\/\/www.keramika.com\/slovenija\/wp-json\/wp\/v2\/product\/101646"}],"collection":[{"href":"https:\/\/www.keramika.com\/slovenija\/wp-json\/wp\/v2\/product"}],"about":[{"href":"https:\/\/www.keramika.com\/slovenija\/wp-json\/wp\/v2\/types\/product"}],"wp:featuredmedia":[{"embeddable":true,"href":"https:\/\/www.keramika.com\/slovenija\/wp-json\/wp\/v2\/media\/101647"}],"wp:attachment":[{"href":"https:\/\/www.keramika.com\/slovenija\/wp-json\/wp\/v2\/media?parent=101646"}],"wp:term":[{"taxonomy":"product_cat","embeddable":true,"href":"https:\/\/www.keramika.com\/slovenija\/wp-json\/wp\/v2\/product_cat?post=101646"},{"taxonomy":"product_tag","embeddable":true,"href":"https:\/\/www.keramika.com\/slovenija\/wp-json\/wp\/v2\/product_tag?post=101646"}],"curies":[{"name":"wp","href":"https:\/\/api.w.org\/{rel}","templated":true}]}}