{"id":101634,"date":"2017-03-22T23:00:05","date_gmt":"2017-03-22T23:00:05","guid":{"rendered":"http:\/\/keramika.holest.com\/slovenija\/product\/mozaik-ploscice-mosavit-sundance-alps\/"},"modified":"2026-01-01T00:03:35","modified_gmt":"2026-01-01T00:03:35","slug":"mozaik-ploscice-mosavit-sundance-alps","status":"publish","type":"product","link":"https:\/\/www.keramika.com\/slovenija\/mozaik-ploscice-mosavit-sundance-alps\/","title":{"rendered":"Mozaik plo\u0161\u010dice Mosavit Sundance Alps"},"content":{"rendered":"<p>Mozaik na sliki je pripet na mre\u017eo, kar olaj\u0161a njegovo polaganje. Mre\u017ea je velika 31,6&#215;31,6 cm. Ta model mozaik plo\u0161\u010dic se najbolje prodaja v \u010drni barvi. Mosaic Sundance Alps prihaja iz \u0160panije, ki je znana po zelo kvalitetni keramiki v svetovnem merilu. Mosaic Sundance Alps je na voljo po zelo ugodni ceni 122,5 EUR. Debelina plo\u0161\u010dice je zelo pomembna in 5 mm uvr\u0161\u010da ta mozaik med najkvalitetnej\u0161e.<\/p>\n<p>Technical description: <\/p>\n<p>Min. 1 box &#8211; Delivery 30 Euro\/box in EU<\/p>\n","protected":false},"excerpt":{"rendered":"<p>Mozaik na sliki je pripet na mre\u017eo, kar olaj\u0161a njegovo polaganje. Mre\u017ea je velika 31,6&#215;31,6 cm. Ta model mozaik plo\u0161\u010dic se najbolje prodaja v \u010drni barvi. Mosaic Sundance Alps prihaja iz \u0160panije, ki je znana po zelo kvalitetni keramiki v svetovnem merilu. Mosaic Sundance Alps je na voljo po zelo ugodni ceni 122,5 EUR. Debelina [&hellip;]<\/p>\n","protected":false},"featured_media":101635,"template":"","meta":[],"product_cat":[999405,400,999,410],"product_tag":[],"_links":{"self":[{"href":"https:\/\/www.keramika.com\/slovenija\/wp-json\/wp\/v2\/product\/101634"}],"collection":[{"href":"https:\/\/www.keramika.com\/slovenija\/wp-json\/wp\/v2\/product"}],"about":[{"href":"https:\/\/www.keramika.com\/slovenija\/wp-json\/wp\/v2\/types\/product"}],"wp:featuredmedia":[{"embeddable":true,"href":"https:\/\/www.keramika.com\/slovenija\/wp-json\/wp\/v2\/media\/101635"}],"wp:attachment":[{"href":"https:\/\/www.keramika.com\/slovenija\/wp-json\/wp\/v2\/media?parent=101634"}],"wp:term":[{"taxonomy":"product_cat","embeddable":true,"href":"https:\/\/www.keramika.com\/slovenija\/wp-json\/wp\/v2\/product_cat?post=101634"},{"taxonomy":"product_tag","embeddable":true,"href":"https:\/\/www.keramika.com\/slovenija\/wp-json\/wp\/v2\/product_tag?post=101634"}],"curies":[{"name":"wp","href":"https:\/\/api.w.org\/{rel}","templated":true}]}}