{"id":101630,"date":"2017-03-22T23:00:00","date_gmt":"2017-03-22T23:00:00","guid":{"rendered":"http:\/\/keramika.holest.com\/slovenija\/product\/hd-steklene-mozaik-ploscice-shower-in-the-nature\/"},"modified":"2026-01-01T00:03:35","modified_gmt":"2026-01-01T00:03:35","slug":"hd-steklene-mozaik-ploscice-shower-in-the-nature","status":"publish","type":"product","link":"https:\/\/www.keramika.com\/slovenija\/hd-steklene-mozaik-ploscice-shower-in-the-nature\/","title":{"rendered":"HD Steklene mozaik plo\u0161\u010dice Shower\u00a0in the nature"},"content":{"rendered":"<p><span style=\"color: #3366ff;\"><strong>Unikatni mozaik!<\/strong><\/span><br \/>\n<span style=\"color: #3366ff;\"><strong> Po\u0161ljite nam va\u0161o fotografijo. Originalni na\u010din izdelave steklenega mozaika nam omogo\u010da, da to fotografijo prenesemo in vtisnemo v steklo.<\/strong><\/span><br \/>\n<span style=\"color: #3366ff;\"><strong> Lepota, ki traja!<\/strong><\/span><\/p>\n<p>Ta mozaik plo\u0161\u010dica v \u010dudoviti beli barvi bo obogatila vsak prostor. Mozaik je debel kar 5 mm, kar ga uvr\u0161\u010da med bolj trde mozaik plo\u0161\u010dice. Z velikostjo mre\u017ee 31,6&#215;31,6 cm na katero je pripet, je ta mozaik primeren ze razli\u010dne povr\u0161ine. HD glass mosaic Shower\u00a0in the nature prihaja iz \u0160panije, ki je znana po zelo kvalitetni keramiki v svetovnem merilu. Namesto 562,5 EUR kot bi za ta mozaik od\u0161teli v klasi\u010dni trgovini, boste v na\u0161i spletni prodajalni od\u0161teli le 450 EUR.<\/p>\n<p>Technical description: High definition ceramics \u2013 For a project or for your bathroom, high definition ceramics is a great way to get ceramics exactly as you want it, completely unique! How does it work? You send us any picture by your desire and we impetrate it into glass mosai<\/p>\n","protected":false},"excerpt":{"rendered":"<p>Unikatni mozaik! Po\u0161ljite nam va\u0161o fotografijo. Originalni na\u010din izdelave steklenega mozaika nam omogo\u010da, da to fotografijo prenesemo in vtisnemo v steklo. Lepota, ki traja! Ta mozaik plo\u0161\u010dica v \u010dudoviti beli barvi bo obogatila vsak prostor. Mozaik je debel kar 5 mm, kar ga uvr\u0161\u010da med bolj trde mozaik plo\u0161\u010dice. Z velikostjo mre\u017ee 31,6&#215;31,6 cm na [&hellip;]<\/p>\n","protected":false},"featured_media":101631,"template":"","meta":[],"product_cat":[999405,999,410,300],"product_tag":[],"_links":{"self":[{"href":"https:\/\/www.keramika.com\/slovenija\/wp-json\/wp\/v2\/product\/101630"}],"collection":[{"href":"https:\/\/www.keramika.com\/slovenija\/wp-json\/wp\/v2\/product"}],"about":[{"href":"https:\/\/www.keramika.com\/slovenija\/wp-json\/wp\/v2\/types\/product"}],"wp:featuredmedia":[{"embeddable":true,"href":"https:\/\/www.keramika.com\/slovenija\/wp-json\/wp\/v2\/media\/101631"}],"wp:attachment":[{"href":"https:\/\/www.keramika.com\/slovenija\/wp-json\/wp\/v2\/media?parent=101630"}],"wp:term":[{"taxonomy":"product_cat","embeddable":true,"href":"https:\/\/www.keramika.com\/slovenija\/wp-json\/wp\/v2\/product_cat?post=101630"},{"taxonomy":"product_tag","embeddable":true,"href":"https:\/\/www.keramika.com\/slovenija\/wp-json\/wp\/v2\/product_tag?post=101630"}],"curies":[{"name":"wp","href":"https:\/\/api.w.org\/{rel}","templated":true}]}}