{"id":101628,"date":"2017-03-22T22:59:58","date_gmt":"2017-03-22T22:59:58","guid":{"rendered":"http:\/\/keramika.holest.com\/slovenija\/product\/mozaik-ploscice-mosavit-pandora-elogy-zen\/"},"modified":"2026-01-01T00:03:35","modified_gmt":"2026-01-01T00:03:35","slug":"mozaik-ploscice-mosavit-pandora-elogy-zen","status":"publish","type":"product","link":"https:\/\/www.keramika.com\/slovenija\/mozaik-ploscice-mosavit-pandora-elogy-zen\/","title":{"rendered":"Mozaik plo\u0161\u010dice Mosavit Pandora Elogy Zen"},"content":{"rendered":"<p>Prihaja iz \u0160panije, ki po svetu slovi kot ena bolj\u0161ih proizvajalk kerami\u010dnih plo\u0161\u010dic. Ta mozaik plo\u0161\u010dica v \u010dudoviti be\u017e barvi bo obogatila vsak prostor. Debelina kar 5 mm dela ta mozaik zelo trpe\u017een in presti\u017een na otip. Pandora Elogy Zen je na voljo po zelo ugodni ceni 125 EUR. Mozaik dobite pripet na mre\u017eo, kar olaj\u0161a njegovo polaganje. Velikost mre\u017ee je 31,6&#215;31,6 cm in je primerna za razli\u010dne povr\u0161ine.<\/p>\n<p>Technical description: <\/p>\n<p>Min. 1 box &#8211; Delivery 30 Euro\/box in EU<\/p>\n","protected":false},"excerpt":{"rendered":"<p>Prihaja iz \u0160panije, ki po svetu slovi kot ena bolj\u0161ih proizvajalk kerami\u010dnih plo\u0161\u010dic. Ta mozaik plo\u0161\u010dica v \u010dudoviti be\u017e barvi bo obogatila vsak prostor. Debelina kar 5 mm dela ta mozaik zelo trpe\u017een in presti\u017een na otip. Pandora Elogy Zen je na voljo po zelo ugodni ceni 125 EUR. Mozaik dobite pripet na mre\u017eo, kar [&hellip;]<\/p>\n","protected":false},"featured_media":101629,"template":"","meta":[],"product_cat":[999405,400,999,410],"product_tag":[],"_links":{"self":[{"href":"https:\/\/www.keramika.com\/slovenija\/wp-json\/wp\/v2\/product\/101628"}],"collection":[{"href":"https:\/\/www.keramika.com\/slovenija\/wp-json\/wp\/v2\/product"}],"about":[{"href":"https:\/\/www.keramika.com\/slovenija\/wp-json\/wp\/v2\/types\/product"}],"wp:featuredmedia":[{"embeddable":true,"href":"https:\/\/www.keramika.com\/slovenija\/wp-json\/wp\/v2\/media\/101629"}],"wp:attachment":[{"href":"https:\/\/www.keramika.com\/slovenija\/wp-json\/wp\/v2\/media?parent=101628"}],"wp:term":[{"taxonomy":"product_cat","embeddable":true,"href":"https:\/\/www.keramika.com\/slovenija\/wp-json\/wp\/v2\/product_cat?post=101628"},{"taxonomy":"product_tag","embeddable":true,"href":"https:\/\/www.keramika.com\/slovenija\/wp-json\/wp\/v2\/product_tag?post=101628"}],"curies":[{"name":"wp","href":"https:\/\/api.w.org\/{rel}","templated":true}]}}