{"id":101626,"date":"2017-03-22T22:59:55","date_gmt":"2017-03-22T22:59:55","guid":{"rendered":"http:\/\/keramika.holest.com\/slovenija\/product\/mozaik-ploscice-mosavit-pandora-elogy-oda\/"},"modified":"2026-01-01T00:03:35","modified_gmt":"2026-01-01T00:03:35","slug":"mozaik-ploscice-mosavit-pandora-elogy-oda","status":"publish","type":"product","link":"https:\/\/www.keramika.com\/slovenija\/mozaik-ploscice-mosavit-pandora-elogy-oda\/","title":{"rendered":"Mozaik plo\u0161\u010dice Mosavit Pandora Elogy Oda"},"content":{"rendered":"<p>Z velikostjo mre\u017ee 31,6&#215;31,6 cm na katero je pripet, je ta mozaik primeren ze razli\u010dne povr\u0161ine. Zelo moderen mozaik v dominanti rjavi barvi popestri prav vsak prostor. Ta mozaik je izdelal proizvajalec Mosavit, ki prihaja iz \u0160panije. Ta mozaik je debel 5 mm in je zelo trpe\u017een. Pandora Elogy Oda je na voljo po zelo ugodni ceni 125 EUR.<\/p>\n<p>Technical description: <\/p>\n<p>Min. 1 box &#8211; Delivery 30 Euro\/box in EU<\/p>\n","protected":false},"excerpt":{"rendered":"<p>Z velikostjo mre\u017ee 31,6&#215;31,6 cm na katero je pripet, je ta mozaik primeren ze razli\u010dne povr\u0161ine. Zelo moderen mozaik v dominanti rjavi barvi popestri prav vsak prostor. Ta mozaik je izdelal proizvajalec Mosavit, ki prihaja iz \u0160panije. Ta mozaik je debel 5 mm in je zelo trpe\u017een. Pandora Elogy Oda je na voljo po zelo [&hellip;]<\/p>\n","protected":false},"featured_media":101627,"template":"","meta":[],"product_cat":[999405,400,999,410],"product_tag":[],"_links":{"self":[{"href":"https:\/\/www.keramika.com\/slovenija\/wp-json\/wp\/v2\/product\/101626"}],"collection":[{"href":"https:\/\/www.keramika.com\/slovenija\/wp-json\/wp\/v2\/product"}],"about":[{"href":"https:\/\/www.keramika.com\/slovenija\/wp-json\/wp\/v2\/types\/product"}],"wp:featuredmedia":[{"embeddable":true,"href":"https:\/\/www.keramika.com\/slovenija\/wp-json\/wp\/v2\/media\/101627"}],"wp:attachment":[{"href":"https:\/\/www.keramika.com\/slovenija\/wp-json\/wp\/v2\/media?parent=101626"}],"wp:term":[{"taxonomy":"product_cat","embeddable":true,"href":"https:\/\/www.keramika.com\/slovenija\/wp-json\/wp\/v2\/product_cat?post=101626"},{"taxonomy":"product_tag","embeddable":true,"href":"https:\/\/www.keramika.com\/slovenija\/wp-json\/wp\/v2\/product_tag?post=101626"}],"curies":[{"name":"wp","href":"https:\/\/api.w.org\/{rel}","templated":true}]}}