{"id":101618,"date":"2017-04-22T22:59:47","date_gmt":"2017-04-22T22:59:47","guid":{"rendered":"http:\/\/keramika.holest.com\/slovenija\/product\/mozaik-ploscice-za-stene-nacare-verde\/"},"modified":"2026-01-01T00:03:34","modified_gmt":"2026-01-01T00:03:34","slug":"mozaik-ploscice-za-stene-nacare-verde","status":"publish","type":"product","link":"https:\/\/www.keramika.com\/slovenija\/mozaik-ploscice-za-stene-nacare-verde\/","title":{"rendered":"Mozaik plo\u0161\u010dice za stene Nacare Verde"},"content":{"rendered":"<p>Mozaik dobite pripet na mre\u017eo, kar olaj\u0161a njegovo polaganje. Velikost mre\u017ee je 31,6&#215;31,6 cm in je primerna za razli\u010dne povr\u0161ine. Debelina plo\u0161\u010dice je zelo pomembna in 5 mm uvr\u0161\u010da ta mozaik med najkvalitetnej\u0161e. Ta mozaik plo\u0161\u010dica v \u010dudoviti zeleni barvi bo obogatila vsak prostor. 59,22 EUR v klasi\u010dni trgovini, pri nas pa le 47,38 EUR. Mosaic Nacare Verde je plo\u0161\u010dica proizvajalca Mosavit in prihaja iz \u0160panije.<\/p>\n<p>Technical description: <\/p>\n<p>Min. 1 box &#8211; Delivery 30 Euro\/box in EU<\/p>\n","protected":false},"excerpt":{"rendered":"<p>Mozaik dobite pripet na mre\u017eo, kar olaj\u0161a njegovo polaganje. Velikost mre\u017ee je 31,6&#215;31,6 cm in je primerna za razli\u010dne povr\u0161ine. Debelina plo\u0161\u010dice je zelo pomembna in 5 mm uvr\u0161\u010da ta mozaik med najkvalitetnej\u0161e. Ta mozaik plo\u0161\u010dica v \u010dudoviti zeleni barvi bo obogatila vsak prostor. 59,22 EUR v klasi\u010dni trgovini, pri nas pa le 47,38 EUR. [&hellip;]<\/p>\n","protected":false},"featured_media":101619,"template":"","meta":[],"product_cat":[999405,400,999,410],"product_tag":[],"_links":{"self":[{"href":"https:\/\/www.keramika.com\/slovenija\/wp-json\/wp\/v2\/product\/101618"}],"collection":[{"href":"https:\/\/www.keramika.com\/slovenija\/wp-json\/wp\/v2\/product"}],"about":[{"href":"https:\/\/www.keramika.com\/slovenija\/wp-json\/wp\/v2\/types\/product"}],"wp:featuredmedia":[{"embeddable":true,"href":"https:\/\/www.keramika.com\/slovenija\/wp-json\/wp\/v2\/media\/101619"}],"wp:attachment":[{"href":"https:\/\/www.keramika.com\/slovenija\/wp-json\/wp\/v2\/media?parent=101618"}],"wp:term":[{"taxonomy":"product_cat","embeddable":true,"href":"https:\/\/www.keramika.com\/slovenija\/wp-json\/wp\/v2\/product_cat?post=101618"},{"taxonomy":"product_tag","embeddable":true,"href":"https:\/\/www.keramika.com\/slovenija\/wp-json\/wp\/v2\/product_tag?post=101618"}],"curies":[{"name":"wp","href":"https:\/\/api.w.org\/{rel}","templated":true}]}}