{"id":101602,"date":"2017-03-22T22:59:31","date_gmt":"2017-03-22T22:59:31","guid":{"rendered":"http:\/\/keramika.holest.com\/slovenija\/product\/hd-steklene-mozaik-ploscice-monument-2\/"},"modified":"2026-01-01T00:03:33","modified_gmt":"2026-01-01T00:03:33","slug":"hd-steklene-mozaik-ploscice-monument-2","status":"publish","type":"product","link":"https:\/\/www.keramika.com\/slovenija\/hd-steklene-mozaik-ploscice-monument-2\/","title":{"rendered":"HD Steklene mozaik plo\u0161\u010dice Monument 2"},"content":{"rendered":"<p><span style=\"color: #3366ff;\"><strong>Unikatni mozaik!<\/strong><\/span><br \/>\n<span style=\"color: #3366ff;\"><strong> Po\u0161ljite nam va\u0161o fotografijo. Originalni na\u010din izdelave steklenega mozaika nam omogo\u010da, da to fotografijo prenesemo in vtisnemo v steklo.<\/strong><\/span><br \/>\n<span style=\"color: #3366ff;\"><strong> Lepota, ki traja!<\/strong><\/span><\/p>\n<p>Ta mozaik plo\u0161\u010dica prihaja iz \u0160panije, ki je znana po kvalitetni keramiki. Na spletu boste za ta mozaik od\u0161teli le 450 EUR, medtem ko v redni prodaji cena zna\u0161a 562,5 EUR. Ta model mozaik plo\u0161\u010dic se najbolje prodaja v beli barvi. Z 31,6&#215;31,6 cm je mre\u017ea na katero so pripete te mozaik plo\u0161\u010dice primerna za razli\u010dne podlage. 5 mm je debelina, ki zadovolji tudi zahtevnej\u0161e kupce.<\/p>\n<p>Technical description: High definition ceramics \u2013 For a project or for your bathroom, high definition ceramics is a great way to get ceramics exactly as you want it, completely unique! How does it work? You send us any picture by your desire and we impetrate it into glass mosai<\/p>\n","protected":false},"excerpt":{"rendered":"<p>Unikatni mozaik! Po\u0161ljite nam va\u0161o fotografijo. Originalni na\u010din izdelave steklenega mozaika nam omogo\u010da, da to fotografijo prenesemo in vtisnemo v steklo. Lepota, ki traja! Ta mozaik plo\u0161\u010dica prihaja iz \u0160panije, ki je znana po kvalitetni keramiki. Na spletu boste za ta mozaik od\u0161teli le 450 EUR, medtem ko v redni prodaji cena zna\u0161a 562,5 EUR. [&hellip;]<\/p>\n","protected":false},"featured_media":101603,"template":"","meta":[],"product_cat":[999405,999,410,300],"product_tag":[],"_links":{"self":[{"href":"https:\/\/www.keramika.com\/slovenija\/wp-json\/wp\/v2\/product\/101602"}],"collection":[{"href":"https:\/\/www.keramika.com\/slovenija\/wp-json\/wp\/v2\/product"}],"about":[{"href":"https:\/\/www.keramika.com\/slovenija\/wp-json\/wp\/v2\/types\/product"}],"wp:featuredmedia":[{"embeddable":true,"href":"https:\/\/www.keramika.com\/slovenija\/wp-json\/wp\/v2\/media\/101603"}],"wp:attachment":[{"href":"https:\/\/www.keramika.com\/slovenija\/wp-json\/wp\/v2\/media?parent=101602"}],"wp:term":[{"taxonomy":"product_cat","embeddable":true,"href":"https:\/\/www.keramika.com\/slovenija\/wp-json\/wp\/v2\/product_cat?post=101602"},{"taxonomy":"product_tag","embeddable":true,"href":"https:\/\/www.keramika.com\/slovenija\/wp-json\/wp\/v2\/product_tag?post=101602"}],"curies":[{"name":"wp","href":"https:\/\/api.w.org\/{rel}","templated":true}]}}